{"id":12153,"date":"2025-02-13T16:51:34","date_gmt":"2025-02-13T15:51:34","guid":{"rendered":"https:\/\/thefactoryconceptstore.com\/?post_type=product&#038;p=12153"},"modified":"2025-12-01T17:51:35","modified_gmt":"2025-12-01T16:51:35","slug":"keith-haring-x-medicom-toy-berbrick-keith-haring-v11-1000-bearbrick-2023","status":"publish","type":"product","link":"https:\/\/thefactoryconceptstore.com\/fr\/products\/keith-haring-x-medicom-toy-berbrick-keith-haring-v11-1000-bearbrick-2023\/","title":{"rendered":"Keith Haring X Medicom Toy - Be@rbrick Keith Haring V11 1000% Bearbrick 2023"},"content":{"rendered":"<p>Keith Haring X Medicom Toy - Bearbrick Keith Haring V11 1000% Bearbrick 2023<\/p>\n<p>Voici la derni\u00e8re \u00e9dition de Keith Haring, sp\u00e9cialement con\u00e7ue par Medicom.<\/p>\n<p>Keith Haring est \u00e0 l'origine de la sous-culture du graffiti \u00e0 New York dans les ann\u00e9es 1980.<br \/>\nSes images anim\u00e9es sont \"devenues un langage visuel largement reconnu\". Une grande partie de son travail comprend des allusions sexuelles qui se sont transform\u00e9es en activisme social en utilisant les images pour plaider en faveur de la sexualit\u00e9 sans risque et de la sensibilisation au SIDA.<\/p>\n<p>Les jouets Medicom utilisent la technologie de transfert d'eau pour garantir un placement unique de l'impression sur chaque brique. Cela signifie que chaque Bearbrick sera sp\u00e9cial et unique.<\/p>","protected":false},"excerpt":{"rendered":"<p>Keith Haring X Medicom Toy &#8211; Bearbrick Keith Haring V11 1000% Bearbrick 2023 This is the latest of Keith Haring edition , special Made from Medicom Keith Haring coming the NYC graffiti subculture of the 1980s. His animated imagery has &#8220;become a widely recognized visual language&#8221;.Much of his work includes sexual allusions that turned into &hellip;<\/p>\n<p class=\"read-more\"> <a class=\"\" href=\"https:\/\/thefactoryconceptstore.com\/fr\/products\/keith-haring-x-medicom-toy-berbrick-keith-haring-v11-1000-bearbrick-2023\/\"> <span class=\"screen-reader-text\">Keith Haring X Medicom Toy - Be@rbrick Keith Haring V11 1000% Bearbrick 2023<\/span> Lire la suite \"<\/a><\/p>","protected":false},"featured_media":12154,"template":"","meta":{"site-sidebar-layout":"default","site-content-layout":"default","ast-global-header-display":"","ast-banner-title-visibility":"","ast-main-header-display":"","ast-hfb-above-header-display":"","ast-hfb-below-header-display":"","ast-hfb-mobile-header-display":"","site-post-title":"","ast-breadcrumbs-content":"","ast-featured-img":"","footer-sml-layout":"","theme-transparent-header-meta":"default","adv-header-id-meta":"","stick-header-meta":"","header-above-stick-meta":"","header-main-stick-meta":"","header-below-stick-meta":""},"product_brand":[],"product_cat":[33],"product_tag":[],"class_list":{"0":"post-12153","1":"product","2":"type-product","3":"status-publish","4":"has-post-thumbnail","6":"product_cat-bearbrick","7":"desktop-align-left","8":"tablet-align-left","9":"mobile-align-left","11":"first","12":"outofstock","13":"shipping-taxable","14":"purchasable","15":"product-type-simple"},"_links":{"self":[{"href":"https:\/\/thefactoryconceptstore.com\/fr\/wp-json\/wp\/v2\/product\/12153","targetHints":{"allow":["GET"]}}],"collection":[{"href":"https:\/\/thefactoryconceptstore.com\/fr\/wp-json\/wp\/v2\/product"}],"about":[{"href":"https:\/\/thefactoryconceptstore.com\/fr\/wp-json\/wp\/v2\/types\/product"}],"version-history":[{"count":1,"href":"https:\/\/thefactoryconceptstore.com\/fr\/wp-json\/wp\/v2\/product\/12153\/revisions"}],"predecessor-version":[{"id":12160,"href":"https:\/\/thefactoryconceptstore.com\/fr\/wp-json\/wp\/v2\/product\/12153\/revisions\/12160"}],"wp:featuredmedia":[{"embeddable":true,"href":"https:\/\/thefactoryconceptstore.com\/fr\/wp-json\/wp\/v2\/media\/12154"}],"wp:attachment":[{"href":"https:\/\/thefactoryconceptstore.com\/fr\/wp-json\/wp\/v2\/media?parent=12153"}],"wp:term":[{"taxonomy":"product_brand","embeddable":true,"href":"https:\/\/thefactoryconceptstore.com\/fr\/wp-json\/wp\/v2\/product_brand?post=12153"},{"taxonomy":"product_cat","embeddable":true,"href":"https:\/\/thefactoryconceptstore.com\/fr\/wp-json\/wp\/v2\/product_cat?post=12153"},{"taxonomy":"product_tag","embeddable":true,"href":"https:\/\/thefactoryconceptstore.com\/fr\/wp-json\/wp\/v2\/product_tag?post=12153"}],"curies":[{"name":"wp","href":"https:\/\/api.w.org\/{rel}","templated":true}]}}