{"id":12146,"date":"2025-02-11T20:44:15","date_gmt":"2025-02-11T19:44:15","guid":{"rendered":"https:\/\/thefactoryconceptstore.com\/?post_type=product&#038;p=12146"},"modified":"2025-02-11T20:44:15","modified_gmt":"2025-02-11T19:44:15","slug":"medicom-toy-x-vincent-van-gogh-berbrick-the-bedroom-400-100-bearbrick-2024","status":"publish","type":"product","link":"https:\/\/thefactoryconceptstore.com\/fr\/products\/medicom-toy-x-vincent-van-gogh-berbrick-the-bedroom-400-100-bearbrick-2024\/","title":{"rendered":"Medicom Toy x Vincent Van Gogh - Be@rbrick The Bedroom 400% 100% Bearbrick 2024"},"content":{"rendered":"<p>Be@rbrick The Bedroom 400% 100% Bearbrick 2024<\/p>\n<p>Pendant son s\u00e9jour \u00e0 Arles, Van Gogh a r\u00e9alis\u00e9 cette peinture de sa chambre \u00e0 coucher dans la Maison Jaune. Il a pr\u00e9par\u00e9 la pi\u00e8ce lui-m\u00eame avec des meubles simples et ses propres \u0153uvres au mur. Les couleurs vives \u00e9taient cens\u00e9es exprimer le \"repos\" ou le \"sommeil\" absolu. Les recherches montrent que les couleurs fortement contrast\u00e9es que l'on observe aujourd'hui dans l'\u0153uvre sont le r\u00e9sultat d'une d\u00e9coloration au fil des ans.<\/p>\n<p>Les murs et les portes, par exemple, \u00e9taient \u00e0 l'origine violets et non bleus. L'angle apparemment bizarre du mur arri\u00e8re n'est pas une erreur de Van Gogh : l'angle \u00e9tait vraiment de travers. Les r\u00e8gles de la perspective ne semblent pas avoir \u00e9t\u00e9 appliqu\u00e9es avec pr\u00e9cision dans l'ensemble du tableau, mais il s'agit d'un choix d\u00e9lib\u00e9r\u00e9. Vincent a expliqu\u00e9 \u00e0 Th\u00e9o dans une lettre qu'il avait d\u00e9lib\u00e9r\u00e9ment \"aplati\" l'int\u00e9rieur et laiss\u00e9 les ombres de c\u00f4t\u00e9 pour que son tableau ressemble \u00e0 une estampe japonaise. Van Gogh \u00e9tait tr\u00e8s satisfait du tableau : \"Quand j'ai revu mes toiles apr\u00e8s ma maladie, ce qui m'a sembl\u00e9 le mieux, c'est la chambre \u00e0 coucher\".<\/p>\n<p>Medicom Toy utilise la technologie du transfert d'eau pour garantir un placement unique de l'impression sur chaque Be@rbrick. Cela signifie que chaque Be@rbrick sera sp\u00e9ciale et unique.<\/p>","protected":false},"excerpt":{"rendered":"<p>Be@rbrick The Bedroom 400% 100% Bearbrick 2024 While he was in Arles, Van Gogh made this painting of his bedroom in the Yellow House. He prepared the room himself with simple furniture and with his own work on the wall. The bright colours were meant to express absolute \u2018repose\u2019 or \u2018sleep\u2019. Research shows that the &hellip;<\/p>\n<p class=\"read-more\"> <a class=\"\" href=\"https:\/\/thefactoryconceptstore.com\/fr\/products\/medicom-toy-x-vincent-van-gogh-berbrick-the-bedroom-400-100-bearbrick-2024\/\"> <span class=\"screen-reader-text\">Medicom Toy x Vincent Van Gogh - Be@rbrick The Bedroom 400% 100% Bearbrick 2024<\/span> Lire la suite \"<\/a><\/p>","protected":false},"featured_media":12149,"template":"","meta":{"site-sidebar-layout":"default","site-content-layout":"default","ast-global-header-display":"","ast-banner-title-visibility":"","ast-main-header-display":"","ast-hfb-above-header-display":"","ast-hfb-below-header-display":"","ast-hfb-mobile-header-display":"","site-post-title":"","ast-breadcrumbs-content":"","ast-featured-img":"","footer-sml-layout":"","theme-transparent-header-meta":"default","adv-header-id-meta":"","stick-header-meta":"","header-above-stick-meta":"","header-main-stick-meta":"","header-below-stick-meta":""},"product_brand":[],"product_cat":[33],"product_tag":[],"class_list":{"0":"post-12146","1":"product","2":"type-product","3":"status-publish","4":"has-post-thumbnail","6":"product_cat-bearbrick","7":"desktop-align-left","8":"tablet-align-left","9":"mobile-align-left","11":"first","12":"instock","13":"shipping-taxable","14":"purchasable","15":"product-type-simple"},"_links":{"self":[{"href":"https:\/\/thefactoryconceptstore.com\/fr\/wp-json\/wp\/v2\/product\/12146","targetHints":{"allow":["GET"]}}],"collection":[{"href":"https:\/\/thefactoryconceptstore.com\/fr\/wp-json\/wp\/v2\/product"}],"about":[{"href":"https:\/\/thefactoryconceptstore.com\/fr\/wp-json\/wp\/v2\/types\/product"}],"version-history":[{"count":1,"href":"https:\/\/thefactoryconceptstore.com\/fr\/wp-json\/wp\/v2\/product\/12146\/revisions"}],"predecessor-version":[{"id":12152,"href":"https:\/\/thefactoryconceptstore.com\/fr\/wp-json\/wp\/v2\/product\/12146\/revisions\/12152"}],"wp:featuredmedia":[{"embeddable":true,"href":"https:\/\/thefactoryconceptstore.com\/fr\/wp-json\/wp\/v2\/media\/12149"}],"wp:attachment":[{"href":"https:\/\/thefactoryconceptstore.com\/fr\/wp-json\/wp\/v2\/media?parent=12146"}],"wp:term":[{"taxonomy":"product_brand","embeddable":true,"href":"https:\/\/thefactoryconceptstore.com\/fr\/wp-json\/wp\/v2\/product_brand?post=12146"},{"taxonomy":"product_cat","embeddable":true,"href":"https:\/\/thefactoryconceptstore.com\/fr\/wp-json\/wp\/v2\/product_cat?post=12146"},{"taxonomy":"product_tag","embeddable":true,"href":"https:\/\/thefactoryconceptstore.com\/fr\/wp-json\/wp\/v2\/product_tag?post=12146"}],"curies":[{"name":"wp","href":"https:\/\/api.w.org\/{rel}","templated":true}]}}