{"id":12124,"date":"2025-02-08T12:27:32","date_gmt":"2025-02-08T11:27:32","guid":{"rendered":"https:\/\/thefactoryconceptstore.com\/?post_type=product&#038;p=12124"},"modified":"2026-02-12T19:15:30","modified_gmt":"2026-02-12T18:15:30","slug":"berbrick-apollo-17-astraunaut-400-100-bearbrick-2024","status":"publish","type":"product","link":"https:\/\/thefactoryconceptstore.com\/fr\/products\/berbrick-apollo-17-astraunaut-400-100-bearbrick-2024\/","title":{"rendered":"Be@rbrick Apollo 17 Astraunaut 400% &amp; 100% Bearbrick 2024"},"content":{"rendered":"<p>Be@rbrick Apollo 17 Astraunaut 400% &amp; 100% Bearbrick 2024<\/p>\n<p><b>Apollo 17 <\/b>(7-19 d\u00e9cembre 1972) est la onzi\u00e8me et derni\u00e8re mission de l'\u00e9quipe de la\u00a0<a title=\"NASA\" href=\"https:\/\/en.wikipedia.org\/wiki\/NASA\" target=\"_blank\" rel=\"noopener\">NASA<\/a>'s\u00a0<a title=\"Programme Apollo\" href=\"https:\/\/en.wikipedia.org\/wiki\/Apollo_program\" target=\"_blank\" rel=\"noopener\">Programme Apollo<\/a>La sixi\u00e8me et derni\u00e8re fois que l'homme a pos\u00e9 le pied sur la terre ferme.\u00a0<a title=\"Lune\" href=\"https:\/\/en.wikipedia.org\/wiki\/Moon\" target=\"_blank\" rel=\"noopener\">Lune<\/a>. Commandant\u00a0<a title=\"Gene Cernan\" href=\"https:\/\/en.wikipedia.org\/wiki\/Gene_Cernan\" target=\"_blank\" rel=\"noopener\">Gene Cernan<\/a>\u00a0et pilote du module lunaire\u00a0<a title=\"Harrison Schmitt\" href=\"https:\/\/en.wikipedia.org\/wiki\/Harrison_Schmitt\" target=\"_blank\" rel=\"noopener\">Harrison Schmitt<\/a>\u00a0a march\u00e9 sur la Lune, tandis que le pilote du module de commande\u00a0<a title=\"Ronald Evans (astronaute)\" href=\"https:\/\/en.wikipedia.org\/wiki\/Ronald_Evans_(astronaut)\" target=\"_blank\" rel=\"noopener\">Ronald Evans<\/a>\u00a0en orbite au-dessus. Schmitt est le seul g\u00e9ologue professionnel \u00e0 s'\u00eatre pos\u00e9 sur la Lune.\u00a0<a title=\"Joe Engle\" href=\"https:\/\/en.wikipedia.org\/wiki\/Joe_Engle\" target=\"_blank\" rel=\"noopener\">Joe Engle<\/a>La NASA ayant \u00e9t\u00e9 press\u00e9e d'envoyer un scientifique sur la Lune, la mission s'est d\u00e9roul\u00e9e en deux temps. L'accent mis par la mission sur la science s'est traduit par l'inclusion d'un certain nombre de nouvelles exp\u00e9riences, y compris une exp\u00e9rience d'observation de la Lune.\u00a0<a title=\"Fe, Fi, Fo, Fum, et Phooey\" href=\"https:\/\/en.wikipedia.org\/wiki\/Fe,_Fi,_Fo,_Fum,_and_Phooey\" target=\"_blank\" rel=\"noopener\">exp\u00e9rience biologique portant sur cinq souris<\/a>\u00a0qui se trouvait dans le module de commande.<\/p>\n<p>Les planificateurs de la mission avaient deux objectifs principaux lorsqu'ils ont choisi le site d'atterrissage : pr\u00e9lever des \u00e9chantillons et les analyser.\u00a0<a class=\"mw-redirect\" title=\"Hauts plateaux lunaires\" href=\"https:\/\/en.wikipedia.org\/wiki\/Lunar_highlands\" target=\"_blank\" rel=\"noopener\">haut plateau lunaire<\/a>\u00a0mat\u00e9riel plus ancien que celui qui se trouve \u00e0\u00a0<a title=\"Mare Imbrium\" href=\"https:\/\/en.wikipedia.org\/wiki\/Mare_Imbrium\" target=\"_blank\" rel=\"noopener\">Mare Imbrium<\/a>\u00a0et d'\u00e9tudier la possibilit\u00e9 de l'existence d'une\u00a0<a title=\"Volcan\" href=\"https:\/\/en.wikipedia.org\/wiki\/Volcano\" target=\"_blank\" rel=\"noopener\">l'activit\u00e9 volcanique<\/a>. Ils ont donc s\u00e9lectionn\u00e9\u00a0<a title=\"Taureau-Littrow\" href=\"https:\/\/en.wikipedia.org\/wiki\/Taurus%E2%80%93Littrow\" target=\"_blank\" rel=\"noopener\">Taureau-Littrow<\/a>Les trois membres de l'\u00e9quipage ayant soutenu les missions lunaires pr\u00e9c\u00e9dentes d'Apollo, ils connaissaient bien le vaisseau spatial Apollo et avaient plus de temps pour s'entra\u00eener \u00e0 la g\u00e9ologie. Comme les trois membres de l'\u00e9quipage avaient d\u00e9j\u00e0 particip\u00e9 \u00e0 des missions lunaires Apollo, ils connaissaient bien le vaisseau spatial Apollo et avaient plus de temps \u00e0 consacrer \u00e0 la formation en g\u00e9ologie.<\/p>\n<p>Lanc\u00e9e le 7 d\u00e9cembre 1972 \u00e0 0h33, heure normale de l'Est (EST), apr\u00e8s le seul retard de la rampe de lancement du programme Apollo, d\u00fb \u00e0 un probl\u00e8me mat\u00e9riel, la mission Apollo 17 a \u00e9t\u00e9 un v\u00e9ritable succ\u00e8s.\u00a0<a title=\"Liste des missions Apollo\" href=\"https:\/\/en.wikipedia.org\/wiki\/List_of_Apollo_missions#Alphabetical_mission_types\" target=\"_blank\" rel=\"noopener\">\"Mission de type J<\/a>\u00a0qui comprenait trois jours sur la surface lunaire, une capacit\u00e9 scientifique \u00e9largie et l'utilisation du troisi\u00e8me\u00a0<a title=\"V\u00e9hicule itin\u00e9rant lunaire\" href=\"https:\/\/en.wikipedia.org\/wiki\/Lunar_Roving_Vehicle\" target=\"_blank\" rel=\"noopener\">V\u00e9hicule itin\u00e9rant lunaire<\/a>\u00a0(LRV). Cernan et Schmitt se sont pos\u00e9s dans la vall\u00e9e du Taurus-Littrow, ont effectu\u00e9 trois missions d'observation de la Terre.\u00a0<a title=\"Activit\u00e9 extrav\u00e9hiculaire\" href=\"https:\/\/en.wikipedia.org\/wiki\/Extravehicular_activity\" target=\"_blank\" rel=\"noopener\">marche sur la lune<\/a>, a pris\u00a0<a title=\"Roche lunaire\" href=\"https:\/\/en.wikipedia.org\/wiki\/Moon_rock\" target=\"_blank\" rel=\"noopener\">\u00e9chantillons lunaires<\/a>\u00a0et d\u00e9ploy\u00e9\u00a0<a title=\"Paquet d&#039;exp\u00e9riences sur la surface lunaire d&#039;Apollo\" href=\"https:\/\/en.wikipedia.org\/wiki\/Apollo_Lunar_Surface_Experiments_Package\" target=\"_blank\" rel=\"noopener\">instruments scientifiques<\/a>. La terre orange a \u00e9t\u00e9 d\u00e9couverte \u00e0\u00a0<a class=\"mw-redirect\" title=\"Crat\u00e8re court\" href=\"https:\/\/en.wikipedia.org\/wiki\/Shorty_crater\" target=\"_blank\" rel=\"noopener\">Crat\u00e8re court<\/a>Il s'est av\u00e9r\u00e9 qu'il \u00e9tait d'origine volcanique, bien que datant d'une p\u00e9riode pr\u00e9coce de l'histoire de la Lune. Evans est rest\u00e9 \u00e0\u00a0<a title=\"Orbite lunaire\" href=\"https:\/\/en.wikipedia.org\/wiki\/Lunar_orbit\" target=\"_blank\" rel=\"noopener\">orbite lunaire<\/a>\u00a0dans le\u00a0<a title=\"Module de commande et de service Apollo\" href=\"https:\/\/en.wikipedia.org\/wiki\/Apollo_command_and_service_module\" target=\"_blank\" rel=\"noopener\">module de commande et de service<\/a> (CSM), prenant des mesures scientifiques et des photographies. La sonde est revenue sur Terre le 19 d\u00e9cembre.<\/p>\n<p>Les jouets Medicom utilisent la technologie de transfert d'eau pour garantir un placement unique de l'impression sur chaque brique. Cela signifie que chaque brique Banksy sera sp\u00e9ciale et unique.<\/p>\n<p>&nbsp;<\/p>","protected":false},"excerpt":{"rendered":"<p>Be@rbrick Apollo 17 Astraunaut 400% &amp; 100% Bearbrick 2024 Apollo 17 (December 7\u201319, 1972) was the eleventh and final mission of\u00a0NASA&#8216;s\u00a0Apollo program, the sixth and most recent time humans have set foot on the\u00a0Moon. Commander\u00a0Gene Cernan\u00a0and Lunar Module Pilot\u00a0Harrison Schmitt\u00a0walked on the Moon, while Command Module Pilot\u00a0Ronald Evans\u00a0orbited above. Schmitt was the only professional geologist &hellip;<\/p>\n<p class=\"read-more\"> <a class=\"\" href=\"https:\/\/thefactoryconceptstore.com\/fr\/products\/berbrick-apollo-17-astraunaut-400-100-bearbrick-2024\/\"> <span class=\"screen-reader-text\">Be@rbrick Apollo 17 Astraunaut 400% &amp; 100% Bearbrick 2024<\/span> Lire la suite \"<\/a><\/p>","protected":false},"featured_media":12134,"template":"","meta":{"site-sidebar-layout":"default","site-content-layout":"default","ast-global-header-display":"","ast-banner-title-visibility":"","ast-main-header-display":"","ast-hfb-above-header-display":"","ast-hfb-below-header-display":"","ast-hfb-mobile-header-display":"","site-post-title":"","ast-breadcrumbs-content":"","ast-featured-img":"","footer-sml-layout":"","theme-transparent-header-meta":"default","adv-header-id-meta":"","stick-header-meta":"","header-above-stick-meta":"","header-main-stick-meta":"","header-below-stick-meta":""},"product_brand":[],"product_cat":[33],"product_tag":[],"class_list":{"0":"post-12124","1":"product","2":"type-product","3":"status-publish","4":"has-post-thumbnail","6":"product_cat-bearbrick","7":"desktop-align-left","8":"tablet-align-left","9":"mobile-align-left","11":"first","12":"outofstock","13":"shipping-taxable","14":"purchasable","15":"product-type-simple"},"_links":{"self":[{"href":"https:\/\/thefactoryconceptstore.com\/fr\/wp-json\/wp\/v2\/product\/12124","targetHints":{"allow":["GET"]}}],"collection":[{"href":"https:\/\/thefactoryconceptstore.com\/fr\/wp-json\/wp\/v2\/product"}],"about":[{"href":"https:\/\/thefactoryconceptstore.com\/fr\/wp-json\/wp\/v2\/types\/product"}],"version-history":[{"count":4,"href":"https:\/\/thefactoryconceptstore.com\/fr\/wp-json\/wp\/v2\/product\/12124\/revisions"}],"predecessor-version":[{"id":12145,"href":"https:\/\/thefactoryconceptstore.com\/fr\/wp-json\/wp\/v2\/product\/12124\/revisions\/12145"}],"wp:featuredmedia":[{"embeddable":true,"href":"https:\/\/thefactoryconceptstore.com\/fr\/wp-json\/wp\/v2\/media\/12134"}],"wp:attachment":[{"href":"https:\/\/thefactoryconceptstore.com\/fr\/wp-json\/wp\/v2\/media?parent=12124"}],"wp:term":[{"taxonomy":"product_brand","embeddable":true,"href":"https:\/\/thefactoryconceptstore.com\/fr\/wp-json\/wp\/v2\/product_brand?post=12124"},{"taxonomy":"product_cat","embeddable":true,"href":"https:\/\/thefactoryconceptstore.com\/fr\/wp-json\/wp\/v2\/product_cat?post=12124"},{"taxonomy":"product_tag","embeddable":true,"href":"https:\/\/thefactoryconceptstore.com\/fr\/wp-json\/wp\/v2\/product_tag?post=12124"}],"curies":[{"name":"wp","href":"https:\/\/api.w.org\/{rel}","templated":true}]}}