{"id":12107,"date":"2025-02-08T12:07:36","date_gmt":"2025-02-08T11:07:36","guid":{"rendered":"https:\/\/thefactoryconceptstore.com\/?post_type=product&#038;p=12107"},"modified":"2025-02-08T12:29:12","modified_gmt":"2025-02-08T11:29:12","slug":"berbrick-007-james-bond-thunderball-400-100-bearbrick-2024","status":"publish","type":"product","link":"https:\/\/thefactoryconceptstore.com\/fr\/products\/berbrick-007-james-bond-thunderball-400-100-bearbrick-2024\/","title":{"rendered":"Be@rbrick 007 James Bond Thunderball 400% 100% Bearbrick 2024"},"content":{"rendered":"<p>Be@rbrick 007 James Bond Thunderball 400% 100% Bearbrick 2024<\/p>\n<p><i><b>Thunderball<\/b><\/i>\u00a0est de 1965\u00a0<a title=\"Film d&#039;espionnage\" href=\"https:\/\/en.wikipedia.org\/wiki\/Spy_film\" target=\"_blank\" rel=\"noopener\">film d'espionnage<\/a>\u00a0et le quatri\u00e8me dans la\u00a0<a title=\"Liste des films de James Bond\" href=\"https:\/\/en.wikipedia.org\/wiki\/List_of_James_Bond_films\" target=\"_blank\" rel=\"noopener\"><i>James Bond<\/i>\u00a0s\u00e9rie<\/a>\u00a0produit par\u00a0<a title=\"Eon Productions\" href=\"https:\/\/en.wikipedia.org\/wiki\/Eon_Productions\" target=\"_blank\" rel=\"noopener\">Eon Productions<\/a>, en vedette\u00a0<a title=\"Sean Connery\" href=\"https:\/\/en.wikipedia.org\/wiki\/Sean_Connery\" target=\"_blank\" rel=\"noopener\">Sean Connery<\/a>\u00a0comme le personnage fictif\u00a0<a class=\"mw-redirect\" title=\"Service de renseignement secret\" href=\"https:\/\/en.wikipedia.org\/wiki\/Secret_Intelligence_Service\" target=\"_blank\" rel=\"noopener\">MI6<\/a>\u00a0agent\u00a0<a class=\"mw-redirect\" title=\"Filmographie de James Bond\" href=\"https:\/\/en.wikipedia.org\/wiki\/James_Bond_filmography\" target=\"_blank\" rel=\"noopener\">James Bond<\/a>. Il s'agit d'une adaptation du roman de 1961\u00a0<a title=\"Thunderball (roman)\" href=\"https:\/\/en.wikipedia.org\/wiki\/Thunderball_(novel)\" target=\"_blank\" rel=\"noopener\">du m\u00eame nom<\/a>\u00a0par\u00a0<a title=\"Ian Fleming\" href=\"https:\/\/en.wikipedia.org\/wiki\/Ian_Fleming\" target=\"_blank\" rel=\"noopener\">Ian Fleming<\/a>qui s'appuie \u00e0 son tour sur un sc\u00e9nario original de\u00a0<a title=\"Jack Whittingham\" href=\"https:\/\/en.wikipedia.org\/wiki\/Jack_Whittingham\" target=\"_blank\" rel=\"noopener\">Jack Whittingham<\/a>\u00a0\u00e0 partir d'une histoire con\u00e7ue par\u00a0<a title=\"Kevin McClory\" href=\"https:\/\/en.wikipedia.org\/wiki\/Kevin_McClory\" target=\"_blank\" rel=\"noopener\">Kevin McClory<\/a>Whittingham et Fleming. C'est le troisi\u00e8me et dernier film de Bond \u00e0 \u00eatre r\u00e9alis\u00e9 par\u00a0<a title=\"Terence Young (r\u00e9alisateur)\" href=\"https:\/\/en.wikipedia.org\/wiki\/Terence_Young_(director)\" target=\"_blank\" rel=\"noopener\">Terence Young<\/a>, dont le sc\u00e9nario est sign\u00e9 par\u00a0<a title=\"Richard Maibaum\" href=\"https:\/\/en.wikipedia.org\/wiki\/Richard_Maibaum\" target=\"_blank\" rel=\"noopener\">Richard Maibaum<\/a>\u00a0et\u00a0<a title=\"John Hopkins (sc\u00e9nariste)\" href=\"https:\/\/en.wikipedia.org\/wiki\/John_Hopkins_(screenwriter)\" target=\"_blank\" rel=\"noopener\">John Hopkins<\/a>.<\/p>\n<p>Le film suit la mission de Bond, qui doit retrouver deux\u00a0<a title=\"L&#039;OTAN\" href=\"https:\/\/en.wikipedia.org\/wiki\/NATO\" target=\"_blank\" rel=\"noopener\">L'OTAN<\/a>\u00a0bombes atomiques vol\u00e9es par\u00a0<a title=\"SPECTRE\" href=\"https:\/\/en.wikipedia.org\/wiki\/SPECTRE\" target=\"_blank\" rel=\"noopener\">SPECTRE<\/a>qui ran\u00e7onne le monde \u00e0 hauteur de 100 millions de livres sterling en diamants sous la menace de d\u00e9truire une m\u00e9tropole non sp\u00e9cifi\u00e9e du Royaume-Uni ou des \u00c9tats-Unis (dont on apprendra plus tard qu'il s'agit du\u00a0<a title=\"Miami\" href=\"https:\/\/en.wikipedia.org\/wiki\/Miami\" target=\"_blank\" rel=\"noopener\">Miami<\/a>). La recherche conduit Bond \u00e0 la\u00a0<a class=\"mw-redirect\" title=\"Bahamas\" href=\"https:\/\/en.wikipedia.org\/wiki\/Bahamas\" target=\"_blank\" rel=\"noopener\">Bahamas<\/a>o\u00f9 il rencontre\u00a0<a title=\"Emilio Largo\" href=\"https:\/\/en.wikipedia.org\/wiki\/Emilio_Largo\" target=\"_blank\" rel=\"noopener\">Emilio Largo<\/a>Le jeu de cartes,\u00a0<a title=\"Oculaire\" href=\"https:\/\/en.wikipedia.org\/wiki\/Eyepatch\" target=\"_blank\" rel=\"noopener\">cache-\u0153il<\/a>-portant le num\u00e9ro deux de SPECTRE. Soutenu par\u00a0<a title=\"Agence centrale de renseignement\" href=\"https:\/\/en.wikipedia.org\/wiki\/Central_Intelligence_Agency\" target=\"_blank\" rel=\"noopener\">CIA<\/a>\u00a0agent\u00a0<a title=\"Felix Leiter\" href=\"https:\/\/en.wikipedia.org\/wiki\/Felix_Leiter\" target=\"_blank\" rel=\"noopener\">Felix Leiter<\/a>\u00a0et la ma\u00eetresse de Largo,\u00a0<a title=\"Domino Vitali\" href=\"https:\/\/en.wikipedia.org\/wiki\/Domino_Vitali\" target=\"_blank\" rel=\"noopener\">Domino Derval<\/a>La recherche de Bond culmine dans une bataille sous-marine avec les hommes de main de Largo. La production complexe du film comprenait quatre \u00e9quipes de tournage diff\u00e9rentes.\u00a0<a title=\"Deuxi\u00e8me unit\u00e9\" href=\"https:\/\/en.wikipedia.org\/wiki\/Second_unit\" target=\"_blank\" rel=\"noopener\">unit\u00e9s<\/a>Les sc\u00e8nes sous-marines repr\u00e9sentent environ un quart du film.<sup id=\"cite_ref-making_of_5-0\" class=\"reference\"><\/sup><i>Thunderball<\/i>\u00a0est le premier film de Bond tourn\u00e9 en\u00a0<a title=\"\u00c9cran large\" href=\"https:\/\/en.wikipedia.org\/wiki\/Widescreen\" target=\"_blank\" rel=\"noopener\">\u00e9cran large<\/a>\u00a0<a title=\"Panavision\" href=\"https:\/\/en.wikipedia.org\/wiki\/Panavision\" target=\"_blank\" rel=\"noopener\">Panavision<\/a>\u00a0et le premier \u00e0 durer plus de deux heures.<\/p>\n<p>Medicom Toy utilise la technologie du transfert d'eau pour garantir un placement unique de l'impression sur chaque Be@rbrick. Cela signifie que chaque Be@rbrick sera sp\u00e9ciale et unique.<\/p>","protected":false},"excerpt":{"rendered":"<p>Be@rbrick 007 James Bond Thunderball 400% 100% Bearbrick 2024 Thunderball est un film d'espionnage de 1965, le quatri\u00e8me de la s\u00e9rie James Bond produit par Eon Productions, mettant en sc\u00e8ne Sean Connery dans le r\u00f4le de l'agent fictif du MI6 James Bond. Il s'agit d'une adaptation du roman \u00e9ponyme de Ian Fleming paru en 1961, lui-m\u00eame bas\u00e9 sur un sc\u00e9nario original de Jack Whittingham con\u00e7u \u00e0 partir d'une histoire imagin\u00e9e par Kevin McClory, Whittingham, ...<\/p>\n<p class=\"read-more\"> <a class=\"\" href=\"https:\/\/thefactoryconceptstore.com\/fr\/products\/berbrick-007-james-bond-thunderball-400-100-bearbrick-2024\/\"> <span class=\"screen-reader-text\">Be@rbrick 007 James Bond Thunderball 400% 100% Bearbrick 2024<\/span> Lire la suite \"<\/a><\/p>","protected":false},"featured_media":12113,"template":"","meta":{"site-sidebar-layout":"default","site-content-layout":"default","ast-global-header-display":"","ast-banner-title-visibility":"","ast-main-header-display":"","ast-hfb-above-header-display":"","ast-hfb-below-header-display":"","ast-hfb-mobile-header-display":"","site-post-title":"","ast-breadcrumbs-content":"","ast-featured-img":"","footer-sml-layout":"","theme-transparent-header-meta":"default","adv-header-id-meta":"","stick-header-meta":"","header-above-stick-meta":"","header-main-stick-meta":"","header-below-stick-meta":""},"product_brand":[],"product_cat":[33],"product_tag":[],"class_list":{"0":"post-12107","1":"product","2":"type-product","3":"status-publish","4":"has-post-thumbnail","6":"product_cat-bearbrick","7":"desktop-align-left","8":"tablet-align-left","9":"mobile-align-left","11":"first","12":"instock","13":"shipping-taxable","14":"purchasable","15":"product-type-simple"},"_links":{"self":[{"href":"https:\/\/thefactoryconceptstore.com\/fr\/wp-json\/wp\/v2\/product\/12107","targetHints":{"allow":["GET"]}}],"collection":[{"href":"https:\/\/thefactoryconceptstore.com\/fr\/wp-json\/wp\/v2\/product"}],"about":[{"href":"https:\/\/thefactoryconceptstore.com\/fr\/wp-json\/wp\/v2\/types\/product"}],"version-history":[{"count":1,"href":"https:\/\/thefactoryconceptstore.com\/fr\/wp-json\/wp\/v2\/product\/12107\/revisions"}],"predecessor-version":[{"id":12123,"href":"https:\/\/thefactoryconceptstore.com\/fr\/wp-json\/wp\/v2\/product\/12107\/revisions\/12123"}],"wp:featuredmedia":[{"embeddable":true,"href":"https:\/\/thefactoryconceptstore.com\/fr\/wp-json\/wp\/v2\/media\/12113"}],"wp:attachment":[{"href":"https:\/\/thefactoryconceptstore.com\/fr\/wp-json\/wp\/v2\/media?parent=12107"}],"wp:term":[{"taxonomy":"product_brand","embeddable":true,"href":"https:\/\/thefactoryconceptstore.com\/fr\/wp-json\/wp\/v2\/product_brand?post=12107"},{"taxonomy":"product_cat","embeddable":true,"href":"https:\/\/thefactoryconceptstore.com\/fr\/wp-json\/wp\/v2\/product_cat?post=12107"},{"taxonomy":"product_tag","embeddable":true,"href":"https:\/\/thefactoryconceptstore.com\/fr\/wp-json\/wp\/v2\/product_tag?post=12107"}],"curies":[{"name":"wp","href":"https:\/\/api.w.org\/{rel}","templated":true}]}}