{"id":12056,"date":"2025-01-21T17:20:38","date_gmt":"2025-01-21T16:20:38","guid":{"rendered":"https:\/\/thefactoryconceptstore.com\/?post_type=product&#038;p=12056"},"modified":"2025-01-21T17:20:39","modified_gmt":"2025-01-21T16:20:39","slug":"berbrick-squid-game-young-hee-400-bearbrick-2024","status":"publish","type":"product","link":"https:\/\/thefactoryconceptstore.com\/fr\/products\/berbrick-squid-game-young-hee-400-bearbrick-2024\/","title":{"rendered":"Be@rbrick Squid game Young Hee 400% Bearbrick 2024"},"content":{"rendered":"<p>Be@rbrick Squid game Young Hee 400% Bearbrick 2024<\/p>\n<p>Rencontrez la terrifiante Young-Hee, une version 400% Bearbrick !<\/p>\n<p>Inspir\u00e9e de la c\u00e9l\u00e8bre poup\u00e9e Squid Game, elle est pr\u00eate \u00e0 veiller sur votre collection et ne vous quittera plus des yeux !<\/p>\n<p>Osez l'accueillir chez vous... \u00e0 condition de ne pas bouger !<\/p>\n<p>Entrez dans le monde palpitant de Squid Game avec le Bearbrick 400% - Young-Hee Squid Game. Cette Bearbrick unique, fabriqu\u00e9e par Medicom Toy, repr\u00e9sente la poup\u00e9e embl\u00e9matique Young-Hee de la s\u00e9rie \u00e0 succ\u00e8s de Netflix. Con\u00e7ue avec une attention m\u00e9ticuleuse aux d\u00e9tails, cette Bearbrick capture le charme \u00e9trange de Young-Hee, ce qui en fait un must-have pour les fans de la s\u00e9rie et les collectionneurs de jouets artistiques distinctifs.<\/p>\n<p>Young-Hee, la poup\u00e9e inoubliable de Squid Game, est connue pour son r\u00f4le dans le jeu intense \"Red Light, Green Light\" de la s\u00e9rie. Cette version Be@rbrick lui donne vie gr\u00e2ce \u00e0 un design saisissant qui reste fid\u00e8le \u00e0 son personnage. Que vous soyez un amateur chevronn\u00e9 de Bearbrick ou que vous d\u00e9couvriez le monde des jouets artistiques \u00e0 collectionner, la Be@rbrick 400% est un compl\u00e9ment indispensable \u00e0 toute collection.<\/p>","protected":false},"excerpt":{"rendered":"<p>Be@rbrick Squid game Young Hee 400% Bearbrick 2024 Meet the terrifying Young-Hee, a 400% Bearbrick version! Inspired by the famous Squid Game doll, she is ready to watch over your collection and won&#8217;t take her eyes off you! Dare to welcome her into your home&#8230; as long as you don&#8217;t move! Step into the thrilling &hellip;<\/p>\n<p class=\"read-more\"> <a class=\"\" href=\"https:\/\/thefactoryconceptstore.com\/fr\/products\/berbrick-squid-game-young-hee-400-bearbrick-2024\/\"> <span class=\"screen-reader-text\">Be@rbrick Squid game Young Hee 400% Bearbrick 2024<\/span> Lire la suite \"<\/a><\/p>","protected":false},"featured_media":12058,"template":"","meta":{"site-sidebar-layout":"default","site-content-layout":"default","ast-global-header-display":"","ast-banner-title-visibility":"","ast-main-header-display":"","ast-hfb-above-header-display":"","ast-hfb-below-header-display":"","ast-hfb-mobile-header-display":"","site-post-title":"","ast-breadcrumbs-content":"","ast-featured-img":"","footer-sml-layout":"","theme-transparent-header-meta":"default","adv-header-id-meta":"","stick-header-meta":"","header-above-stick-meta":"","header-main-stick-meta":"","header-below-stick-meta":""},"product_brand":[],"product_cat":[33],"product_tag":[],"class_list":{"0":"post-12056","1":"product","2":"type-product","3":"status-publish","4":"has-post-thumbnail","6":"product_cat-bearbrick","7":"desktop-align-left","8":"tablet-align-left","9":"mobile-align-left","11":"first","12":"instock","13":"shipping-taxable","14":"purchasable","15":"product-type-simple"},"_links":{"self":[{"href":"https:\/\/thefactoryconceptstore.com\/fr\/wp-json\/wp\/v2\/product\/12056","targetHints":{"allow":["GET"]}}],"collection":[{"href":"https:\/\/thefactoryconceptstore.com\/fr\/wp-json\/wp\/v2\/product"}],"about":[{"href":"https:\/\/thefactoryconceptstore.com\/fr\/wp-json\/wp\/v2\/types\/product"}],"version-history":[{"count":1,"href":"https:\/\/thefactoryconceptstore.com\/fr\/wp-json\/wp\/v2\/product\/12056\/revisions"}],"predecessor-version":[{"id":12071,"href":"https:\/\/thefactoryconceptstore.com\/fr\/wp-json\/wp\/v2\/product\/12056\/revisions\/12071"}],"wp:featuredmedia":[{"embeddable":true,"href":"https:\/\/thefactoryconceptstore.com\/fr\/wp-json\/wp\/v2\/media\/12058"}],"wp:attachment":[{"href":"https:\/\/thefactoryconceptstore.com\/fr\/wp-json\/wp\/v2\/media?parent=12056"}],"wp:term":[{"taxonomy":"product_brand","embeddable":true,"href":"https:\/\/thefactoryconceptstore.com\/fr\/wp-json\/wp\/v2\/product_brand?post=12056"},{"taxonomy":"product_cat","embeddable":true,"href":"https:\/\/thefactoryconceptstore.com\/fr\/wp-json\/wp\/v2\/product_cat?post=12056"},{"taxonomy":"product_tag","embeddable":true,"href":"https:\/\/thefactoryconceptstore.com\/fr\/wp-json\/wp\/v2\/product_tag?post=12056"}],"curies":[{"name":"wp","href":"https:\/\/api.w.org\/{rel}","templated":true}]}}