{"id":12016,"date":"2024-12-13T23:42:50","date_gmt":"2024-12-13T22:42:50","guid":{"rendered":"https:\/\/thefactoryconceptstore.com\/?post_type=product&#038;p=12016"},"modified":"2024-12-13T23:42:50","modified_gmt":"2024-12-13T22:42:50","slug":"sex-pistols-x-medicom-toy-berbrick-sex-pistol-never-mind-the-bollocks-chrome-edition-400-100-bearbrick-2024","status":"publish","type":"product","link":"https:\/\/thefactoryconceptstore.com\/fr\/products\/sex-pistols-x-medicom-toy-berbrick-sex-pistol-never-mind-the-bollocks-chrome-edition-400-100-bearbrick-2024\/","title":{"rendered":"Sex Pistols x Medicom Toy Be@rbrick - Sex Pistol Never Mind The Bollocks Chrome edition 400% 100% Bearbrick 2024"},"content":{"rendered":"<p>Sex Pistol Never Mind The Bollocks Edition chrom\u00e9e 400% 100% Bearbrick 2024<\/p>\n<p>Never Mind the Bollocks, Here's the Sex Pistols est le seul album studio du groupe de punk rock anglais The Sex Pistols, sorti le 28 octobre 1977 chez Virgin Records au Royaume-Uni et le 11 novembre 1977 chez Warner Bros.<\/p>\n<p>Records aux \u00c9tats-Unis. En raison des relations internes volatiles des Sex Pistols, la formation du groupe a connu des changements pendant l'enregistrement de l'album. Le guitariste basse Glen Matlock a quitt\u00e9 le groupe au d\u00e9but du processus d'enregistrement, et bien qu'il soit cr\u00e9dit\u00e9 comme coauteur sur tous les titres sauf deux, il n'a jou\u00e9 de la basse et chant\u00e9 des ch\u0153urs que sur un seul titre, \"Anarchy in the U.K.\" Les sessions d'enregistrement se poursuivent avec un nouveau bassiste, Sid Vicious, qui est cr\u00e9dit\u00e9 sur deux des chansons \u00e9crites par le groupe apr\u00e8s son arriv\u00e9e.<br \/>\nBien que la basse de Vicious apparaisse sur deux morceaux, son manque d'habilet\u00e9 \u00e0 cet instrument a fait que de nombreux morceaux ont \u00e9t\u00e9 enregistr\u00e9s avec le guitariste Steve Jones jouant de la basse \u00e0 la place. Le batteur Paul Cook, Jones et le chanteur Johnny Rotten apparaissent sur tous les morceaux.<\/p>\n<p>Les diff\u00e9rentes sessions d'enregistrement ont \u00e9t\u00e9 dirig\u00e9es alternativement par Chris Thomas ou Bill Price, et parfois par les deux, mais comme les chansons figurant sur les albums finaux combinent souvent des mixages issus de diff\u00e9rentes sessions, ou qu'il est difficile de savoir qui \u00e9tait pr\u00e9sent dans la cabine d'enregistrement \u00e0 ce moment-l\u00e0, chaque chanson est cr\u00e9dit\u00e9e conjointement aux deux producteurs.<\/p>\n<p>Medicom Toy utilise la technologie du transfert d'eau pour garantir un placement unique de l'impression sur chaque Be@rbrick. Cela signifie que chaque Be@rbrick sera sp\u00e9ciale et unique.<\/p>","protected":false},"excerpt":{"rendered":"<p>Sex Pistol Never Mind The Bollocks Chrome edition 400% 100% Bearbrick 2024 Never Mind the Bollocks, Here&#8217;s the Sex Pistols is the only studio album by English punk rock band the Sex Pistols, released on 28 October 1977 through Virgin Records in the UK and on 11 November 1977 through Warner Bros. Records in the &hellip;<\/p>\n<p class=\"read-more\"> <a class=\"\" href=\"https:\/\/thefactoryconceptstore.com\/fr\/products\/sex-pistols-x-medicom-toy-berbrick-sex-pistol-never-mind-the-bollocks-chrome-edition-400-100-bearbrick-2024\/\"> <span class=\"screen-reader-text\">Sex Pistols x Medicom Toy Be@rbrick - Sex Pistol Never Mind The Bollocks Chrome edition 400% 100% Bearbrick 2024<\/span> Lire la suite \"<\/a><\/p>","protected":false},"featured_media":12025,"template":"","meta":{"site-sidebar-layout":"default","site-content-layout":"default","ast-global-header-display":"","ast-banner-title-visibility":"","ast-main-header-display":"","ast-hfb-above-header-display":"","ast-hfb-below-header-display":"","ast-hfb-mobile-header-display":"","site-post-title":"","ast-breadcrumbs-content":"","ast-featured-img":"","footer-sml-layout":"","theme-transparent-header-meta":"default","adv-header-id-meta":"","stick-header-meta":"","header-above-stick-meta":"","header-main-stick-meta":"","header-below-stick-meta":""},"product_brand":[],"product_cat":[33],"product_tag":[],"class_list":{"0":"post-12016","1":"product","2":"type-product","3":"status-publish","4":"has-post-thumbnail","6":"product_cat-bearbrick","7":"desktop-align-left","8":"tablet-align-left","9":"mobile-align-left","11":"first","12":"instock","13":"shipping-taxable","14":"purchasable","15":"product-type-simple"},"_links":{"self":[{"href":"https:\/\/thefactoryconceptstore.com\/fr\/wp-json\/wp\/v2\/product\/12016","targetHints":{"allow":["GET"]}}],"collection":[{"href":"https:\/\/thefactoryconceptstore.com\/fr\/wp-json\/wp\/v2\/product"}],"about":[{"href":"https:\/\/thefactoryconceptstore.com\/fr\/wp-json\/wp\/v2\/types\/product"}],"version-history":[{"count":1,"href":"https:\/\/thefactoryconceptstore.com\/fr\/wp-json\/wp\/v2\/product\/12016\/revisions"}],"predecessor-version":[{"id":12038,"href":"https:\/\/thefactoryconceptstore.com\/fr\/wp-json\/wp\/v2\/product\/12016\/revisions\/12038"}],"wp:featuredmedia":[{"embeddable":true,"href":"https:\/\/thefactoryconceptstore.com\/fr\/wp-json\/wp\/v2\/media\/12025"}],"wp:attachment":[{"href":"https:\/\/thefactoryconceptstore.com\/fr\/wp-json\/wp\/v2\/media?parent=12016"}],"wp:term":[{"taxonomy":"product_brand","embeddable":true,"href":"https:\/\/thefactoryconceptstore.com\/fr\/wp-json\/wp\/v2\/product_brand?post=12016"},{"taxonomy":"product_cat","embeddable":true,"href":"https:\/\/thefactoryconceptstore.com\/fr\/wp-json\/wp\/v2\/product_cat?post=12016"},{"taxonomy":"product_tag","embeddable":true,"href":"https:\/\/thefactoryconceptstore.com\/fr\/wp-json\/wp\/v2\/product_tag?post=12016"}],"curies":[{"name":"wp","href":"https:\/\/api.w.org\/{rel}","templated":true}]}}