{"id":11989,"date":"2024-12-03T18:11:10","date_gmt":"2024-12-03T17:11:10","guid":{"rendered":"https:\/\/thefactoryconceptstore.com\/?post_type=product&#038;p=11989"},"modified":"2025-10-10T09:29:06","modified_gmt":"2025-10-10T07:29:06","slug":"berbrick-the-shining-poster-version-100-400-bearbrick-2020","status":"publish","type":"product","link":"https:\/\/thefactoryconceptstore.com\/fr\/products\/berbrick-the-shining-poster-version-100-400-bearbrick-2020\/","title":{"rendered":"BE@RBRICK THE SHINING POSTER VERSION 100% &amp; 400% BEARBRICK 2020"},"content":{"rendered":"<p>BE@RBRICK THE SHINING POSTER VERSION 100% &amp; 400% BEARBRICK 2020<\/p>\n<p><em>The Shining<\/em> fait son entr\u00e9e dans la s\u00e9rie Be@rbrick de Medicom Toy ! La figurine 400% mesure 28 cm de haut et la 100% 7 cm. Les deux figurines portent l'affiche du film embl\u00e9matique, <em>The Shining.<\/em><\/p>\n<p>The Shining est un film d'horreur psychologique de 1980 produit et r\u00e9alis\u00e9 par Stanley Kubrick et co\u00e9crit avec la romanci\u00e8re Diane Johnson. Il est bas\u00e9 sur le roman \u00e9ponyme de Stephen King paru en 1977 et met en sc\u00e8ne Jack Nicholson, Shelley Duvall, Danny Lloyd et Scatman Crothers. Le film pr\u00e9sente la descente dans la folie d'un alcoolique en voie de gu\u00e9rison et aspirant romancier (Nicholson) qui accepte un emploi de gardien d'hiver dans un h\u00f4tel hant\u00e9 avec sa femme (Duvall) et son fils clairvoyant (Lloyd).<\/p>\n<p>La production s'est d\u00e9roul\u00e9e presque exclusivement aux studios EMI Elstree, avec des d\u00e9cors inspir\u00e9s de lieux r\u00e9els. Kubrick travaillait souvent avec une petite \u00e9quipe, ce qui lui permettait de faire de nombreuses prises, parfois jusqu'\u00e0 l'\u00e9puisement des acteurs et du personnel. La nouvelle monture Steadicam a \u00e9t\u00e9 utilis\u00e9e pour tourner plusieurs sc\u00e8nes, donnant au film un aspect et une sensation innovants et immersifs.<\/p>\n<p>Le film est sorti aux \u00c9tats-Unis le 23 mai 1980 et au Royaume-Uni le 2 octobre par Warner Bros. Il y a eu plusieurs versions pour les sorties en salle, chacune \u00e9tant coup\u00e9e plus court que la pr\u00e9c\u00e9dente ; environ 27 minutes ont \u00e9t\u00e9 coup\u00e9es au total. Les r\u00e9actions au film au moment de sa sortie ont \u00e9t\u00e9 mitig\u00e9es ; Stephen King a critiqu\u00e9 le film en raison de ses d\u00e9viations par rapport au roman. Le film a re\u00e7u deux nominations controvers\u00e9es aux premiers Razzies en 1981 - pire r\u00e9alisateur et pire actrice -, cette derni\u00e8re ayant \u00e9t\u00e9 annul\u00e9e en 2022 en raison de la fa\u00e7on dont Kubrick aurait trait\u00e9 Duvall sur le plateau. Depuis, les critiques ont r\u00e9agi favorablement au film.<\/p>\n<p>&nbsp;<\/p>\n<p>&nbsp;<\/p>\n<p>&nbsp;<\/p>\n<p>&nbsp;<\/p>\n<p>&nbsp;<\/p>","protected":false},"excerpt":{"rendered":"<p>BE@RBRICK THE SHINING POSTER VERSION 100% &amp; 400% BEARBRICK 2020 The Shining fait son entr\u00e9e dans la s\u00e9rie Be@rbrick de Medicom Toy ! La figurine 400% mesure 28 cm de haut et la 100% 7 cm. Les deux figurines repr\u00e9sentent l'affiche du film embl\u00e9matique The Shining. The Shining est un film d'horreur psychologique de 1980 produit et ...<\/p>\n<p class=\"read-more\"> <a class=\"\" href=\"https:\/\/thefactoryconceptstore.com\/fr\/products\/berbrick-the-shining-poster-version-100-400-bearbrick-2020\/\"> <span class=\"screen-reader-text\">BE@RBRICK THE SHINING POSTER VERSION 100% &amp; 400% BEARBRICK 2020<\/span> Lire la suite \"<\/a><\/p>","protected":false},"featured_media":11999,"template":"","meta":{"site-sidebar-layout":"default","site-content-layout":"default","ast-global-header-display":"","ast-banner-title-visibility":"","ast-main-header-display":"","ast-hfb-above-header-display":"","ast-hfb-below-header-display":"","ast-hfb-mobile-header-display":"","site-post-title":"","ast-breadcrumbs-content":"","ast-featured-img":"","footer-sml-layout":"","theme-transparent-header-meta":"default","adv-header-id-meta":"","stick-header-meta":"","header-above-stick-meta":"","header-main-stick-meta":"","header-below-stick-meta":""},"product_brand":[],"product_cat":[22,33],"product_tag":[],"class_list":{"0":"post-11989","1":"product","2":"type-product","3":"status-publish","4":"has-post-thumbnail","6":"product_cat-art-toys","7":"product_cat-bearbrick","8":"desktop-align-left","9":"tablet-align-left","10":"mobile-align-left","12":"first","13":"outofstock","14":"shipping-taxable","15":"purchasable","16":"product-type-simple"},"_links":{"self":[{"href":"https:\/\/thefactoryconceptstore.com\/fr\/wp-json\/wp\/v2\/product\/11989","targetHints":{"allow":["GET"]}}],"collection":[{"href":"https:\/\/thefactoryconceptstore.com\/fr\/wp-json\/wp\/v2\/product"}],"about":[{"href":"https:\/\/thefactoryconceptstore.com\/fr\/wp-json\/wp\/v2\/types\/product"}],"version-history":[{"count":2,"href":"https:\/\/thefactoryconceptstore.com\/fr\/wp-json\/wp\/v2\/product\/11989\/revisions"}],"predecessor-version":[{"id":12012,"href":"https:\/\/thefactoryconceptstore.com\/fr\/wp-json\/wp\/v2\/product\/11989\/revisions\/12012"}],"wp:featuredmedia":[{"embeddable":true,"href":"https:\/\/thefactoryconceptstore.com\/fr\/wp-json\/wp\/v2\/media\/11999"}],"wp:attachment":[{"href":"https:\/\/thefactoryconceptstore.com\/fr\/wp-json\/wp\/v2\/media?parent=11989"}],"wp:term":[{"taxonomy":"product_brand","embeddable":true,"href":"https:\/\/thefactoryconceptstore.com\/fr\/wp-json\/wp\/v2\/product_brand?post=11989"},{"taxonomy":"product_cat","embeddable":true,"href":"https:\/\/thefactoryconceptstore.com\/fr\/wp-json\/wp\/v2\/product_cat?post=11989"},{"taxonomy":"product_tag","embeddable":true,"href":"https:\/\/thefactoryconceptstore.com\/fr\/wp-json\/wp\/v2\/product_tag?post=11989"}],"curies":[{"name":"wp","href":"https:\/\/api.w.org\/{rel}","templated":true}]}}