{"id":11964,"date":"2024-12-03T17:50:09","date_gmt":"2024-12-03T16:50:09","guid":{"rendered":"https:\/\/thefactoryconceptstore.com\/?post_type=product&#038;p=11964"},"modified":"2024-12-03T17:50:09","modified_gmt":"2024-12-03T16:50:09","slug":"kaws-1974-kaws-small-lie-black-2017-2","status":"publish","type":"product","link":"https:\/\/thefactoryconceptstore.com\/fr\/products\/kaws-1974-kaws-small-lie-black-2017-2\/","title":{"rendered":"Kaws (1974) - Kaws Small Lie Black 2017"},"content":{"rendered":"<p>Kaws (1974) - Kaws Small Lie Black 2017<\/p>\n<p>Sign\u00e9 avec la signature grav\u00e9e KAWS 2017 Jamais ouvert.<br \/>\nEn parfait \u00e9tat !<\/p>\n<p>Pour c\u00e9l\u00e9brer la nouvelle exposition de Kaws \"Where The End Start\" au mus\u00e9e d'art moderne de Fort Worth.<\/p>\n<p>\u00c0 propos de Kaws :<br \/>\nKAWS (1974) est n\u00e9 Brian Donnelly \u00e0 Jersey City, dans le New Jersey. Il est dipl\u00f4m\u00e9 de la School of Visual Arts de New York avec un Bachelor of Fine Arts en illustration en 1996. Apr\u00e8s avoir obtenu son dipl\u00f4me, KAWS a bri\u00e8vement travaill\u00e9 pour Disney en tant qu'animateur ind\u00e9pendant en peignant des arri\u00e8re-plans. Il a \u00e9galement contribu\u00e9 aux s\u00e9ries anim\u00e9es 101 Dalmatiens, Daria et Doug.<\/p>\n<p>Il a commenc\u00e9 sa carri\u00e8re en tant que graffeur \u00e0 Jersey City, dans le New Jersey. Apr\u00e8s avoir d\u00e9m\u00e9nag\u00e9 \u00e0 New York dans les ann\u00e9es 1990, KAWS a commenc\u00e9 \u00e0 d\u00e9tourner l'imagerie des panneaux d'affichage, des abribus et des cabines t\u00e9l\u00e9phoniques. Ces publicit\u00e9s retravaill\u00e9es ont d'abord \u00e9t\u00e9 laiss\u00e9es \u00e0 elles-m\u00eames, pendant plusieurs mois, mais au fur et \u00e0 mesure que la popularit\u00e9 de KAWS montait en fl\u00e8che, les publicit\u00e9s sont devenues de plus en plus recherch\u00e9es. Outre New York, KAWS a travaill\u00e9 \u00e0 Paris, Londres, Berlin et Tokyo.<\/p>\n<p>\u00c0 la fin des ann\u00e9es 90, KAWS a commenc\u00e9 \u00e0 concevoir et \u00e0 produire des jouets en vinyle en \u00e9dition limit\u00e9e, qui ont connu un succ\u00e8s imm\u00e9diat aupr\u00e8s de la communaut\u00e9 mondiale des collectionneurs de jouets artistiques, en particulier au Japon, o\u00f9 ce genre est tr\u00e8s respect\u00e9 et r\u00e9pandu. D'autres jouets et plus tard des v\u00eatements ont \u00e9t\u00e9 fabriqu\u00e9s pour Original Fake, une boutique r\u00e9cemment cr\u00e9\u00e9e en collaboration avec Medicom Toy, dans le quartier d'Aoyama \u00e0 Tokyo, o\u00f9 un produit original en \u00e9dition limit\u00e9e est lanc\u00e9 chaque semaine. KAWS a \u00e9galement particip\u00e9 \u00e0 d'autres collaborations commerciales avec Nigo pour A Bathing Ape, Jun \"Jonio\" Takahashi pour Undercover, Michael \"Mic\" Neumann pour Kung Faux, des projets de snowboard avec Burton et des baskets avec Nike et Vans. Sa collaboration la plus r\u00e9cente a eu lieu avec Comme des Gar\u00e7ons. En ao\u00fbt 2010, Kaws aurait con\u00e7u une bouteille en \u00e9dition limit\u00e9e pour Dos Equis, une marque de bi\u00e8re mexicaine. La bouteille devrait sortir au Mexique au d\u00e9but du mois de septembre 2010.<\/p>\n<p>Les peintures et sculptures acryliques de KAWS pr\u00e9sentent de nombreuses images r\u00e9p\u00e9titives, toutes destin\u00e9es \u00e0 \u00eatre comprises universellement, au-del\u00e0 des langues et des cultures. L'une des premi\u00e8res s\u00e9ries de KAWS, Package Paintings, a \u00e9t\u00e9 r\u00e9alis\u00e9e en 2000. Cette s\u00e9rie, intitul\u00e9e The Kimpsons, subvertit le c\u00e9l\u00e8bre dessin anim\u00e9 am\u00e9ricain The Simpsons. KAWS explique qu'il \"a trouv\u00e9 bizarre de voir \u00e0 quel point un dessin anim\u00e9 pouvait s'immiscer dans la vie des gens, l'impact qu'il pouvait avoir, compar\u00e9 \u00e0 la politique ordinaire\". En outre, KAWS a retravaill\u00e9 d'autres ic\u00f4nes famili\u00e8res telles que Mickey Mouse, le Bibendum, les Schtroumpfs et Bob l'\u00e9ponge.<\/p>\n<p>Dans tous ses projets, KAWS a r\u00e9ussi \u00e0 brouiller la fronti\u00e8re entre les beaux-arts et les produits de masse. Il utilise ses produits pour permettre \u00e0 son imagerie d'infiltrer un public plus large que celui du monde des beaux-arts. L'artiste est actuellement un membre actif des communaut\u00e9s commerciales et artistiques. Parmi ses expositions personnelles r\u00e9centes, citons OriginalFake \u00e0 la Bape Gallery de Tokyo (2003), o\u00f9 sa sculpture \"Wonderful World\" a \u00e9t\u00e9 vendue pour $400,000[citation n\u00e9cessaire]. KAWS expose p\u00e9riodiquement des peintures et des produits chez Colette, \u00e0 Paris, depuis 1999. Ses \u0153uvres font partie de l'exposition itin\u00e9rante Beautiful Losers, qui a d\u00e9but\u00e9 au Centre d'art contemporain de Cincinnati et qui voyagera jusqu'en 2009 \u00e0 travers les \u00c9tats-Unis et l'Europe, y compris sa plus grande exposition mus\u00e9ale \u00e0 ce jour, qui se tiendra au High Museum of Art d'Atlanta, en G\u00e9orgie.<\/p>","protected":false},"excerpt":{"rendered":"<p>Kaws (1974) \u2013 Kaws Small Lie Black 2017 Signed with engraved signature KAWS 2017 Never opened. Mint condition! To celebrate Kaws\u2019 new exhibition \u201cWhere The End Start\u201d in The Modern Art Museum of Fort Worth. About Kaws: KAWS (1974) was born Brian Donnelly in Jersey City, New Jersey. He graduated from the School of Visual &hellip;<\/p>\n<p class=\"read-more\"> <a class=\"\" href=\"https:\/\/thefactoryconceptstore.com\/fr\/products\/kaws-1974-kaws-small-lie-black-2017-2\/\"> <span class=\"screen-reader-text\">Kaws (1974) - Kaws Small Lie Black 2017<\/span> Lire la suite \"<\/a><\/p>","protected":false},"featured_media":11981,"template":"","meta":{"site-sidebar-layout":"default","site-content-layout":"default","ast-global-header-display":"","ast-banner-title-visibility":"","ast-main-header-display":"","ast-hfb-above-header-display":"","ast-hfb-below-header-display":"","ast-hfb-mobile-header-display":"","site-post-title":"","ast-breadcrumbs-content":"","ast-featured-img":"","footer-sml-layout":"","theme-transparent-header-meta":"default","adv-header-id-meta":"","stick-header-meta":"","header-above-stick-meta":"","header-main-stick-meta":"","header-below-stick-meta":""},"product_brand":[],"product_cat":[22,24],"product_tag":[],"class_list":{"0":"post-11964","1":"product","2":"type-product","3":"status-publish","4":"has-post-thumbnail","6":"product_cat-art-toys","7":"product_cat-limited-edition","8":"desktop-align-left","9":"tablet-align-left","10":"mobile-align-left","12":"first","13":"instock","14":"shipping-taxable","15":"purchasable","16":"product-type-simple"},"_links":{"self":[{"href":"https:\/\/thefactoryconceptstore.com\/fr\/wp-json\/wp\/v2\/product\/11964","targetHints":{"allow":["GET"]}}],"collection":[{"href":"https:\/\/thefactoryconceptstore.com\/fr\/wp-json\/wp\/v2\/product"}],"about":[{"href":"https:\/\/thefactoryconceptstore.com\/fr\/wp-json\/wp\/v2\/types\/product"}],"version-history":[{"count":1,"href":"https:\/\/thefactoryconceptstore.com\/fr\/wp-json\/wp\/v2\/product\/11964\/revisions"}],"predecessor-version":[{"id":11965,"href":"https:\/\/thefactoryconceptstore.com\/fr\/wp-json\/wp\/v2\/product\/11964\/revisions\/11965"}],"wp:featuredmedia":[{"embeddable":true,"href":"https:\/\/thefactoryconceptstore.com\/fr\/wp-json\/wp\/v2\/media\/11981"}],"wp:attachment":[{"href":"https:\/\/thefactoryconceptstore.com\/fr\/wp-json\/wp\/v2\/media?parent=11964"}],"wp:term":[{"taxonomy":"product_brand","embeddable":true,"href":"https:\/\/thefactoryconceptstore.com\/fr\/wp-json\/wp\/v2\/product_brand?post=11964"},{"taxonomy":"product_cat","embeddable":true,"href":"https:\/\/thefactoryconceptstore.com\/fr\/wp-json\/wp\/v2\/product_cat?post=11964"},{"taxonomy":"product_tag","embeddable":true,"href":"https:\/\/thefactoryconceptstore.com\/fr\/wp-json\/wp\/v2\/product_tag?post=11964"}],"curies":[{"name":"wp","href":"https:\/\/api.w.org\/{rel}","templated":true}]}}