{"id":11890,"date":"2024-05-20T17:46:10","date_gmt":"2024-05-20T15:46:10","guid":{"rendered":"https:\/\/thefactoryconceptstore.com\/?post_type=product&#038;p=11890"},"modified":"2024-05-20T17:46:10","modified_gmt":"2024-05-20T15:46:10","slug":"berbrick-disney-alladin-genie-sultan-400-100-bearbrick-2024","status":"publish","type":"product","link":"https:\/\/thefactoryconceptstore.com\/fr\/products\/berbrick-disney-alladin-genie-sultan-400-100-bearbrick-2024\/","title":{"rendered":"Be@rbrick Disney Alladin Genie Sultan 400% 100% Bearbrick 2024"},"content":{"rendered":"<p>Be@rbrick Disney Alladin Genie Sultan 400% 100% Bearbrick 2024<\/p>\n<p>Aladdin est un film d'animation am\u00e9ricain de 1992, produit par Walt Disney Feature Animation et distribu\u00e9 par Walt Disney Pictures. Il est bas\u00e9 sur le conte arabe \"Aladin\" des Mille et une nuits.<\/p>\n<p>Le film a \u00e9t\u00e9 produit et r\u00e9alis\u00e9 par John Musker et Ron Clements \u00e0 partir d'un sc\u00e9nario qu'ils ont co\u00e9crit avec l'\u00e9quipe de sc\u00e9naristes Ted Elliott et Terry Rossio. Avec les voix de Scott Weinger, Robin Williams, Linda Larkin, Jonathan Freeman, Frank Welker, Gilbert Gottfried et Douglas Seale, le film raconte l'histoire d'Aladin, un enfant des rues d'Arabie qui trouve une lampe magique contenant un g\u00e9nie.<\/p>\n<p>Avec l'aide du g\u00e9nie, Aladdin se d\u00e9guise en prince riche et tente d'impressionner le sultan d'Agrabah pour gagner le c\u0153ur de sa fille \u00e0 l'esprit libre, la princesse Jasmine, alors que le vizir mal\u00e9fique du sultan, Jafar, complote pour voler la lampe magique.<\/p>\n<p>Medicom Toy utilise la technologie du transfert d'eau pour garantir un placement unique de l'impression sur chaque be@rbrick. Cela signifie que chaque Be@rbrick sera sp\u00e9ciale et unique.<\/p>","protected":false},"excerpt":{"rendered":"<p>Be@rbrick Disney Alladin Genie Sultan 400% 100% Bearbrick 2024 Aladdin est un film d'animation am\u00e9ricain de 1992 produit par Walt Disney Feature Animation et distribu\u00e9 par Walt Disney Pictures. Il est bas\u00e9 sur le conte arabe \"Aladin\" des Mille et une nuits. Le film a \u00e9t\u00e9 produit et r\u00e9alis\u00e9 par John Musker et ...<\/p>\n<p class=\"read-more\"> <a class=\"\" href=\"https:\/\/thefactoryconceptstore.com\/fr\/products\/berbrick-disney-alladin-genie-sultan-400-100-bearbrick-2024\/\"> <span class=\"screen-reader-text\">Be@rbrick Disney Alladin Genie Sultan 400% 100% Bearbrick 2024<\/span> Lire la suite \"<\/a><\/p>","protected":false},"featured_media":11891,"template":"","meta":{"site-sidebar-layout":"default","site-content-layout":"default","ast-global-header-display":"","ast-banner-title-visibility":"","ast-main-header-display":"","ast-hfb-above-header-display":"","ast-hfb-below-header-display":"","ast-hfb-mobile-header-display":"","site-post-title":"","ast-breadcrumbs-content":"","ast-featured-img":"","footer-sml-layout":"","theme-transparent-header-meta":"default","adv-header-id-meta":"","stick-header-meta":"","header-above-stick-meta":"","header-main-stick-meta":"","header-below-stick-meta":""},"product_brand":[],"product_cat":[22,33],"product_tag":[],"class_list":{"0":"post-11890","1":"product","2":"type-product","3":"status-publish","4":"has-post-thumbnail","6":"product_cat-art-toys","7":"product_cat-bearbrick","8":"desktop-align-left","9":"tablet-align-left","10":"mobile-align-left","12":"first","13":"instock","14":"shipping-taxable","15":"purchasable","16":"product-type-simple"},"_links":{"self":[{"href":"https:\/\/thefactoryconceptstore.com\/fr\/wp-json\/wp\/v2\/product\/11890","targetHints":{"allow":["GET"]}}],"collection":[{"href":"https:\/\/thefactoryconceptstore.com\/fr\/wp-json\/wp\/v2\/product"}],"about":[{"href":"https:\/\/thefactoryconceptstore.com\/fr\/wp-json\/wp\/v2\/types\/product"}],"version-history":[{"count":1,"href":"https:\/\/thefactoryconceptstore.com\/fr\/wp-json\/wp\/v2\/product\/11890\/revisions"}],"predecessor-version":[{"id":11903,"href":"https:\/\/thefactoryconceptstore.com\/fr\/wp-json\/wp\/v2\/product\/11890\/revisions\/11903"}],"wp:featuredmedia":[{"embeddable":true,"href":"https:\/\/thefactoryconceptstore.com\/fr\/wp-json\/wp\/v2\/media\/11891"}],"wp:attachment":[{"href":"https:\/\/thefactoryconceptstore.com\/fr\/wp-json\/wp\/v2\/media?parent=11890"}],"wp:term":[{"taxonomy":"product_brand","embeddable":true,"href":"https:\/\/thefactoryconceptstore.com\/fr\/wp-json\/wp\/v2\/product_brand?post=11890"},{"taxonomy":"product_cat","embeddable":true,"href":"https:\/\/thefactoryconceptstore.com\/fr\/wp-json\/wp\/v2\/product_cat?post=11890"},{"taxonomy":"product_tag","embeddable":true,"href":"https:\/\/thefactoryconceptstore.com\/fr\/wp-json\/wp\/v2\/product_tag?post=11890"}],"curies":[{"name":"wp","href":"https:\/\/api.w.org\/{rel}","templated":true}]}}