{"id":11864,"date":"2024-05-14T19:24:38","date_gmt":"2024-05-14T17:24:38","guid":{"rendered":"https:\/\/thefactoryconceptstore.com\/?post_type=product&#038;p=11864"},"modified":"2024-12-03T16:46:39","modified_gmt":"2024-12-03T15:46:39","slug":"x-girl-x-berbrick-x-girl-400-100-set-bearbrick-medicom-toy-2023","status":"publish","type":"product","link":"https:\/\/thefactoryconceptstore.com\/fr\/products\/x-girl-x-berbrick-x-girl-400-100-set-bearbrick-medicom-toy-2023\/","title":{"rendered":"X-Girl x Be@rbrick - X-Girl 400% &amp; 100 set Bearbrick Medicom Toy 2023"},"content":{"rendered":"<p>Be@rbrick set 100% &amp; 400% X-girl Bearbrick 2023<\/p>\n<p>Fruit d'une collaboration avec la marque de mode X-Girl (n\u00e9e aux \u00c9tats-Unis mais bas\u00e9e depuis au Japon), la version 2023 du Bearbrick 400%+100% est dot\u00e9e de logos 3D sur le torse et recouverte d'une finition bleue iris\u00e9e.<\/p>\n<p>Medicom Toy utilise la technologie du transfert d'eau pour garantir un placement unique de l'impression sur chaque Be@rbrick. Cela signifie que chaque Be@rbrick sera sp\u00e9ciale et unique.<\/p>","protected":false},"excerpt":{"rendered":"<p>Be@rbrick set 100% &amp; 400% X-girl Bearbrick 2023 En collaboration avec la marque de mode X-Girl (n\u00e9e aux Etats-Unis mais bas\u00e9e depuis au Japon), la version 2023 de 400%+100% Bearbrick est dot\u00e9e de logos 3D sur le torse et recouverte d'une finition bleue iris\u00e9e. Medicom Toy utilise la technologie de transfert d'eau pour garantir un placement unique de l'impression sur chaque Be@rbrick. ...<\/p>\n<p class=\"read-more\"> <a class=\"\" href=\"https:\/\/thefactoryconceptstore.com\/fr\/products\/x-girl-x-berbrick-x-girl-400-100-set-bearbrick-medicom-toy-2023\/\"> <span class=\"screen-reader-text\">X-Girl x Be@rbrick - X-Girl 400% &amp; 100 set Bearbrick Medicom Toy 2023<\/span> Lire la suite \"<\/a><\/p>","protected":false},"featured_media":11865,"template":"","meta":{"site-sidebar-layout":"default","site-content-layout":"default","ast-global-header-display":"","ast-banner-title-visibility":"","ast-main-header-display":"","ast-hfb-above-header-display":"","ast-hfb-below-header-display":"","ast-hfb-mobile-header-display":"","site-post-title":"","ast-breadcrumbs-content":"","ast-featured-img":"","footer-sml-layout":"","theme-transparent-header-meta":"default","adv-header-id-meta":"","stick-header-meta":"","header-above-stick-meta":"","header-main-stick-meta":"","header-below-stick-meta":""},"product_brand":[],"product_cat":[22],"product_tag":[],"class_list":{"0":"post-11864","1":"product","2":"type-product","3":"status-publish","4":"has-post-thumbnail","6":"product_cat-art-toys","7":"desktop-align-left","8":"tablet-align-left","9":"mobile-align-left","11":"first","12":"instock","13":"shipping-taxable","14":"purchasable","15":"product-type-simple"},"_links":{"self":[{"href":"https:\/\/thefactoryconceptstore.com\/fr\/wp-json\/wp\/v2\/product\/11864","targetHints":{"allow":["GET"]}}],"collection":[{"href":"https:\/\/thefactoryconceptstore.com\/fr\/wp-json\/wp\/v2\/product"}],"about":[{"href":"https:\/\/thefactoryconceptstore.com\/fr\/wp-json\/wp\/v2\/types\/product"}],"version-history":[{"count":1,"href":"https:\/\/thefactoryconceptstore.com\/fr\/wp-json\/wp\/v2\/product\/11864\/revisions"}],"predecessor-version":[{"id":11872,"href":"https:\/\/thefactoryconceptstore.com\/fr\/wp-json\/wp\/v2\/product\/11864\/revisions\/11872"}],"wp:featuredmedia":[{"embeddable":true,"href":"https:\/\/thefactoryconceptstore.com\/fr\/wp-json\/wp\/v2\/media\/11865"}],"wp:attachment":[{"href":"https:\/\/thefactoryconceptstore.com\/fr\/wp-json\/wp\/v2\/media?parent=11864"}],"wp:term":[{"taxonomy":"product_brand","embeddable":true,"href":"https:\/\/thefactoryconceptstore.com\/fr\/wp-json\/wp\/v2\/product_brand?post=11864"},{"taxonomy":"product_cat","embeddable":true,"href":"https:\/\/thefactoryconceptstore.com\/fr\/wp-json\/wp\/v2\/product_cat?post=11864"},{"taxonomy":"product_tag","embeddable":true,"href":"https:\/\/thefactoryconceptstore.com\/fr\/wp-json\/wp\/v2\/product_tag?post=11864"}],"curies":[{"name":"wp","href":"https:\/\/api.w.org\/{rel}","templated":true}]}}