{"id":11851,"date":"2024-05-14T19:16:17","date_gmt":"2024-05-14T17:16:17","guid":{"rendered":"https:\/\/thefactoryconceptstore.com\/?post_type=product&#038;p=11851"},"modified":"2024-12-03T16:34:53","modified_gmt":"2024-12-03T15:34:53","slug":"tom-jerry-x-berbrick-tom-jerry-batman-joker-400-100-set-bearbrick-medicom-toy-2023","status":"publish","type":"product","link":"https:\/\/thefactoryconceptstore.com\/fr\/products\/tom-jerry-x-berbrick-tom-jerry-batman-joker-400-100-set-bearbrick-medicom-toy-2023\/","title":{"rendered":"Tom &amp; Jerry x Be@rbrick - Tom &amp; Jerry Batman Joker 400% 100% set Bearbrick Medicom Toy 2023"},"content":{"rendered":"<p>Be@rbrick Tom &amp; Jerry Batman set 400% 100% Bearbrick 2023<\/p>\n<p>Le duo embl\u00e9matique de chats et de souris du dessin anim\u00e9 nostalgique Tom et Jerry de Hanna-Barbera est de retour dans la gamme Be@rbrick, cette fois-ci aux couleurs de Batman ! Ces figurines BE@RBRICK 400% et 100% mesurent respectivement 28 et 7 cm de haut et repr\u00e9sentent Tom et son adorable design fid\u00e8lement recr\u00e9\u00e9 dans le style bearbrick caract\u00e9ristique.<\/p>\n<p>Medicom Toy utilise la technologie du transfert d'eau pour garantir un placement unique de l'impression sur chaque Be@rbrick. Cela signifie que chaque Be@rbrick sera sp\u00e9ciale et unique.<\/p>","protected":false},"excerpt":{"rendered":"<p>Be@rbrick Tom &amp; Jerry Batman set 400% 100% Bearbrick 2023 Le duo embl\u00e9matique de chats et de souris du dessin anim\u00e9 nostalgique d'Hanna-Barbera Tom et Jerry est de retour dans la gamme Be@rbrick, cette fois aux couleurs de Batman ! Ces figurines BE@RBRICK 400% et 100% mesurent respectivement 28 et 7 cm et repr\u00e9sentent Tom avec son ...<\/p>\n<p class=\"read-more\"> <a class=\"\" href=\"https:\/\/thefactoryconceptstore.com\/fr\/products\/tom-jerry-x-berbrick-tom-jerry-batman-joker-400-100-set-bearbrick-medicom-toy-2023\/\"> <span class=\"screen-reader-text\">Tom &amp; Jerry x Be@rbrick - Tom &amp; Jerry Batman Joker 400% 100% set Bearbrick Medicom Toy 2023<\/span> Lire la suite \"<\/a><\/p>","protected":false},"featured_media":11862,"template":"","meta":{"site-sidebar-layout":"default","site-content-layout":"default","ast-global-header-display":"","ast-banner-title-visibility":"","ast-main-header-display":"","ast-hfb-above-header-display":"","ast-hfb-below-header-display":"","ast-hfb-mobile-header-display":"","site-post-title":"","ast-breadcrumbs-content":"","ast-featured-img":"","footer-sml-layout":"","theme-transparent-header-meta":"default","adv-header-id-meta":"","stick-header-meta":"","header-above-stick-meta":"","header-main-stick-meta":"","header-below-stick-meta":""},"product_brand":[],"product_cat":[22,33],"product_tag":[],"class_list":{"0":"post-11851","1":"product","2":"type-product","3":"status-publish","4":"has-post-thumbnail","6":"product_cat-art-toys","7":"product_cat-bearbrick","8":"desktop-align-left","9":"tablet-align-left","10":"mobile-align-left","12":"first","13":"outofstock","14":"shipping-taxable","15":"purchasable","16":"product-type-simple"},"_links":{"self":[{"href":"https:\/\/thefactoryconceptstore.com\/fr\/wp-json\/wp\/v2\/product\/11851","targetHints":{"allow":["GET"]}}],"collection":[{"href":"https:\/\/thefactoryconceptstore.com\/fr\/wp-json\/wp\/v2\/product"}],"about":[{"href":"https:\/\/thefactoryconceptstore.com\/fr\/wp-json\/wp\/v2\/types\/product"}],"version-history":[{"count":1,"href":"https:\/\/thefactoryconceptstore.com\/fr\/wp-json\/wp\/v2\/product\/11851\/revisions"}],"predecessor-version":[{"id":11863,"href":"https:\/\/thefactoryconceptstore.com\/fr\/wp-json\/wp\/v2\/product\/11851\/revisions\/11863"}],"wp:featuredmedia":[{"embeddable":true,"href":"https:\/\/thefactoryconceptstore.com\/fr\/wp-json\/wp\/v2\/media\/11862"}],"wp:attachment":[{"href":"https:\/\/thefactoryconceptstore.com\/fr\/wp-json\/wp\/v2\/media?parent=11851"}],"wp:term":[{"taxonomy":"product_brand","embeddable":true,"href":"https:\/\/thefactoryconceptstore.com\/fr\/wp-json\/wp\/v2\/product_brand?post=11851"},{"taxonomy":"product_cat","embeddable":true,"href":"https:\/\/thefactoryconceptstore.com\/fr\/wp-json\/wp\/v2\/product_cat?post=11851"},{"taxonomy":"product_tag","embeddable":true,"href":"https:\/\/thefactoryconceptstore.com\/fr\/wp-json\/wp\/v2\/product_tag?post=11851"}],"curies":[{"name":"wp","href":"https:\/\/api.w.org\/{rel}","templated":true}]}}