{"id":11839,"date":"2024-05-14T18:51:39","date_gmt":"2024-05-14T16:51:39","guid":{"rendered":"https:\/\/thefactoryconceptstore.com\/?post_type=product&#038;p=11839"},"modified":"2024-12-03T16:35:28","modified_gmt":"2024-12-03T15:35:28","slug":"medicom-toy-x-asami-matsumura-berbrick-star-burst-magic-400-bearbrick-2023","status":"publish","type":"product","link":"https:\/\/thefactoryconceptstore.com\/fr\/products\/medicom-toy-x-asami-matsumura-berbrick-star-burst-magic-400-bearbrick-2023\/","title":{"rendered":"Medicom Toy x Asami Matsumura - Be@rbrick Star Burst Magic 400% Bearbrick 2023"},"content":{"rendered":"<p>Be@rbrick Star Burst Magic 400% Bearbrick 2023<\/p>\n<p>Cette Bearbrick de Medicom Toy designer par l'artiste Asami Matsumura est ici !<\/p>\n<p>En collaboration avec l'artiste et designer japonaise Asami Matsumura, cette amusante brique pr\u00e9sente un motif \"Star Burst Magic\" cr\u00e9\u00e9 par Matsumura ainsi qu'un torse transparent avec une \u00e9toile au centre.<\/p>\n<p>Medicom Toy utilise la technologie du transfert d'eau pour garantir un placement unique de l'impression sur chaque Be@rbrick. Cela signifie que chaque Be@rbrick sera sp\u00e9ciale et unique.<\/p>","protected":false},"excerpt":{"rendered":"<p>Be@rbrick Star Burst Magic 400% Bearbrick 2023 Cette Bearbrick de Medicom Toy con\u00e7ue par l'artiste Asami Matsumura est arriv\u00e9e ! En collaboration avec l'artiste et designer japonais Asami Matsumura, cette brique amusante pr\u00e9sente un design \"Star Burst Magic\" cr\u00e9\u00e9 par Matsumura ainsi qu'un torse transparent avec une \u00e9toile au centre Medicom Toy utilise de l'eau ...<\/p>\n<p class=\"read-more\"> <a class=\"\" href=\"https:\/\/thefactoryconceptstore.com\/fr\/products\/medicom-toy-x-asami-matsumura-berbrick-star-burst-magic-400-bearbrick-2023\/\"> <span class=\"screen-reader-text\">Medicom Toy x Asami Matsumura - Be@rbrick Star Burst Magic 400% Bearbrick 2023<\/span> Lire la suite \"<\/a><\/p>","protected":false},"featured_media":11845,"template":"","meta":{"site-sidebar-layout":"default","site-content-layout":"default","ast-global-header-display":"","ast-banner-title-visibility":"","ast-main-header-display":"","ast-hfb-above-header-display":"","ast-hfb-below-header-display":"","ast-hfb-mobile-header-display":"","site-post-title":"","ast-breadcrumbs-content":"","ast-featured-img":"","footer-sml-layout":"","theme-transparent-header-meta":"default","adv-header-id-meta":"","stick-header-meta":"","header-above-stick-meta":"","header-main-stick-meta":"","header-below-stick-meta":""},"product_brand":[],"product_cat":[22,33],"product_tag":[],"class_list":{"0":"post-11839","1":"product","2":"type-product","3":"status-publish","4":"has-post-thumbnail","6":"product_cat-art-toys","7":"product_cat-bearbrick","8":"desktop-align-left","9":"tablet-align-left","10":"mobile-align-left","12":"first","13":"instock","14":"shipping-taxable","15":"purchasable","16":"product-type-simple"},"_links":{"self":[{"href":"https:\/\/thefactoryconceptstore.com\/fr\/wp-json\/wp\/v2\/product\/11839","targetHints":{"allow":["GET"]}}],"collection":[{"href":"https:\/\/thefactoryconceptstore.com\/fr\/wp-json\/wp\/v2\/product"}],"about":[{"href":"https:\/\/thefactoryconceptstore.com\/fr\/wp-json\/wp\/v2\/types\/product"}],"version-history":[{"count":1,"href":"https:\/\/thefactoryconceptstore.com\/fr\/wp-json\/wp\/v2\/product\/11839\/revisions"}],"predecessor-version":[{"id":11850,"href":"https:\/\/thefactoryconceptstore.com\/fr\/wp-json\/wp\/v2\/product\/11839\/revisions\/11850"}],"wp:featuredmedia":[{"embeddable":true,"href":"https:\/\/thefactoryconceptstore.com\/fr\/wp-json\/wp\/v2\/media\/11845"}],"wp:attachment":[{"href":"https:\/\/thefactoryconceptstore.com\/fr\/wp-json\/wp\/v2\/media?parent=11839"}],"wp:term":[{"taxonomy":"product_brand","embeddable":true,"href":"https:\/\/thefactoryconceptstore.com\/fr\/wp-json\/wp\/v2\/product_brand?post=11839"},{"taxonomy":"product_cat","embeddable":true,"href":"https:\/\/thefactoryconceptstore.com\/fr\/wp-json\/wp\/v2\/product_cat?post=11839"},{"taxonomy":"product_tag","embeddable":true,"href":"https:\/\/thefactoryconceptstore.com\/fr\/wp-json\/wp\/v2\/product_tag?post=11839"}],"curies":[{"name":"wp","href":"https:\/\/api.w.org\/{rel}","templated":true}]}}