{"id":11787,"date":"2024-02-14T16:32:32","date_gmt":"2024-02-14T15:32:32","guid":{"rendered":"https:\/\/thefactoryconceptstore.com\/?post_type=product&#038;p=11787"},"modified":"2024-02-14T16:32:32","modified_gmt":"2024-02-14T15:32:32","slug":"berbrick-amplifier-chromed-and-red-heart-400%ef%bc%85-and-100-2023","status":"publish","type":"product","link":"https:\/\/thefactoryconceptstore.com\/fr\/products\/berbrick-amplifier-chromed-and-red-heart-400%ef%bc%85-and-100-2023\/","title":{"rendered":"Be@rbrick Amplifier Chromed and Red Heart 400\uff05 and 100% 2023"},"content":{"rendered":"<p>Be@rbrick Amplifier Chromed and Red Heart 400\uff05 and 100% 2023<\/p>\n<p>Apr\u00e8s la version Pink Heart, Medicom Toy sort une version Chromed Heart. Ce design est bas\u00e9 sur le l\u00e9gendaire guitariste japonais Hide ! Sa guitare unique et caract\u00e9ristique est orn\u00e9e d'un motif de c\u0153ur simpliste qu'il est impossible de rater ! Il en va de m\u00eame pour cette Bearbrick !<\/p>\n<p>La technologie du transfert \u00e0 l'eau garantit des placements d'impression uniques. Mesure 28 cm et 7. Faites-en un ajout unique \u00e0 votre collection d'art ou de Be@rbrick.<\/p>\n<p>&nbsp;<\/p>","protected":false},"excerpt":{"rendered":"<p>Be@rbrick Amplifier Chromed and Red Heart 400\uff05 and 100% 2023 Apr\u00e8s la version Pink Heart, Medicom Toy sort une version Chromed Heart. Ce design est bas\u00e9 sur le l\u00e9gendaire guitariste japonais Hide ! Sa guitare unique et caract\u00e9ristique comporte un motif de c\u0153ur simpliste qu'il est impossible de manquer ! Il en va de m\u00eame pour ...<\/p>\n<p class=\"read-more\"> <a class=\"\" href=\"https:\/\/thefactoryconceptstore.com\/fr\/products\/berbrick-amplifier-chromed-and-red-heart-400%ef%bc%85-and-100-2023\/\"> <span class=\"screen-reader-text\">Be@rbrick Amplifier Chromed and Red Heart 400\uff05 and 100% 2023<\/span> Lire la suite \"<\/a><\/p>","protected":false},"featured_media":11792,"template":"","meta":{"site-sidebar-layout":"default","site-content-layout":"default","ast-global-header-display":"","ast-banner-title-visibility":"","ast-main-header-display":"","ast-hfb-above-header-display":"","ast-hfb-below-header-display":"","ast-hfb-mobile-header-display":"","site-post-title":"","ast-breadcrumbs-content":"","ast-featured-img":"","footer-sml-layout":"","theme-transparent-header-meta":"default","adv-header-id-meta":"","stick-header-meta":"","header-above-stick-meta":"","header-main-stick-meta":"","header-below-stick-meta":""},"product_brand":[],"product_cat":[33],"product_tag":[],"class_list":{"0":"post-11787","1":"product","2":"type-product","3":"status-publish","4":"has-post-thumbnail","6":"product_cat-bearbrick","7":"desktop-align-left","8":"tablet-align-left","9":"mobile-align-left","11":"first","12":"instock","13":"shipping-taxable","14":"purchasable","15":"product-type-simple"},"_links":{"self":[{"href":"https:\/\/thefactoryconceptstore.com\/fr\/wp-json\/wp\/v2\/product\/11787","targetHints":{"allow":["GET"]}}],"collection":[{"href":"https:\/\/thefactoryconceptstore.com\/fr\/wp-json\/wp\/v2\/product"}],"about":[{"href":"https:\/\/thefactoryconceptstore.com\/fr\/wp-json\/wp\/v2\/types\/product"}],"version-history":[{"count":1,"href":"https:\/\/thefactoryconceptstore.com\/fr\/wp-json\/wp\/v2\/product\/11787\/revisions"}],"predecessor-version":[{"id":11797,"href":"https:\/\/thefactoryconceptstore.com\/fr\/wp-json\/wp\/v2\/product\/11787\/revisions\/11797"}],"wp:featuredmedia":[{"embeddable":true,"href":"https:\/\/thefactoryconceptstore.com\/fr\/wp-json\/wp\/v2\/media\/11792"}],"wp:attachment":[{"href":"https:\/\/thefactoryconceptstore.com\/fr\/wp-json\/wp\/v2\/media?parent=11787"}],"wp:term":[{"taxonomy":"product_brand","embeddable":true,"href":"https:\/\/thefactoryconceptstore.com\/fr\/wp-json\/wp\/v2\/product_brand?post=11787"},{"taxonomy":"product_cat","embeddable":true,"href":"https:\/\/thefactoryconceptstore.com\/fr\/wp-json\/wp\/v2\/product_cat?post=11787"},{"taxonomy":"product_tag","embeddable":true,"href":"https:\/\/thefactoryconceptstore.com\/fr\/wp-json\/wp\/v2\/product_tag?post=11787"}],"curies":[{"name":"wp","href":"https:\/\/api.w.org\/{rel}","templated":true}]}}