{"id":11769,"date":"2024-02-07T07:44:55","date_gmt":"2024-02-07T06:44:55","guid":{"rendered":"https:\/\/thefactoryconceptstore.com\/?post_type=product&#038;p=11769"},"modified":"2024-12-03T16:37:57","modified_gmt":"2024-12-03T15:37:57","slug":"jean-michel-basquiat-x-medicom-toy-berbrick-basquiat-v11-400-100-bearbrick-2024","status":"publish","type":"product","link":"https:\/\/thefactoryconceptstore.com\/fr\/products\/jean-michel-basquiat-x-medicom-toy-berbrick-basquiat-v11-400-100-bearbrick-2024\/","title":{"rendered":"Jean Michel Basquiat x Medicom Toy - Be@rbrick Basquiat V11 400% 100% Bearbrick 2024"},"content":{"rendered":"<p>Be@rbrick Jean Michel Basquiat V11400% 100% Berbrick 2024<\/p>\n<p>Il s'agit de la derni\u00e8re collaboration entre Medicom Toy et la Fondation Jean Michel Basquiat.<\/p>\n<p>\u00c0 propos de Jean Michel Basquiat :<br \/>\nChef de file du mouvement underground \u00e0 New York dans les ann\u00e9es 80, Jean-Michel Basquiat est un artiste qui influence plus que jamais la culture artistique contemporaine. Ses peintures et dessins, critiques sociales par excellence, r\u00e9sonnent toujours \u00e0 travers leurs sujets.<\/p>\n<p>Medicom Toy utilise la technologie du transfert d'eau pour garantir un placement unique de l'impression sur chaque Be@rbrick. Cela signifie que chaque Be@rbrick sera sp\u00e9ciale et unique.<\/p>","protected":false},"excerpt":{"rendered":"<p>Be@rbrick Jean Michel Basquiat V11400% 100% Berbrick 2024 Il s'agit de la derni\u00e8re collaboration entre Medicom Toy et la Fondation Jean Michel Basquiat. \u00c0 propos de Jean Michel Basquiat : Leader du mouvement underground \u00e0 New York dans les ann\u00e9es 80, Jean-Michel Basquiat est un artiste qui influence plus que jamais la culture artistique contemporaine. Ses peintures et dessins, critiques sociales par excellence, ...<\/p>\n<p class=\"read-more\"> <a class=\"\" href=\"https:\/\/thefactoryconceptstore.com\/fr\/products\/jean-michel-basquiat-x-medicom-toy-berbrick-basquiat-v11-400-100-bearbrick-2024\/\"> <span class=\"screen-reader-text\">Jean Michel Basquiat x Medicom Toy - Be@rbrick Basquiat V11 400% 100% Bearbrick 2024<\/span> Lire la suite \"<\/a><\/p>","protected":false},"featured_media":11771,"template":"","meta":{"site-sidebar-layout":"default","site-content-layout":"default","ast-global-header-display":"","ast-banner-title-visibility":"","ast-main-header-display":"","ast-hfb-above-header-display":"","ast-hfb-below-header-display":"","ast-hfb-mobile-header-display":"","site-post-title":"","ast-breadcrumbs-content":"","ast-featured-img":"","footer-sml-layout":"","theme-transparent-header-meta":"default","adv-header-id-meta":"","stick-header-meta":"","header-above-stick-meta":"","header-main-stick-meta":"","header-below-stick-meta":""},"product_brand":[],"product_cat":[33],"product_tag":[],"class_list":{"0":"post-11769","1":"product","2":"type-product","3":"status-publish","4":"has-post-thumbnail","6":"product_cat-bearbrick","7":"desktop-align-left","8":"tablet-align-left","9":"mobile-align-left","11":"first","12":"instock","13":"shipping-taxable","14":"purchasable","15":"product-type-simple"},"_links":{"self":[{"href":"https:\/\/thefactoryconceptstore.com\/fr\/wp-json\/wp\/v2\/product\/11769","targetHints":{"allow":["GET"]}}],"collection":[{"href":"https:\/\/thefactoryconceptstore.com\/fr\/wp-json\/wp\/v2\/product"}],"about":[{"href":"https:\/\/thefactoryconceptstore.com\/fr\/wp-json\/wp\/v2\/types\/product"}],"version-history":[{"count":1,"href":"https:\/\/thefactoryconceptstore.com\/fr\/wp-json\/wp\/v2\/product\/11769\/revisions"}],"predecessor-version":[{"id":11783,"href":"https:\/\/thefactoryconceptstore.com\/fr\/wp-json\/wp\/v2\/product\/11769\/revisions\/11783"}],"wp:featuredmedia":[{"embeddable":true,"href":"https:\/\/thefactoryconceptstore.com\/fr\/wp-json\/wp\/v2\/media\/11771"}],"wp:attachment":[{"href":"https:\/\/thefactoryconceptstore.com\/fr\/wp-json\/wp\/v2\/media?parent=11769"}],"wp:term":[{"taxonomy":"product_brand","embeddable":true,"href":"https:\/\/thefactoryconceptstore.com\/fr\/wp-json\/wp\/v2\/product_brand?post=11769"},{"taxonomy":"product_cat","embeddable":true,"href":"https:\/\/thefactoryconceptstore.com\/fr\/wp-json\/wp\/v2\/product_cat?post=11769"},{"taxonomy":"product_tag","embeddable":true,"href":"https:\/\/thefactoryconceptstore.com\/fr\/wp-json\/wp\/v2\/product_tag?post=11769"}],"curies":[{"name":"wp","href":"https:\/\/api.w.org\/{rel}","templated":true}]}}