{"id":11747,"date":"2024-01-30T09:37:35","date_gmt":"2024-01-30T08:37:35","guid":{"rendered":"https:\/\/thefactoryconceptstore.com\/?post_type=product&#038;p=11747"},"modified":"2024-12-03T16:38:29","modified_gmt":"2024-12-03T15:38:29","slug":"berbrick-keith-haring-v10-400-100-2023","status":"publish","type":"product","link":"https:\/\/thefactoryconceptstore.com\/fr\/products\/berbrick-keith-haring-v10-400-100-2023\/","title":{"rendered":"BE@RBRICK KEITH HARING V10 400% 100% 2023"},"content":{"rendered":"<p>Be@rbrick Keith Harring v10 400% + 100% 2023<\/p>\n<p>Medicom Toy propose ce set de 100% et 400% Be@rbirck, avec un motif de l'\u0153uvre d'art du c\u00e9l\u00e8bre artiste am\u00e9ricain et activiste social, Keith Haring. Il s'agit du dixi\u00e8me Keith Haring Be@rbricl \u00e0 sortir.<\/p>\n<p>Les couleurs sont parfaitement assorties et sa signature est imprim\u00e9e au dos. Ils mesurent 7 cm et 28 cm. Faites-en un ajout unique \u00e0 votre collection d'art ou de Be@rbrcik.<\/p>\n<p>Medicom Toy utilise la technologie du transfert d'eau pour garantir un placement unique de l'impression sur chaque Be@rbrick. Cela signifie que chaque Be@rbrick sera sp\u00e9ciale et unique.<\/p>","protected":false},"excerpt":{"rendered":"<p>Be@rbrick Keith Harring v10 400% + 100% 2023 Medicom Toy pr\u00e9sente ce set Be@rbirck 100% &amp; 400% avec un motif all-over d'une \u0153uvre d'art du c\u00e9l\u00e8bre artiste am\u00e9ricain et activiste social, Keith Haring. Il s'agit du dixi\u00e8me Be@rbricl Keith Haring \u00e0 sortir. Les couleurs sont parfaitement assorties et sa signature est imprim\u00e9e sur ...<\/p>\n<p class=\"read-more\"> <a class=\"\" href=\"https:\/\/thefactoryconceptstore.com\/fr\/products\/berbrick-keith-haring-v10-400-100-2023\/\"> <span class=\"screen-reader-text\">BE@RBRICK KEITH HARING V10 400% 100% 2023<\/span> Lire la suite \"<\/a><\/p>","protected":false},"featured_media":11763,"template":"","meta":{"site-sidebar-layout":"default","site-content-layout":"default","ast-global-header-display":"","ast-banner-title-visibility":"","ast-main-header-display":"","ast-hfb-above-header-display":"","ast-hfb-below-header-display":"","ast-hfb-mobile-header-display":"","site-post-title":"","ast-breadcrumbs-content":"","ast-featured-img":"","footer-sml-layout":"","theme-transparent-header-meta":"default","adv-header-id-meta":"","stick-header-meta":"","header-above-stick-meta":"","header-main-stick-meta":"","header-below-stick-meta":""},"product_brand":[],"product_cat":[33],"product_tag":[],"class_list":{"0":"post-11747","1":"product","2":"type-product","3":"status-publish","4":"has-post-thumbnail","6":"product_cat-bearbrick","7":"desktop-align-left","8":"tablet-align-left","9":"mobile-align-left","11":"first","12":"outofstock","13":"shipping-taxable","14":"purchasable","15":"product-type-simple"},"_links":{"self":[{"href":"https:\/\/thefactoryconceptstore.com\/fr\/wp-json\/wp\/v2\/product\/11747","targetHints":{"allow":["GET"]}}],"collection":[{"href":"https:\/\/thefactoryconceptstore.com\/fr\/wp-json\/wp\/v2\/product"}],"about":[{"href":"https:\/\/thefactoryconceptstore.com\/fr\/wp-json\/wp\/v2\/types\/product"}],"version-history":[{"count":1,"href":"https:\/\/thefactoryconceptstore.com\/fr\/wp-json\/wp\/v2\/product\/11747\/revisions"}],"predecessor-version":[{"id":11764,"href":"https:\/\/thefactoryconceptstore.com\/fr\/wp-json\/wp\/v2\/product\/11747\/revisions\/11764"}],"wp:featuredmedia":[{"embeddable":true,"href":"https:\/\/thefactoryconceptstore.com\/fr\/wp-json\/wp\/v2\/media\/11763"}],"wp:attachment":[{"href":"https:\/\/thefactoryconceptstore.com\/fr\/wp-json\/wp\/v2\/media?parent=11747"}],"wp:term":[{"taxonomy":"product_brand","embeddable":true,"href":"https:\/\/thefactoryconceptstore.com\/fr\/wp-json\/wp\/v2\/product_brand?post=11747"},{"taxonomy":"product_cat","embeddable":true,"href":"https:\/\/thefactoryconceptstore.com\/fr\/wp-json\/wp\/v2\/product_cat?post=11747"},{"taxonomy":"product_tag","embeddable":true,"href":"https:\/\/thefactoryconceptstore.com\/fr\/wp-json\/wp\/v2\/product_tag?post=11747"}],"curies":[{"name":"wp","href":"https:\/\/api.w.org\/{rel}","templated":true}]}}