{"id":11699,"date":"2023-12-10T14:59:18","date_gmt":"2023-12-10T13:59:18","guid":{"rendered":"https:\/\/thefactoryconceptstore.com\/?post_type=product&#038;p=11699"},"modified":"2026-01-21T23:41:14","modified_gmt":"2026-01-21T22:41:14","slug":"fools-paradise-fools-paradise-x-tmall-super-professional-leon-mario","status":"publish","type":"product","link":"https:\/\/thefactoryconceptstore.com\/fr\/products\/fools-paradise-fools-paradise-x-tmall-super-professional-leon-mario\/","title":{"rendered":"Fools Paradise - Fools Super Professional Leon Mario"},"content":{"rendered":"<p>Fools Paradise - Fools Paradise x Professional Leon Mario 2021<\/p>\n<p>Fools Paradise x Tmall Super Professional Leon Mario Black edition<\/p>\n<p>Fan de Mario et L\u00e9on le film fran\u00e7ais ! Le paradis des fous a fait le meilleur combo ici !<\/p>\n<p>Ses figurines Super Professional. Le plombier 8-bit rencontre le mentor assassin fran\u00e7ais a d\u00e9pass\u00e9 la marque . Aujourd'hui, Fools Paradise revient (presque) au d\u00e9but avec le nouveau jouet en vinyle Sup Pro Essential, qui est une version de 26 cm de la figurine Sup Pro XL. La figurine pr\u00e9sente l'\u00e9quipement familier avec le pistolet silencieux Bullet Bill dans une main et une plante Piranha dans l'autre.<\/p>\n<p>La Sup Pro Essential se d\u00e9cline en quatre coloris en \u00e9dition ouverte, de quoi satisfaire presque tout le monde. Pour les traditionalistes, il y a l'\u00e9dition Classic en noir.<\/p>\n<p>Bien que le design de l'\u00e9dition Essential soit assez similaire \u00e0 la figurine originale qui faisait partie du tout premier set de deux figurines Super Professional (2018) avec Peach dans le r\u00f4le de Matilda, elle est l\u00e9g\u00e8rement plus petite que cette premi\u00e8re figurine (10,24\u2033 contre 11,81\u2033) et a \u00e9galement la pose des pieds joints au lieu de la pose de marche de l'original.<\/p>","protected":false},"excerpt":{"rendered":"<p>Fools Paradise x Tmall Super Professional Leon Mario Black edition<\/p>\n<p>Fan de Mario et L\u00e9on le film fran\u00e7ais ! Le paradis des fous a fait le meilleur combo ici !<\/p>\n<p>Ses figurines Super Professional. Le plombier 8-bit rencontre le mentor assassin fran\u00e7ais a d\u00e9pass\u00e9 la marque . Aujourd'hui, Fools Paradise revient (presque) au d\u00e9but avec le nouveau jouet en vinyle Sup Pro Essential, qui est une version de 26 cm de la figurine Sup Pro XL. La figurine pr\u00e9sente l'\u00e9quipement familier avec le pistolet silencieux Bullet Bill dans une main et une plante Piranha dans l'autre.<\/p>\n<p>La Sup Pro Essential se d\u00e9cline en quatre coloris en \u00e9dition ouverte, de quoi satisfaire presque tout le monde. Pour les traditionalistes, il y a l'\u00e9dition Classic en noir.<\/p>\n<p>Bien que le design de l'\u00e9dition Essential soit assez similaire \u00e0 la figurine originale qui faisait partie du tout premier set de deux figurines Super Professional (2018) avec Peach dans le r\u00f4le de Matilda, elle est l\u00e9g\u00e8rement plus petite que cette premi\u00e8re figurine (10,24\u2033 contre 11,81\u2033) et a \u00e9galement la pose des pieds joints au lieu de la pose de marche de l'original.<\/p>","protected":false},"featured_media":11708,"template":"","meta":{"site-sidebar-layout":"default","site-content-layout":"default","ast-global-header-display":"","ast-banner-title-visibility":"","ast-main-header-display":"","ast-hfb-above-header-display":"","ast-hfb-below-header-display":"","ast-hfb-mobile-header-display":"","site-post-title":"","ast-breadcrumbs-content":"","ast-featured-img":"","footer-sml-layout":"","theme-transparent-header-meta":"default","adv-header-id-meta":"","stick-header-meta":"","header-above-stick-meta":"","header-main-stick-meta":"","header-below-stick-meta":""},"product_brand":[],"product_cat":[22],"product_tag":[],"class_list":{"0":"post-11699","1":"product","2":"type-product","3":"status-publish","4":"has-post-thumbnail","6":"product_cat-art-toys","7":"desktop-align-left","8":"tablet-align-left","9":"mobile-align-left","11":"first","12":"onbackorder","13":"shipping-taxable","14":"purchasable","15":"product-type-simple"},"_links":{"self":[{"href":"https:\/\/thefactoryconceptstore.com\/fr\/wp-json\/wp\/v2\/product\/11699","targetHints":{"allow":["GET"]}}],"collection":[{"href":"https:\/\/thefactoryconceptstore.com\/fr\/wp-json\/wp\/v2\/product"}],"about":[{"href":"https:\/\/thefactoryconceptstore.com\/fr\/wp-json\/wp\/v2\/types\/product"}],"version-history":[{"count":2,"href":"https:\/\/thefactoryconceptstore.com\/fr\/wp-json\/wp\/v2\/product\/11699\/revisions"}],"predecessor-version":[{"id":11742,"href":"https:\/\/thefactoryconceptstore.com\/fr\/wp-json\/wp\/v2\/product\/11699\/revisions\/11742"}],"wp:featuredmedia":[{"embeddable":true,"href":"https:\/\/thefactoryconceptstore.com\/fr\/wp-json\/wp\/v2\/media\/11708"}],"wp:attachment":[{"href":"https:\/\/thefactoryconceptstore.com\/fr\/wp-json\/wp\/v2\/media?parent=11699"}],"wp:term":[{"taxonomy":"product_brand","embeddable":true,"href":"https:\/\/thefactoryconceptstore.com\/fr\/wp-json\/wp\/v2\/product_brand?post=11699"},{"taxonomy":"product_cat","embeddable":true,"href":"https:\/\/thefactoryconceptstore.com\/fr\/wp-json\/wp\/v2\/product_cat?post=11699"},{"taxonomy":"product_tag","embeddable":true,"href":"https:\/\/thefactoryconceptstore.com\/fr\/wp-json\/wp\/v2\/product_tag?post=11699"}],"curies":[{"name":"wp","href":"https:\/\/api.w.org\/{rel}","templated":true}]}}