{"id":11321,"date":"2023-06-15T19:06:27","date_gmt":"2023-06-15T17:06:27","guid":{"rendered":"https:\/\/thefactoryconceptstore.com\/?post_type=product&#038;p=11321"},"modified":"2023-12-10T12:19:45","modified_gmt":"2023-12-10T11:19:45","slug":"teenage-mutant-ninja-turtles-food-fight-by-ndikol","status":"publish","type":"product","link":"https:\/\/thefactoryconceptstore.com\/fr\/products\/teenage-mutant-ninja-turtles-food-fight-by-ndikol\/","title":{"rendered":"TEENAGE MUTANT NINJA TURTLES : FOOD FIGHT BY NDIKOL x MIGHTY JAXX 2022"},"content":{"rendered":"<p>TEENAGE MUTANT NINJA TURTLES : FOOD FIGHT BY NDIKOL x MIGHTY JAXX 2022<\/p>\n<p>Vous voulez un <i>pizza<\/i> cela ?<\/p>\n<p>Votre Tortue Ninja Mutante pr\u00e9f\u00e9r\u00e9e est de retour avec plus de pizza \u00e0 <i>yeet<\/i>! Cette fois-ci, Michelangelo porte les couleurs classiques de la tortue, tandis que sa bo\u00eete \u00e0 pizza re\u00e7oit un traitement noir et blanc semblable \u00e0 un pochoir, \u00e0 la mani\u00e8re de Ndikol ! Avec sa bo\u00eete remplie de pizzas poivr\u00e9es pr\u00eates \u00e0 \u00eatre lanc\u00e9es, vous savez que vous voulez \u00eatre de son c\u00f4t\u00e9 dans le combat pour la nourriture !<\/p>\n<p>Mat\u00e9riel : Vinyle<\/p>\n<p>Taille : 21 cm<\/p>\n<p>&nbsp;<\/p>","protected":false},"excerpt":{"rendered":"<p>TEENAGE MUTANT NINJA TURTLES : FOOD FIGHT BY NDIKOL x MIGHTY JAXX 2022 Tu veux une pizza ? Votre Tortue Ninja Mutante pr\u00e9f\u00e9r\u00e9e est de retour avec plus de pizzas \u00e0 manger ! Cette fois, Michelangelo porte les couleurs classiques de la tortue, tandis que sa bo\u00eete \u00e0 pizza re\u00e7oit un traitement noir et blanc semblable \u00e0 un pochoir, \u00e0 la mani\u00e8re de Ndikol ! Avec sa bo\u00eete pleine de pizzas poivr\u00e9es ...<\/p>\n<p class=\"read-more\"> <a class=\"\" href=\"https:\/\/thefactoryconceptstore.com\/fr\/products\/teenage-mutant-ninja-turtles-food-fight-by-ndikol\/\"> <span class=\"screen-reader-text\">TEENAGE MUTANT NINJA TURTLES : FOOD FIGHT BY NDIKOL x MIGHTY JAXX 2022<\/span> Lire la suite \"<\/a><\/p>","protected":false},"featured_media":11322,"template":"","meta":{"site-sidebar-layout":"default","site-content-layout":"default","ast-global-header-display":"","ast-banner-title-visibility":"","ast-main-header-display":"","ast-hfb-above-header-display":"","ast-hfb-below-header-display":"","ast-hfb-mobile-header-display":"","site-post-title":"","ast-breadcrumbs-content":"","ast-featured-img":"","footer-sml-layout":"","theme-transparent-header-meta":"default","adv-header-id-meta":"","stick-header-meta":"","header-above-stick-meta":"","header-main-stick-meta":"","header-below-stick-meta":""},"product_brand":[],"product_cat":[22],"product_tag":[],"class_list":{"0":"post-11321","1":"product","2":"type-product","3":"status-publish","4":"has-post-thumbnail","6":"product_cat-art-toys","7":"desktop-align-left","8":"tablet-align-left","9":"mobile-align-left","11":"first","12":"outofstock","13":"shipping-taxable","14":"purchasable","15":"product-type-simple"},"_links":{"self":[{"href":"https:\/\/thefactoryconceptstore.com\/fr\/wp-json\/wp\/v2\/product\/11321","targetHints":{"allow":["GET"]}}],"collection":[{"href":"https:\/\/thefactoryconceptstore.com\/fr\/wp-json\/wp\/v2\/product"}],"about":[{"href":"https:\/\/thefactoryconceptstore.com\/fr\/wp-json\/wp\/v2\/types\/product"}],"version-history":[{"count":6,"href":"https:\/\/thefactoryconceptstore.com\/fr\/wp-json\/wp\/v2\/product\/11321\/revisions"}],"predecessor-version":[{"id":11339,"href":"https:\/\/thefactoryconceptstore.com\/fr\/wp-json\/wp\/v2\/product\/11321\/revisions\/11339"}],"wp:featuredmedia":[{"embeddable":true,"href":"https:\/\/thefactoryconceptstore.com\/fr\/wp-json\/wp\/v2\/media\/11322"}],"wp:attachment":[{"href":"https:\/\/thefactoryconceptstore.com\/fr\/wp-json\/wp\/v2\/media?parent=11321"}],"wp:term":[{"taxonomy":"product_brand","embeddable":true,"href":"https:\/\/thefactoryconceptstore.com\/fr\/wp-json\/wp\/v2\/product_brand?post=11321"},{"taxonomy":"product_cat","embeddable":true,"href":"https:\/\/thefactoryconceptstore.com\/fr\/wp-json\/wp\/v2\/product_cat?post=11321"},{"taxonomy":"product_tag","embeddable":true,"href":"https:\/\/thefactoryconceptstore.com\/fr\/wp-json\/wp\/v2\/product_tag?post=11321"}],"curies":[{"name":"wp","href":"https:\/\/api.w.org\/{rel}","templated":true}]}}