{"id":11316,"date":"2023-06-15T19:09:07","date_gmt":"2023-06-15T17:09:07","guid":{"rendered":"https:\/\/thefactoryconceptstore.com\/?post_type=product&#038;p=11316"},"modified":"2024-02-13T21:35:09","modified_gmt":"2024-02-13T20:35:09","slug":"pigeon-in-flight-by-jeff-staple-x-mighty-jaxx","status":"publish","type":"product","link":"https:\/\/thefactoryconceptstore.com\/fr\/products\/pigeon-in-flight-by-jeff-staple-x-mighty-jaxx\/","title":{"rendered":"PIGEON EN VOL PAR JEFF STAPLE x MIGHTY JAXX 2022"},"content":{"rendered":"<p>PIGEON EN VOL PAR JEFF STAPLE x MIGHTY JAXX 2022<\/p>\n<p>Jeff Staple est de retour pour une nouvelle figurine de collection Pigeon en vol ! Les baskets sont un \u00e9l\u00e9ment essentiel de la mode de rue mondiale et en s'inspirant du design des baskets, STAPLE et Mighty Jaxx capturent cette essence dans une toute nouvelle figurine de pigeon !<\/p>\n<p>Mighty Jaxx est heureux de donner vie \u00e0 ce pigeon dans le cadre d'une collaboration exclusive avec Jeff Staple et sa marque STAPLE. Chaque \u00e9l\u00e9ment du pigeon, inspir\u00e9 des baskets, a \u00e9t\u00e9 fabriqu\u00e9 avec amour pour rendre hommage \u00e0 un \u00e9l\u00e9ment essentiel de la mode de rue : les chaussures fra\u00eeches.<\/p>\n<p>Les motifs inspir\u00e9s des textures font r\u00e9f\u00e9rence aux diff\u00e9rents mat\u00e9riaux utilis\u00e9s dans certaines des baskets les plus populaires au monde. Le corps du pigeon fait \u00e9galement allusion \u00e0 des \u00e9l\u00e9ments cl\u00e9s de la construction des baskets, notamment les lacets et les grilles. Voyez si vous en trouvez d'autres !<\/p>\n<p>Ce jouet artistique fera certainement tourner la t\u00eate des amateurs de baskets et de streetwear !<\/p>\n<p>Mati\u00e8re : Vinyle<\/p>\n<p>Taille : 21 cm<\/p>","protected":false},"excerpt":{"rendered":"<p>PIGEON IN FLIGHT BY JEFF STAPLE x MIGHTY JAXX 2022 Jeff Staple est de retour pour une nouvelle pi\u00e8ce de collection Pigeon in Flight ! Les baskets sont un \u00e9l\u00e9ment essentiel de la mode de rue mondiale et en s'inspirant du design des baskets, STAPLE et Mighty Jaxx capturent cette essence dans une toute nouvelle figurine de pigeon ! Mighty Jaxx est ravi d'apporter ce pigeon ...<\/p>\n<p class=\"read-more\"> <a class=\"\" href=\"https:\/\/thefactoryconceptstore.com\/fr\/products\/pigeon-in-flight-by-jeff-staple-x-mighty-jaxx\/\"> <span class=\"screen-reader-text\">PIGEON EN VOL PAR JEFF STAPLE x MIGHTY JAXX 2022<\/span> Lire la suite \"<\/a><\/p>","protected":false},"featured_media":11317,"template":"","meta":{"site-sidebar-layout":"default","site-content-layout":"default","ast-global-header-display":"","ast-banner-title-visibility":"","ast-main-header-display":"","ast-hfb-above-header-display":"","ast-hfb-below-header-display":"","ast-hfb-mobile-header-display":"","site-post-title":"","ast-breadcrumbs-content":"","ast-featured-img":"","footer-sml-layout":"","theme-transparent-header-meta":"default","adv-header-id-meta":"","stick-header-meta":"","header-above-stick-meta":"","header-main-stick-meta":"","header-below-stick-meta":""},"product_brand":[],"product_cat":[22],"product_tag":[],"class_list":{"0":"post-11316","1":"product","2":"type-product","3":"status-publish","4":"has-post-thumbnail","6":"product_cat-art-toys","7":"desktop-align-left","8":"tablet-align-left","9":"mobile-align-left","11":"first","12":"outofstock","13":"shipping-taxable","14":"purchasable","15":"product-type-simple"},"_links":{"self":[{"href":"https:\/\/thefactoryconceptstore.com\/fr\/wp-json\/wp\/v2\/product\/11316","targetHints":{"allow":["GET"]}}],"collection":[{"href":"https:\/\/thefactoryconceptstore.com\/fr\/wp-json\/wp\/v2\/product"}],"about":[{"href":"https:\/\/thefactoryconceptstore.com\/fr\/wp-json\/wp\/v2\/types\/product"}],"version-history":[{"count":4,"href":"https:\/\/thefactoryconceptstore.com\/fr\/wp-json\/wp\/v2\/product\/11316\/revisions"}],"predecessor-version":[{"id":11338,"href":"https:\/\/thefactoryconceptstore.com\/fr\/wp-json\/wp\/v2\/product\/11316\/revisions\/11338"}],"wp:featuredmedia":[{"embeddable":true,"href":"https:\/\/thefactoryconceptstore.com\/fr\/wp-json\/wp\/v2\/media\/11317"}],"wp:attachment":[{"href":"https:\/\/thefactoryconceptstore.com\/fr\/wp-json\/wp\/v2\/media?parent=11316"}],"wp:term":[{"taxonomy":"product_brand","embeddable":true,"href":"https:\/\/thefactoryconceptstore.com\/fr\/wp-json\/wp\/v2\/product_brand?post=11316"},{"taxonomy":"product_cat","embeddable":true,"href":"https:\/\/thefactoryconceptstore.com\/fr\/wp-json\/wp\/v2\/product_cat?post=11316"},{"taxonomy":"product_tag","embeddable":true,"href":"https:\/\/thefactoryconceptstore.com\/fr\/wp-json\/wp\/v2\/product_tag?post=11316"}],"curies":[{"name":"wp","href":"https:\/\/api.w.org\/{rel}","templated":true}]}}