{"id":11309,"date":"2023-06-15T19:14:09","date_gmt":"2023-06-15T17:14:09","guid":{"rendered":"https:\/\/thefactoryconceptstore.com\/?post_type=product&#038;p=11309"},"modified":"2024-12-03T16:49:58","modified_gmt":"2024-12-03T15:49:58","slug":"a-wood-awakening-xmas-edition-by-juce-gace-x-mighty-jaxx-2022","status":"publish","type":"product","link":"https:\/\/thefactoryconceptstore.com\/fr\/products\/a-wood-awakening-xmas-edition-by-juce-gace-x-mighty-jaxx-2022\/","title":{"rendered":"A WOOD AWAKENING XMAS EDITION BY JUCE GACE X MIGHTY JAXX 2022"},"content":{"rendered":"<p>A WOOD AWAKENING XMAS EDITION BY JUCE GACE X MIGHTY JAXX 2022<\/p>\n<p>D'accord, ce n'est pas encore No\u00ebl, mais je n'ai qu'une question \u00e0 vous poser : voulez-vous vraiment le f\u00eater sans votre marionnette pr\u00e9f\u00e9r\u00e9e ? L'\u00c9veil du bois (\u00e9dition de No\u00ebl) est l'un des plus beaux pour moi, car j'adore cette p\u00e9riode de l'ann\u00e9e. Et vous ?<\/p>\n<p>Mati\u00e8re : Vinyle<\/p>\n<p>Taille : 25cm<\/p>\n<p>&nbsp;<\/p>","protected":false},"excerpt":{"rendered":"<p>L'\u00c9VEIL DU BOIS \u00c9DITION DE NO\u00cbL PAR JUCE GACE X MIGHTY JAXX 2022 Ce n'est pas encore No\u00ebl, mais je n'ai qu'une question \u00e0 vous poser : voulez-vous vraiment le f\u00eater sans votre marionnette pr\u00e9f\u00e9r\u00e9e ? A Wood Awakening (Christmas Edition) est l'un des plus beaux pour moi car j'adore cette saison de ...<\/p>\n<p class=\"read-more\"> <a class=\"\" href=\"https:\/\/thefactoryconceptstore.com\/fr\/products\/a-wood-awakening-xmas-edition-by-juce-gace-x-mighty-jaxx-2022\/\"> <span class=\"screen-reader-text\">A WOOD AWAKENING XMAS EDITION BY JUCE GACE X MIGHTY JAXX 2022<\/span> Lire la suite \"<\/a><\/p>","protected":false},"featured_media":11731,"template":"","meta":{"site-sidebar-layout":"default","site-content-layout":"default","ast-global-header-display":"","ast-banner-title-visibility":"","ast-main-header-display":"","ast-hfb-above-header-display":"","ast-hfb-below-header-display":"","ast-hfb-mobile-header-display":"","site-post-title":"","ast-breadcrumbs-content":"","ast-featured-img":"","footer-sml-layout":"","theme-transparent-header-meta":"default","adv-header-id-meta":"","stick-header-meta":"","header-above-stick-meta":"","header-main-stick-meta":"","header-below-stick-meta":""},"product_brand":[],"product_cat":[22],"product_tag":[],"class_list":{"0":"post-11309","1":"product","2":"type-product","3":"status-publish","4":"has-post-thumbnail","6":"product_cat-art-toys","7":"desktop-align-left","8":"tablet-align-left","9":"mobile-align-left","11":"first","12":"instock","13":"shipping-taxable","14":"purchasable","15":"product-type-simple"},"_links":{"self":[{"href":"https:\/\/thefactoryconceptstore.com\/fr\/wp-json\/wp\/v2\/product\/11309","targetHints":{"allow":["GET"]}}],"collection":[{"href":"https:\/\/thefactoryconceptstore.com\/fr\/wp-json\/wp\/v2\/product"}],"about":[{"href":"https:\/\/thefactoryconceptstore.com\/fr\/wp-json\/wp\/v2\/types\/product"}],"version-history":[{"count":3,"href":"https:\/\/thefactoryconceptstore.com\/fr\/wp-json\/wp\/v2\/product\/11309\/revisions"}],"predecessor-version":[{"id":11337,"href":"https:\/\/thefactoryconceptstore.com\/fr\/wp-json\/wp\/v2\/product\/11309\/revisions\/11337"}],"wp:featuredmedia":[{"embeddable":true,"href":"https:\/\/thefactoryconceptstore.com\/fr\/wp-json\/wp\/v2\/media\/11731"}],"wp:attachment":[{"href":"https:\/\/thefactoryconceptstore.com\/fr\/wp-json\/wp\/v2\/media?parent=11309"}],"wp:term":[{"taxonomy":"product_brand","embeddable":true,"href":"https:\/\/thefactoryconceptstore.com\/fr\/wp-json\/wp\/v2\/product_brand?post=11309"},{"taxonomy":"product_cat","embeddable":true,"href":"https:\/\/thefactoryconceptstore.com\/fr\/wp-json\/wp\/v2\/product_cat?post=11309"},{"taxonomy":"product_tag","embeddable":true,"href":"https:\/\/thefactoryconceptstore.com\/fr\/wp-json\/wp\/v2\/product_tag?post=11309"}],"curies":[{"name":"wp","href":"https:\/\/api.w.org\/{rel}","templated":true}]}}