{"id":11303,"date":"2023-06-15T19:21:00","date_gmt":"2023-06-15T17:21:00","guid":{"rendered":"https:\/\/thefactoryconceptstore.com\/?post_type=product&#038;p=11303"},"modified":"2024-02-13T21:34:28","modified_gmt":"2024-02-13T20:34:28","slug":"humpek-black-white-by-whathisname-x-mighty-jaxx-2018","status":"publish","type":"product","link":"https:\/\/thefactoryconceptstore.com\/fr\/products\/humpek-black-white-by-whathisname-x-mighty-jaxx-2018\/","title":{"rendered":"HUMPEK BLACK &amp; WHITE BY WHATHISNAME x MIGHTY JAXX 2018"},"content":{"rendered":"<p>HUMPEK BLACK &amp; WHITE BY WHATHISNAME x MIGHTY JAXX 2018<\/p>\n<p>Devinez qui est de retour ? Ils sont de nouveau de retour ! C'est exact, c'est l'artiste londonien Whatshisname qui est de retour avec le deuxi\u00e8me coloris de HUMPek ! Regardez ce duo sexy s'adonner \u00e0 la levrette et il ne fait aucun doute que leur union se fera dans 50 nuances de gris. Allez-y, regardez-les, ne soyez pas timides ! D'une hauteur de 10 pouces, le HUMPek se d\u00e9cline en noir et blanc, cr\u00e9ant une harmonie parfaite pour tout amateur d'art moderne et d'amour. Ou peut-\u00eatre juste un moment sexy et torride... mais l'essentiel est que vous vous offriez un bon moment et que vous laissiez ce couple amoureux pimenter votre collection d\u00e8s aujourd'hui !<\/p>\n<p>Mat\u00e9riau : Vinyle<\/p>\n<p>Taille : 25 cm<\/p>","protected":false},"excerpt":{"rendered":"<p>HUMPEK BLACK &amp; WHITE BY WHATHISNAME x MIGHTY JAXX 2018 Devinez qui est de retour ? Ils sont de nouveau de retour ! C'est vrai, c'est l'artiste londonien, Whatshisname, qui revient avec le deuxi\u00e8me colorway de HUMPek ! Regardez ce duo sexy s'adonner \u00e0 la levrette et nul doute que leur union sera vraiment en 50 nuances de gris. Allez-y, regardez-les, ne soyez pas ...<\/p>\n<p class=\"read-more\"> <a class=\"\" href=\"https:\/\/thefactoryconceptstore.com\/fr\/products\/humpek-black-white-by-whathisname-x-mighty-jaxx-2018\/\"> <span class=\"screen-reader-text\">HUMPEK BLACK &amp; WHITE BY WHATHISNAME x MIGHTY JAXX 2018<\/span> Lire la suite \"<\/a><\/p>","protected":false},"featured_media":11304,"template":"","meta":{"site-sidebar-layout":"default","site-content-layout":"default","ast-global-header-display":"","ast-banner-title-visibility":"","ast-main-header-display":"","ast-hfb-above-header-display":"","ast-hfb-below-header-display":"","ast-hfb-mobile-header-display":"","site-post-title":"","ast-breadcrumbs-content":"","ast-featured-img":"","footer-sml-layout":"","theme-transparent-header-meta":"default","adv-header-id-meta":"","stick-header-meta":"","header-above-stick-meta":"","header-main-stick-meta":"","header-below-stick-meta":""},"product_brand":[],"product_cat":[22],"product_tag":[],"class_list":{"0":"post-11303","1":"product","2":"type-product","3":"status-publish","4":"has-post-thumbnail","6":"product_cat-art-toys","7":"desktop-align-left","8":"tablet-align-left","9":"mobile-align-left","11":"first","12":"instock","13":"shipping-taxable","14":"purchasable","15":"product-type-simple"},"_links":{"self":[{"href":"https:\/\/thefactoryconceptstore.com\/fr\/wp-json\/wp\/v2\/product\/11303","targetHints":{"allow":["GET"]}}],"collection":[{"href":"https:\/\/thefactoryconceptstore.com\/fr\/wp-json\/wp\/v2\/product"}],"about":[{"href":"https:\/\/thefactoryconceptstore.com\/fr\/wp-json\/wp\/v2\/types\/product"}],"version-history":[{"count":3,"href":"https:\/\/thefactoryconceptstore.com\/fr\/wp-json\/wp\/v2\/product\/11303\/revisions"}],"predecessor-version":[{"id":11341,"href":"https:\/\/thefactoryconceptstore.com\/fr\/wp-json\/wp\/v2\/product\/11303\/revisions\/11341"}],"wp:featuredmedia":[{"embeddable":true,"href":"https:\/\/thefactoryconceptstore.com\/fr\/wp-json\/wp\/v2\/media\/11304"}],"wp:attachment":[{"href":"https:\/\/thefactoryconceptstore.com\/fr\/wp-json\/wp\/v2\/media?parent=11303"}],"wp:term":[{"taxonomy":"product_brand","embeddable":true,"href":"https:\/\/thefactoryconceptstore.com\/fr\/wp-json\/wp\/v2\/product_brand?post=11303"},{"taxonomy":"product_cat","embeddable":true,"href":"https:\/\/thefactoryconceptstore.com\/fr\/wp-json\/wp\/v2\/product_cat?post=11303"},{"taxonomy":"product_tag","embeddable":true,"href":"https:\/\/thefactoryconceptstore.com\/fr\/wp-json\/wp\/v2\/product_tag?post=11303"}],"curies":[{"name":"wp","href":"https:\/\/api.w.org\/{rel}","templated":true}]}}