{"id":11282,"date":"2023-06-15T19:33:40","date_gmt":"2023-06-15T17:33:40","guid":{"rendered":"https:\/\/thefactoryconceptstore.com\/?post_type=product&#038;p=11282"},"modified":"2023-06-15T19:33:40","modified_gmt":"2023-06-15T17:33:40","slug":"bugaia-lavant-mains-zelda","status":"publish","type":"product","link":"https:\/\/thefactoryconceptstore.com\/fr\/products\/bugaia-lavant-mains-zelda\/","title":{"rendered":"BUGAIA LAVANT MAINS ZELDA"},"content":{"rendered":"<h6><span style=\"font-weight: 400;\">LA DOUCEUR D'UN SAVON PARFUM\u00c9 FLORAL<\/span><\/h6>\n<p><span style=\"font-weight: 400;\">Le savon Zelda enveloppe vos mains d'un parfum floral l\u00e9g\u00e8rement poudr\u00e9. Ses notes de bergamote et de rose impr\u00e8gnent votre peau et vous suivent durant de longues heures. Telle la caresse d'un voile, l'onctuosit\u00e9 de sa mousse adoucit vos mains tout en les nettoyant en profondeur. Chaque lavage vous lib\u00e8re des tensions accumul\u00e9es et devient un petit plaisir du quotidien.<\/span><\/p>\n<h6><span style=\"font-weight: 400;\">UN DESIGN RAFFIN\u00c9 POUR UNE SALLE DE BAIN LUXUEUSE<\/span><\/h6>\n<p><span style=\"font-weight: 400;\">Succombez au charme sophistiqu\u00e9 du lavant mains Zelda. Dispos\u00e9 sur la vasque de votre salle de bain, son flacon bleu nuit agr\u00e9mente votre d\u00e9coration en lui apportant une dimension fastueuse. Rechargeable \u00e0 l'infini, il est certain que ce savon parfum\u00e9 de luxe ne vous quittera plus.<\/span><\/p>\n<p>&nbsp;<\/p>\n<p>Le rituel du lavage de mains peut devenir un petit luxe quotidien<\/p>\n<p><strong>.\u00a0<\/strong>Le lavant mains Zelda veut vous offrir un instant r\u00e9confortant gr\u00e2ce \u00e0 son parfum floral<b>.<\/b><\/p>\n<p><strong>Notes de t\u00eate<\/strong> bergamote, rose.<br \/>\n<strong>Notes de c\u0153ur<\/strong> : ambre, bois de santal.<br \/>\n<strong>Notes de fond<\/strong> : mousse de ch\u00eane, c\u00e8dre, patchouli.<\/p>\n<p>250 ML<\/p>\n<p>&nbsp;<\/p>","protected":false},"excerpt":{"rendered":"<p>LA DOUCEUR D'UN SAVON PARFUM\u00c9 FLORAL Le savon Zelda enveloppe vos mains d'un parfum floral l\u00e9g\u00e8rement poudr\u00e9. Ses notes de bergamote et de rose impr\u00e8gnent votre peau et vous suivent durant de longues heures. Telle la caresse d'un voile, l'onctuosit\u00e9 de sa mousse adoucit vos mains tout en les nettoyant en profondeur. Chaque lavage vous ...<\/p>\n<p class=\"read-more\"> <a class=\"\" href=\"https:\/\/thefactoryconceptstore.com\/fr\/products\/bugaia-lavant-mains-zelda\/\"> <span class=\"screen-reader-text\">BUGAIA LAVANT MAINS ZELDA<\/span> Lire la suite \"<\/a><\/p>","protected":false},"featured_media":11283,"template":"","meta":{"site-sidebar-layout":"default","site-content-layout":"default","ast-global-header-display":"","ast-banner-title-visibility":"","ast-main-header-display":"","ast-hfb-above-header-display":"","ast-hfb-below-header-display":"","ast-hfb-mobile-header-display":"","site-post-title":"","ast-breadcrumbs-content":"","ast-featured-img":"","footer-sml-layout":"","theme-transparent-header-meta":"default","adv-header-id-meta":"","stick-header-meta":"","header-above-stick-meta":"","header-main-stick-meta":"","header-below-stick-meta":""},"product_brand":[],"product_cat":[52,55],"product_tag":[],"class_list":{"0":"post-11282","1":"product","2":"type-product","3":"status-publish","4":"has-post-thumbnail","6":"product_cat-home-and-design","7":"product_cat-candles-fragance","8":"desktop-align-left","9":"tablet-align-left","10":"mobile-align-left","12":"first","13":"instock","14":"shipping-taxable","15":"purchasable","16":"product-type-simple"},"_links":{"self":[{"href":"https:\/\/thefactoryconceptstore.com\/fr\/wp-json\/wp\/v2\/product\/11282","targetHints":{"allow":["GET"]}}],"collection":[{"href":"https:\/\/thefactoryconceptstore.com\/fr\/wp-json\/wp\/v2\/product"}],"about":[{"href":"https:\/\/thefactoryconceptstore.com\/fr\/wp-json\/wp\/v2\/types\/product"}],"version-history":[{"count":3,"href":"https:\/\/thefactoryconceptstore.com\/fr\/wp-json\/wp\/v2\/product\/11282\/revisions"}],"predecessor-version":[{"id":11347,"href":"https:\/\/thefactoryconceptstore.com\/fr\/wp-json\/wp\/v2\/product\/11282\/revisions\/11347"}],"wp:featuredmedia":[{"embeddable":true,"href":"https:\/\/thefactoryconceptstore.com\/fr\/wp-json\/wp\/v2\/media\/11283"}],"wp:attachment":[{"href":"https:\/\/thefactoryconceptstore.com\/fr\/wp-json\/wp\/v2\/media?parent=11282"}],"wp:term":[{"taxonomy":"product_brand","embeddable":true,"href":"https:\/\/thefactoryconceptstore.com\/fr\/wp-json\/wp\/v2\/product_brand?post=11282"},{"taxonomy":"product_cat","embeddable":true,"href":"https:\/\/thefactoryconceptstore.com\/fr\/wp-json\/wp\/v2\/product_cat?post=11282"},{"taxonomy":"product_tag","embeddable":true,"href":"https:\/\/thefactoryconceptstore.com\/fr\/wp-json\/wp\/v2\/product_tag?post=11282"}],"curies":[{"name":"wp","href":"https:\/\/api.w.org\/{rel}","templated":true}]}}