{"id":11276,"date":"2023-06-15T19:36:09","date_gmt":"2023-06-15T17:36:09","guid":{"rendered":"https:\/\/thefactoryconceptstore.com\/?post_type=product&#038;p=11276"},"modified":"2023-06-15T19:36:09","modified_gmt":"2023-06-15T17:36:09","slug":"bugaia-large-scented-candle-ava","status":"publish","type":"product","link":"https:\/\/thefactoryconceptstore.com\/fr\/products\/bugaia-large-scented-candle-ava\/","title":{"rendered":"BUGAIA GRANDE BOUGIE PARFUM\u00c9E AVA"},"content":{"rendered":"<h6>BUGAIA GRANDE BOUGIE PARFUM\u00c9E AVA<\/h6>\n<p>&nbsp;<\/p>\n<h6 class=\"column\"><span style=\"font-weight: 400;\">UN PARFUM SAISISSANT<\/span><\/h6>\n<p><span style=\"font-weight: 400;\">Aussi sensuelle qu'envo\u00fbtante, la grande bougie parfum\u00e9e Ava r\u00e9v\u00e8le ses facettes orientales pour plonger votre espace de vie dans un d\u00e9cor somptueux teint\u00e9 d'exotisme. Ses notes bois\u00e9es et d'encens s'ex\u00e9cutent \u00e0 l'unisson dans une fragrance inoubliable. C'est ainsi que la bergamote se conjugue au safran et au bois de cachemire pour envelopper votre int\u00e9rieur d'une atmosph\u00e8re chaleureuse et r\u00e9confortante.\u00a0<\/span><\/p>\n<h6><span style=\"font-weight: 400;\">UNE GRANDE BOUGIE PARFUM\u00c9E AU STYLE ART D\u00c9CO<\/span><\/h6>\n<p><span style=\"font-weight: 400;\">Arborant des motifs g\u00e9om\u00e9triques avant-gardistes, cette grande bougie Bugaia devient alors objet de d\u00e9coration. Son \u00e9crin de verre exhibe des teintes roses poudr\u00e9es qui conf\u00e8rent une ambiance tant luxueuse qu'apaisante. La chaleur de ses 3 flammes apporte une dimension intime \u00e0 vos pi\u00e8ces qui se voient embaum\u00e9es d'un parfum fascinant durant 150 heures.<\/span><\/p>\n<p>Grande. Comme le nom de cette figure iconique et incendiaire qui enflamma le cin\u00e9ma hollywoodien des ann\u00e9es 1950. Envo\u00fbtante Ava Gardener. Comme la senteur de ce floral oriental , d\u00e9ployant sa sensualit\u00e9 narcotique. Dans son \u00e9crin de verre, la vanille se lie subtilement aux essences de safran et flirte avec une bergamote aux accents bois\u00e9s. Des nu\u00e9es \u00e9manant de trois m\u00e8ches, qui nous feraient entrevoir\u00a0<i>\" La Comtesse aux pieds nus<\/i>\u00a0\", celle que l'on surnommait l'une des plus belles femmes du monde.<\/p>\n<p><span style=\"font-weight: 400;\"><span class=\"gmail-column\"><span class=\"gmail-layoutArea\">Notes de t\u00eate : bergamote, p\u00eache\u00a0<\/span> <span class=\"gmail-layoutArea\">Notes de c\u0153ur : safran, encens, rose<\/span> <span class=\"gmail-layoutArea\">Notes de fond : vanille, c\u00e8dre, bois de cachemir<\/span><\/span><\/span><\/p>\n<p><strong><span class=\"gmail-column\"><span class=\"gmail-layoutArea\">Temps de br\u00fblage : 150 heures.<\/span><\/span><\/strong><\/p>\n<p>&nbsp;<\/p>","protected":false},"excerpt":{"rendered":"<p>BUGAIA LARGE SCENTED CANDLE AVA UN PARFUM SAISISSANT Aussi sensuelle qu'envo\u00fbtante, la grande bougie parfum\u00e9e Ava r\u00e9v\u00e8le ses facettes orientales pour plonger votre espace de vie dans un d\u00e9cor somptueux teint\u00e9 d'exotisme. Ses notes bois\u00e9es et d'encens s'ex\u00e9cutent \u00e0 l'unisson dans une fragrance inoubliable. C'est ainsi que la bergamote se conjugue au safran et ...<\/p>\n<p class=\"read-more\"> <a class=\"\" href=\"https:\/\/thefactoryconceptstore.com\/fr\/products\/bugaia-large-scented-candle-ava\/\"> <span class=\"screen-reader-text\">BUGAIA GRANDE BOUGIE PARFUM\u00c9E AVA<\/span> Lire la suite \"<\/a><\/p>","protected":false},"featured_media":11277,"template":"","meta":{"site-sidebar-layout":"default","site-content-layout":"default","ast-global-header-display":"","ast-banner-title-visibility":"","ast-main-header-display":"","ast-hfb-above-header-display":"","ast-hfb-below-header-display":"","ast-hfb-mobile-header-display":"","site-post-title":"","ast-breadcrumbs-content":"","ast-featured-img":"","footer-sml-layout":"","theme-transparent-header-meta":"default","adv-header-id-meta":"","stick-header-meta":"","header-above-stick-meta":"","header-main-stick-meta":"","header-below-stick-meta":""},"product_brand":[],"product_cat":[52,55],"product_tag":[],"class_list":{"0":"post-11276","1":"product","2":"type-product","3":"status-publish","4":"has-post-thumbnail","6":"product_cat-home-and-design","7":"product_cat-candles-fragance","8":"desktop-align-left","9":"tablet-align-left","10":"mobile-align-left","12":"first","13":"instock","14":"shipping-taxable","15":"purchasable","16":"product-type-simple"},"_links":{"self":[{"href":"https:\/\/thefactoryconceptstore.com\/fr\/wp-json\/wp\/v2\/product\/11276","targetHints":{"allow":["GET"]}}],"collection":[{"href":"https:\/\/thefactoryconceptstore.com\/fr\/wp-json\/wp\/v2\/product"}],"about":[{"href":"https:\/\/thefactoryconceptstore.com\/fr\/wp-json\/wp\/v2\/types\/product"}],"version-history":[{"count":3,"href":"https:\/\/thefactoryconceptstore.com\/fr\/wp-json\/wp\/v2\/product\/11276\/revisions"}],"predecessor-version":[{"id":11349,"href":"https:\/\/thefactoryconceptstore.com\/fr\/wp-json\/wp\/v2\/product\/11276\/revisions\/11349"}],"wp:featuredmedia":[{"embeddable":true,"href":"https:\/\/thefactoryconceptstore.com\/fr\/wp-json\/wp\/v2\/media\/11277"}],"wp:attachment":[{"href":"https:\/\/thefactoryconceptstore.com\/fr\/wp-json\/wp\/v2\/media?parent=11276"}],"wp:term":[{"taxonomy":"product_brand","embeddable":true,"href":"https:\/\/thefactoryconceptstore.com\/fr\/wp-json\/wp\/v2\/product_brand?post=11276"},{"taxonomy":"product_cat","embeddable":true,"href":"https:\/\/thefactoryconceptstore.com\/fr\/wp-json\/wp\/v2\/product_cat?post=11276"},{"taxonomy":"product_tag","embeddable":true,"href":"https:\/\/thefactoryconceptstore.com\/fr\/wp-json\/wp\/v2\/product_tag?post=11276"}],"curies":[{"name":"wp","href":"https:\/\/api.w.org\/{rel}","templated":true}]}}