{"id":11271,"date":"2023-06-15T19:38:03","date_gmt":"2023-06-15T17:38:03","guid":{"rendered":"https:\/\/thefactoryconceptstore.com\/?post_type=product&#038;p=11271"},"modified":"2023-06-15T19:38:03","modified_gmt":"2023-06-15T17:38:03","slug":"bugaia-scented-candle-ava","status":"publish","type":"product","link":"https:\/\/thefactoryconceptstore.com\/fr\/products\/bugaia-scented-candle-ava\/","title":{"rendered":"BOUGIE PARFUM\u00c9E BUGAIA AVA"},"content":{"rendered":"<p>BOUGIE PARFUM\u00c9E BUGAIA AVA<\/p>\n<div class=\"ProductMeta__Description\">\n<div class=\"Rte\">\n<div id=\"6945989263404\" class=\"easytabs-container tab-widget-6945989263404 easytabs-inited easytabs-flexible\" data-et-min-width=\"0\" data-et-auto-accordion=\"1\" data-et-cbw=\"3\" data-et-cbr=\"3\" data-et-sta=\"1\" data-et-amp=\"0\" data-et-adv=\"0\" data-et-flx=\"1\" data-et-wt=\"0\" data-et-ao=\"0\" data-et-tabs-width=\"456\">\n<div class=\"easytabs-holder\">\n<div class=\"easytabs-contents\" role=\"tablist\">\n<div class=\"easytabs-content-item easytabs-active\" data-et-marker=\"tabs-bougie-ava-290g-3\" data-et-handle=\"tabs-composition\">\n<div class=\"easytabs-content-holder\" role=\"tabpanel\" aria-labelledby=\"easytabs-slide-label-6945989263404-1\" aria-expanded=\"true\" aria-hidden=\"false\">\n<h6>LES SENTEURS RAFFIN\u00c9ES D'UN PARFUM ORIENTAL ET FLORAL<\/h6>\n<p>Comme un voyage au c\u0153ur de l'Orient, la bougie parfum\u00e9e Ava \u00e9veille les sens. Cette fragrance florale orientale d\u00e9voile en son c\u0153ur, des notes de safran, d'encens et de rose qui lui conf\u00e8rent sa personnalit\u00e9 sensuelle. La douceur de la vanille enlace les senteurs bois\u00e9es du c\u00e8dre et du bois de cachemire pour envelopper votre int\u00e9rieur d'un sillage voluptueux. Chaque ar\u00f4me s'entrem\u00eale dans un accord parfait qui rappelle l'atmosph\u00e8re fastueuse d'un palais oriental.<\/p>\n<h6>UNE BOUGIE PARFUM\u00c9E QUI PR\u00d4NE LE NATUREL<\/h6>\n<p>Coul\u00e9e dans un verre aux motifs Art d\u00e9co, la bougie parfum\u00e9e Ava r\u00e9pond \u00e0 une \u00e9thique implacable. Con\u00e7ue \u00e0 base de cire v\u00e9g\u00e9tale de colza, son parfum soigneusement \u00e9labor\u00e9 \u00e0 Grasse se diffuse largement dans l'espace. Dot\u00e9e d'une m\u00e8che en coton sans plomb, sa combustion se fait en toute s\u00e9r\u00e9nit\u00e9 pour une dur\u00e9e de 50 \u00e0 55 heures.<\/p>\n<\/div>\n<\/div>\n<div class=\"easytabs-content-item\" data-et-marker=\"tabs-bougie-ava-290g-4\" data-et-handle=\"tabs-utilisation\"><\/div>\n<\/div>\n<div class=\"easytabs-undertabs-holder\"><\/div>\n<\/div>\n<\/div>\n<\/div>\n<\/div>\n<div class=\"ProductForm__Variants\"><\/div>\n<p>&nbsp;<\/p>\n<p>Troublante et fascinante, la bougie parfum\u00e9e Ava fait l'objet de tous les d\u00e9sirs. Combinaison subtile de senteurs orientales et florales, elle marque les int\u00e9rieurs d'une sensualit\u00e9 myst\u00e9rieuse.<\/p>\n<p>Notes de t\u00eate : bergamote, p\u00eache<br \/>\nNotes de c\u0153ur : safran, encens, rose<br \/>\nNotes de fond : vanille, c\u00e8dre, bois de cachemire<\/p>\n<p>Disponible en : 290 g.<\/p>\n<p>Temps de br\u00fblage : 50 - 55 heures.<\/p>\n<p>&nbsp;<\/p>\n<p>&nbsp;<\/p>","protected":false},"excerpt":{"rendered":"<p>BUGAIA SCENTED CANDLE AVA LES SENTEURS RAFFIN\u00c9ES D'UN PARFUM ORIENTAL ET FLORAL Comme un voyage au c\u0153ur de l'Orient, la bougie parfum\u00e9e Ava \u00e9veille les sens. Cette fragrance florale orientale d\u00e9voile en son c\u0153ur, des notes de safran, d'encens et de rose qui lui conf\u00e8rent sa personnalit\u00e9 sensuelle. La douceur de la vanille enlace les ...<\/p>\n<p class=\"read-more\"> <a class=\"\" href=\"https:\/\/thefactoryconceptstore.com\/fr\/products\/bugaia-scented-candle-ava\/\"> <span class=\"screen-reader-text\">BOUGIE PARFUM\u00c9E BUGAIA AVA<\/span> Lire la suite \"<\/a><\/p>","protected":false},"featured_media":11272,"template":"","meta":{"site-sidebar-layout":"default","site-content-layout":"default","ast-global-header-display":"","ast-banner-title-visibility":"","ast-main-header-display":"","ast-hfb-above-header-display":"","ast-hfb-below-header-display":"","ast-hfb-mobile-header-display":"","site-post-title":"","ast-breadcrumbs-content":"","ast-featured-img":"","footer-sml-layout":"","theme-transparent-header-meta":"default","adv-header-id-meta":"","stick-header-meta":"","header-above-stick-meta":"","header-main-stick-meta":"","header-below-stick-meta":""},"product_brand":[],"product_cat":[52,55],"product_tag":[],"class_list":{"0":"post-11271","1":"product","2":"type-product","3":"status-publish","4":"has-post-thumbnail","6":"product_cat-home-and-design","7":"product_cat-candles-fragance","8":"desktop-align-left","9":"tablet-align-left","10":"mobile-align-left","12":"first","13":"instock","14":"shipping-taxable","15":"purchasable","16":"product-type-simple"},"_links":{"self":[{"href":"https:\/\/thefactoryconceptstore.com\/fr\/wp-json\/wp\/v2\/product\/11271","targetHints":{"allow":["GET"]}}],"collection":[{"href":"https:\/\/thefactoryconceptstore.com\/fr\/wp-json\/wp\/v2\/product"}],"about":[{"href":"https:\/\/thefactoryconceptstore.com\/fr\/wp-json\/wp\/v2\/types\/product"}],"version-history":[{"count":3,"href":"https:\/\/thefactoryconceptstore.com\/fr\/wp-json\/wp\/v2\/product\/11271\/revisions"}],"predecessor-version":[{"id":11351,"href":"https:\/\/thefactoryconceptstore.com\/fr\/wp-json\/wp\/v2\/product\/11271\/revisions\/11351"}],"wp:featuredmedia":[{"embeddable":true,"href":"https:\/\/thefactoryconceptstore.com\/fr\/wp-json\/wp\/v2\/media\/11272"}],"wp:attachment":[{"href":"https:\/\/thefactoryconceptstore.com\/fr\/wp-json\/wp\/v2\/media?parent=11271"}],"wp:term":[{"taxonomy":"product_brand","embeddable":true,"href":"https:\/\/thefactoryconceptstore.com\/fr\/wp-json\/wp\/v2\/product_brand?post=11271"},{"taxonomy":"product_cat","embeddable":true,"href":"https:\/\/thefactoryconceptstore.com\/fr\/wp-json\/wp\/v2\/product_cat?post=11271"},{"taxonomy":"product_tag","embeddable":true,"href":"https:\/\/thefactoryconceptstore.com\/fr\/wp-json\/wp\/v2\/product_tag?post=11271"}],"curies":[{"name":"wp","href":"https:\/\/api.w.org\/{rel}","templated":true}]}}