{"id":11266,"date":"2023-06-15T19:39:13","date_gmt":"2023-06-15T17:39:13","guid":{"rendered":"https:\/\/thefactoryconceptstore.com\/?post_type=product&#038;p=11266"},"modified":"2023-06-15T19:39:13","modified_gmt":"2023-06-15T17:39:13","slug":"bugaia-scented-candles-rita","status":"publish","type":"product","link":"https:\/\/thefactoryconceptstore.com\/fr\/products\/bugaia-scented-candles-rita\/","title":{"rendered":"BOUGIES PARFUM\u00c9ES BUGAIA RITA"},"content":{"rendered":"<div class=\"ProductMeta__Description\">\n<div class=\"Rte\">\n<div id=\"6945971568684\" class=\"easytabs-container tab-widget-6945971568684 easytabs-inited easytabs-flexible\" data-et-min-width=\"0\" data-et-auto-accordion=\"1\" data-et-cbw=\"3\" data-et-cbr=\"3\" data-et-sta=\"1\" data-et-amp=\"0\" data-et-adv=\"0\" data-et-flx=\"1\" data-et-wt=\"0\" data-et-ao=\"0\" data-et-tabs-width=\"456\">\n<div class=\"easytabs-holder\">\n<div class=\"easytabs-contents\" role=\"tablist\">\n<div class=\"easytabs-content-item easytabs-active\" data-et-marker=\"tabs-bougie-rita-290g-3\" data-et-handle=\"tabs-composition\">\n<div class=\"easytabs-content-holder\" role=\"tabpanel\" aria-labelledby=\"easytabs-slide-label-6945971568684-1\" aria-expanded=\"true\" aria-hidden=\"false\">\n<h6>BOUGIES PARFUM\u00c9ES BUGAIA RITA<\/h6>\n<h6><\/h6>\n<h6>DES SENTEURS CUIR\u00c9ES ET \u00c9PIC\u00c9ES POUR UNE AMBIANCE CHIC ET GLAMOUR<\/h6>\n<p>Associ\u00e9e aux notes gourmandes de framboise et aux essences enivrantes de jasmin, la fra\u00eecheur \u00e9pic\u00e9e de la cardamome conf\u00e8re \u00e0 la bougie Rita un parfum exaltant. Un fond pr\u00e9cieux de patchouli et de c\u00e8dre ponctue cette fragrance de caract\u00e8re dans une atmosph\u00e8re envo\u00fbtante.<\/p>\n<h6>UNE BOUGIE PARFUM\u00c9E POUR UN INT\u00c9RIEUR R\u00c9SOLUMENT F\u00c9MININ<\/h6>\n<p>D'une douceur exquise, la bougie parfum\u00e9e Rita vient parfaire votre d\u00e9coration dans une ambiance chaleureuse. La sobri\u00e9t\u00e9 de son design relev\u00e9 d'une teinte rose poudr\u00e9e apporte \u00e0 votre int\u00e9rieur une touche immens\u00e9ment f\u00e9minine. Le soir venu, la flamme de sa m\u00e8che en coton r\u00e9pand une douce luminosit\u00e9 et transforme vos pi\u00e8ces en un refuge r\u00e9confortant. Cette bougie Bugaia con\u00e7ue \u00e0 base de cire v\u00e9g\u00e9tale, vous offre 55 heures de plaisir raffin\u00e9.<\/p>\n<\/div>\n<p>Un mariage irr\u00e9sistible de notes cur\u00e9es et \u00e9pic\u00e9es dans une fragrance aussi puissante que d\u00e9licate. M\u00e9morable comme la l\u00e9gende hollywoodienne qui a inspir\u00e9 son parfum, la bougie Ritar\u00e9v\u00e8le le glamour de votre int\u00e9rieur.<\/p>\n<p>Notes de t\u00eate : framboise, cardamome<br \/>\nNotes de c\u0153ur : cuir, jasmin, iris<br \/>\nNotes de fond : mousse, ambre, patchouli, c\u00e8dre<\/p>\n<p>Disponible en : 290g.<br \/>\nTemps de br\u00fblage : 50-55 heures.<\/p>\n<\/div>\n<\/div>\n<div class=\"easytabs-undertabs-holder\"><\/div>\n<\/div>\n<\/div>\n<\/div>\n<\/div>\n<div class=\"ProductForm__Variants\"><\/div>","protected":false},"excerpt":{"rendered":"<p>BUGAIA SCENTED CANDLES RITA DES SENTEURS CUIR\u00c9ES ET \u00c9PIC\u00c9ES POUR UNE AMBIANCE CHIC ET GLAMOUR Associ\u00e9e aux notes gourmandes de framboise et aux essences enivrantes de jasmin, la fra\u00eecheur \u00e9pic\u00e9e de la cardamome conf\u00e8re \u00e0 la bougie Rita un parfum exaltant. Un fond pr\u00e9cieux de patchouli et de c\u00e8dre ponctue cette fragrance de caract\u00e8re dans ...<\/p>\n<p class=\"read-more\"> <a class=\"\" href=\"https:\/\/thefactoryconceptstore.com\/fr\/products\/bugaia-scented-candles-rita\/\"> <span class=\"screen-reader-text\">BOUGIES PARFUM\u00c9ES BUGAIA RITA<\/span> Lire la suite \"<\/a><\/p>","protected":false},"featured_media":11267,"template":"","meta":{"site-sidebar-layout":"default","site-content-layout":"default","ast-global-header-display":"","ast-banner-title-visibility":"","ast-main-header-display":"","ast-hfb-above-header-display":"","ast-hfb-below-header-display":"","ast-hfb-mobile-header-display":"","site-post-title":"","ast-breadcrumbs-content":"","ast-featured-img":"","footer-sml-layout":"","theme-transparent-header-meta":"default","adv-header-id-meta":"","stick-header-meta":"","header-above-stick-meta":"","header-main-stick-meta":"","header-below-stick-meta":""},"product_brand":[],"product_cat":[52,55],"product_tag":[],"class_list":{"0":"post-11266","1":"product","2":"type-product","3":"status-publish","4":"has-post-thumbnail","6":"product_cat-home-and-design","7":"product_cat-candles-fragance","8":"desktop-align-left","9":"tablet-align-left","10":"mobile-align-left","12":"first","13":"instock","14":"shipping-taxable","15":"purchasable","16":"product-type-simple"},"_links":{"self":[{"href":"https:\/\/thefactoryconceptstore.com\/fr\/wp-json\/wp\/v2\/product\/11266","targetHints":{"allow":["GET"]}}],"collection":[{"href":"https:\/\/thefactoryconceptstore.com\/fr\/wp-json\/wp\/v2\/product"}],"about":[{"href":"https:\/\/thefactoryconceptstore.com\/fr\/wp-json\/wp\/v2\/types\/product"}],"version-history":[{"count":2,"href":"https:\/\/thefactoryconceptstore.com\/fr\/wp-json\/wp\/v2\/product\/11266\/revisions"}],"predecessor-version":[{"id":11352,"href":"https:\/\/thefactoryconceptstore.com\/fr\/wp-json\/wp\/v2\/product\/11266\/revisions\/11352"}],"wp:featuredmedia":[{"embeddable":true,"href":"https:\/\/thefactoryconceptstore.com\/fr\/wp-json\/wp\/v2\/media\/11267"}],"wp:attachment":[{"href":"https:\/\/thefactoryconceptstore.com\/fr\/wp-json\/wp\/v2\/media?parent=11266"}],"wp:term":[{"taxonomy":"product_brand","embeddable":true,"href":"https:\/\/thefactoryconceptstore.com\/fr\/wp-json\/wp\/v2\/product_brand?post=11266"},{"taxonomy":"product_cat","embeddable":true,"href":"https:\/\/thefactoryconceptstore.com\/fr\/wp-json\/wp\/v2\/product_cat?post=11266"},{"taxonomy":"product_tag","embeddable":true,"href":"https:\/\/thefactoryconceptstore.com\/fr\/wp-json\/wp\/v2\/product_tag?post=11266"}],"curies":[{"name":"wp","href":"https:\/\/api.w.org\/{rel}","templated":true}]}}