{"id":11262,"date":"2023-06-15T19:40:49","date_gmt":"2023-06-15T17:40:49","guid":{"rendered":"https:\/\/thefactoryconceptstore.com\/?post_type=product&#038;p=11262"},"modified":"2023-06-15T19:40:50","modified_gmt":"2023-06-15T17:40:50","slug":"bugaia-scented-candle-tamara","status":"publish","type":"product","link":"https:\/\/thefactoryconceptstore.com\/fr\/products\/bugaia-scented-candle-tamara\/","title":{"rendered":"BUGAIA BOUGIE PARFUM\u00c9E TAMARA"},"content":{"rendered":"<p>BUGAIA BOUGIE PARFUM\u00c9E TAMARA<\/p>\n<div class=\"ProductMeta__Description\">\n<div class=\"Rte\">\n<div id=\"5269477818412\" class=\"easytabs-container tab-widget-5269477818412 easytabs-inited easytabs-flexible\" data-et-min-width=\"0\" data-et-auto-accordion=\"1\" data-et-cbw=\"3\" data-et-cbr=\"3\" data-et-sta=\"1\" data-et-amp=\"0\" data-et-adv=\"0\" data-et-flx=\"1\" data-et-wt=\"0\" data-et-ao=\"0\" data-et-tabs-width=\"456\">\n<div class=\"easytabs-holder\">\n<div class=\"easytabs-contents\" role=\"tablist\">\n<div class=\"easytabs-content-item easytabs-active\" data-et-marker=\"tabs-bougie-parfumee-tamara-safran-3\" data-et-handle=\"tabs-composition\">\n<div class=\"easytabs-content-holder\" role=\"tabpanel\" aria-labelledby=\"easytabs-slide-label-5269477818412-1\" aria-expanded=\"true\" aria-hidden=\"false\">\n<h6>LES AR\u00d4MES ENVO\u00dbTANTS D'UN PARFUM AU SAFRAN<\/h6>\n<p>La bougie parfum\u00e9e Tamara r\u00e9v\u00e8le son caract\u00e8re affirm\u00e9 dans une composition singuli\u00e8re charg\u00e9e de myst\u00e8res. Ce parfum ambr\u00e9 distille les ar\u00f4mes \u00e9pic\u00e9s du safran g\u00e9n\u00e9reusement li\u00e9s \u00e0 un c\u0153ur enrobant de ga\u00efac et \u00e0 un fond velout\u00e9 de santal. Un parfum envo\u00fbtant pour une ambiance int\u00e9rieure minutieusement travaill\u00e9e.<\/p>\n<h6>UNE BOUGIE NATURELLE RESPECTUEUSE DE L'ENVIRONNEMENT<\/h6>\n<p>Tamara r\u00e9pond \u00e0 une \u00e9thique impeccable. Ses fragrances \u00e9labor\u00e9es en collaboration avec des ma\u00eetres parfumeurs grassois, vous offrent un instant de bien-\u00eatre unique. La cire, quant \u00e0 elle, est v\u00e9g\u00e9tale et recouvre une m\u00e8che en coton sans plomb. Laissez-vous porter par la beaut\u00e9 naturelle de cette bougie Bugaia.<\/p>\n<p>Reflet d'une personnalit\u00e9 libre et sans tabou, Tamara envahit l'espace int\u00e9rieur d'un parfum ambr\u00e9 sublim\u00e9 par la richesse\u00e9pic\u00e9e du safran. Tel le pr\u00e9cieux or rouge, cette bougie de caract\u00e8re subjugue et ensorc\u00e8le quiconque se laisse surprendre par son sillage.<\/p>\n<p>Notes de t\u00eate : Safran, Cardamome, Orange<br \/>\nNotes de c\u0153ur : Rose, Bois de ga\u00efac, C\u00e8dre, Jasmin<br \/>\nNotes de fond : Patchouli, Musc, Bois de Santal, Oud, Vanille<\/p>\n<p>Disponible en : 290 g.<\/p>\n<p>Temps de br\u00fblage : 50 - 55 heures.<\/p>\n<\/div>\n<p>&nbsp;<\/p>\n<\/div>\n<div class=\"easytabs-content-item\" data-et-marker=\"tabs-bougie-parfumee-tamara-safran-4\" data-et-handle=\"tabs-utilisation\"><\/div>\n<\/div>\n<div class=\"easytabs-undertabs-holder\"><\/div>\n<\/div>\n<\/div>\n<\/div>\n<\/div>\n<div class=\"ProductForm__Variants\"><\/div>\n<p>&nbsp;<\/p>","protected":false},"excerpt":{"rendered":"<p>BUGAIA SCENTED CANDLE TAMARA LES AR\u00d4MES ENVO\u00dbTANTS D'UN PARFUM AU SAFRAN La bougie parfum\u00e9e Tamara r\u00e9v\u00e8le son caract\u00e8re affirm\u00e9 dans une composition singuli\u00e8re charg\u00e9e de myst\u00e8res. Ce parfum ambr\u00e9 distille les ar\u00f4mes \u00e9pic\u00e9s du safran g\u00e9n\u00e9reusement li\u00e9s \u00e0 un c\u0153ur enrobant de ga\u00efac et \u00e0 un fond velout\u00e9 de santal. Un parfum envo\u00fbtant pour une ...<\/p>\n<p class=\"read-more\"> <a class=\"\" href=\"https:\/\/thefactoryconceptstore.com\/fr\/products\/bugaia-scented-candle-tamara\/\"> <span class=\"screen-reader-text\">BUGAIA BOUGIE PARFUM\u00c9E TAMARA<\/span> Lire la suite \"<\/a><\/p>","protected":false},"featured_media":11263,"template":"","meta":{"site-sidebar-layout":"default","site-content-layout":"default","ast-global-header-display":"","ast-banner-title-visibility":"","ast-main-header-display":"","ast-hfb-above-header-display":"","ast-hfb-below-header-display":"","ast-hfb-mobile-header-display":"","site-post-title":"","ast-breadcrumbs-content":"","ast-featured-img":"","footer-sml-layout":"","theme-transparent-header-meta":"default","adv-header-id-meta":"","stick-header-meta":"","header-above-stick-meta":"","header-main-stick-meta":"","header-below-stick-meta":""},"product_brand":[],"product_cat":[52,55],"product_tag":[],"class_list":{"0":"post-11262","1":"product","2":"type-product","3":"status-publish","4":"has-post-thumbnail","6":"product_cat-home-and-design","7":"product_cat-candles-fragance","8":"desktop-align-left","9":"tablet-align-left","10":"mobile-align-left","12":"first","13":"instock","14":"shipping-taxable","15":"purchasable","16":"product-type-simple"},"_links":{"self":[{"href":"https:\/\/thefactoryconceptstore.com\/fr\/wp-json\/wp\/v2\/product\/11262","targetHints":{"allow":["GET"]}}],"collection":[{"href":"https:\/\/thefactoryconceptstore.com\/fr\/wp-json\/wp\/v2\/product"}],"about":[{"href":"https:\/\/thefactoryconceptstore.com\/fr\/wp-json\/wp\/v2\/types\/product"}],"version-history":[{"count":3,"href":"https:\/\/thefactoryconceptstore.com\/fr\/wp-json\/wp\/v2\/product\/11262\/revisions"}],"predecessor-version":[{"id":11354,"href":"https:\/\/thefactoryconceptstore.com\/fr\/wp-json\/wp\/v2\/product\/11262\/revisions\/11354"}],"wp:featuredmedia":[{"embeddable":true,"href":"https:\/\/thefactoryconceptstore.com\/fr\/wp-json\/wp\/v2\/media\/11263"}],"wp:attachment":[{"href":"https:\/\/thefactoryconceptstore.com\/fr\/wp-json\/wp\/v2\/media?parent=11262"}],"wp:term":[{"taxonomy":"product_brand","embeddable":true,"href":"https:\/\/thefactoryconceptstore.com\/fr\/wp-json\/wp\/v2\/product_brand?post=11262"},{"taxonomy":"product_cat","embeddable":true,"href":"https:\/\/thefactoryconceptstore.com\/fr\/wp-json\/wp\/v2\/product_cat?post=11262"},{"taxonomy":"product_tag","embeddable":true,"href":"https:\/\/thefactoryconceptstore.com\/fr\/wp-json\/wp\/v2\/product_tag?post=11262"}],"curies":[{"name":"wp","href":"https:\/\/api.w.org\/{rel}","templated":true}]}}