{"id":11257,"date":"2023-06-15T19:42:05","date_gmt":"2023-06-15T17:42:05","guid":{"rendered":"https:\/\/thefactoryconceptstore.com\/?post_type=product&#038;p=11257"},"modified":"2023-06-15T19:42:29","modified_gmt":"2023-06-15T17:42:29","slug":"bugaia-scented-candle-elsa","status":"publish","type":"product","link":"https:\/\/thefactoryconceptstore.com\/fr\/products\/bugaia-scented-candle-elsa\/","title":{"rendered":"BUGAIA BOUGIE PARFUM\u00c9E ELSA"},"content":{"rendered":"<p>BOUGIE PARFUM\u00c9E BUGAIA ELS<\/p>\n<h6>UN VOYAGE RAFRA\u00ceCHISSANT SUR LES C\u00d4TES ITALIENNES<\/h6>\n<p>Dans son verre d\u00e9licatement teint\u00e9, la bougie parfum\u00e9e Elsa d\u00e9voile une mosa\u00efque de senteurs acidul\u00e9es et fleuries sublim\u00e9es par un pr\u00e9cieux ingr\u00e9dient : la bergamote. Combin\u00e9 \u00e0 l'odeur envo\u00fbtante du lilas et du patchouli, ce cocktail d'agrumes \u00e9voque d\u00e8s les premi\u00e8res secondes la fra\u00eecheur des c\u00f4tes italiennes. Un parfum remarquable qui emplit l'int\u00e9rieur d'une atmosph\u00e8re vivifiante dans laquelle on aime se ressourcer durant 55 heures.<\/p>\n<h6>UNE BOUGIE PARFUM\u00c9E POUR COMPL\u00c9TER VOTRE D\u00c9CORATION INT\u00c9RIEURE<\/h6>\n<p>Si ses fragrances ravivent l'ambiance de votre int\u00e9rieur, son design \u00e9l\u00e9gant vient parfaire votre d\u00e9coration. Orn\u00e9e d'une \u00e9tiquette dor\u00e9e, son verre d\u00e9licatement teint\u00e9 rejoint les biblioth\u00e8ques et manteaux de chemin\u00e9e. Sa seule pr\u00e9sence suffit \u00e0 apporter une touche sophistiqu\u00e9e \u00e0 votre lieu de vie.<\/p>\n<p>\u00c0 l'instar de la m\u00e9morable Elsa Schiaparelli, cette bougie parfum\u00e9e aux senteurs l\u00e9g\u00e8rement acidul\u00e9es ne craint pas de se faire remarquer. Cet accord harmonieux d'agrumes rappelle le souvenir exquis de vacances en Italie et vient rafra\u00eechir votre int\u00e9rieur.<\/p>\n<p>Notes de t\u00eate : citron vert, mandarine, bergamote<br \/>\nNotes de c\u0153ur : basilic, lilas, iris, thym<br \/>\nNotes de fond : patchouli, v\u00e9tiver<\/p>\n<p>Disponible en : 290g.<\/p>\n<p>Temps de br\u00fblage : 50-55 heures.<\/p>\n<p>&nbsp;<\/p>\n<p>&nbsp;<\/p>\n<p>&nbsp;<\/p>\n<p>&nbsp;<\/p>","protected":false},"excerpt":{"rendered":"<p>BUGAIA SCENTED CANDLE ELS UN VOYAGE RAFRA\u00ceCHISSANT SUR LES C\u00d4TES ITALIENNES Dans son verre d\u00e9licatement teint\u00e9, la bougie parfum\u00e9e Elsa d\u00e9voile une mosa\u00efque de senteurs acidul\u00e9es et fleuries sublim\u00e9es par un pr\u00e9cieux ingr\u00e9dient : la bergamote. Combin\u00e9 \u00e0 l'odeur envo\u00fbtante du lilas et du patchouli, ce cocktail d'agrumes \u00e9voque d\u00e8s les premi\u00e8res secondes la fra\u00eecheur ...<\/p>\n<p class=\"read-more\"> <a class=\"\" href=\"https:\/\/thefactoryconceptstore.com\/fr\/products\/bugaia-scented-candle-elsa\/\"> <span class=\"screen-reader-text\">BUGAIA BOUGIE PARFUM\u00c9E ELSA<\/span> Lire la suite \"<\/a><\/p>","protected":false},"featured_media":11258,"template":"","meta":{"site-sidebar-layout":"default","site-content-layout":"default","ast-global-header-display":"","ast-banner-title-visibility":"","ast-main-header-display":"","ast-hfb-above-header-display":"","ast-hfb-below-header-display":"","ast-hfb-mobile-header-display":"","site-post-title":"","ast-breadcrumbs-content":"","ast-featured-img":"","footer-sml-layout":"","theme-transparent-header-meta":"default","adv-header-id-meta":"","stick-header-meta":"","header-above-stick-meta":"","header-main-stick-meta":"","header-below-stick-meta":""},"product_brand":[],"product_cat":[52,55],"product_tag":[],"class_list":{"0":"post-11257","1":"product","2":"type-product","3":"status-publish","4":"has-post-thumbnail","6":"product_cat-home-and-design","7":"product_cat-candles-fragance","8":"desktop-align-left","9":"tablet-align-left","10":"mobile-align-left","12":"first","13":"instock","14":"shipping-taxable","15":"purchasable","16":"product-type-simple"},"_links":{"self":[{"href":"https:\/\/thefactoryconceptstore.com\/fr\/wp-json\/wp\/v2\/product\/11257","targetHints":{"allow":["GET"]}}],"collection":[{"href":"https:\/\/thefactoryconceptstore.com\/fr\/wp-json\/wp\/v2\/product"}],"about":[{"href":"https:\/\/thefactoryconceptstore.com\/fr\/wp-json\/wp\/v2\/types\/product"}],"version-history":[{"count":2,"href":"https:\/\/thefactoryconceptstore.com\/fr\/wp-json\/wp\/v2\/product\/11257\/revisions"}],"predecessor-version":[{"id":11355,"href":"https:\/\/thefactoryconceptstore.com\/fr\/wp-json\/wp\/v2\/product\/11257\/revisions\/11355"}],"wp:featuredmedia":[{"embeddable":true,"href":"https:\/\/thefactoryconceptstore.com\/fr\/wp-json\/wp\/v2\/media\/11258"}],"wp:attachment":[{"href":"https:\/\/thefactoryconceptstore.com\/fr\/wp-json\/wp\/v2\/media?parent=11257"}],"wp:term":[{"taxonomy":"product_brand","embeddable":true,"href":"https:\/\/thefactoryconceptstore.com\/fr\/wp-json\/wp\/v2\/product_brand?post=11257"},{"taxonomy":"product_cat","embeddable":true,"href":"https:\/\/thefactoryconceptstore.com\/fr\/wp-json\/wp\/v2\/product_cat?post=11257"},{"taxonomy":"product_tag","embeddable":true,"href":"https:\/\/thefactoryconceptstore.com\/fr\/wp-json\/wp\/v2\/product_tag?post=11257"}],"curies":[{"name":"wp","href":"https:\/\/api.w.org\/{rel}","templated":true}]}}