{"id":11242,"date":"2023-06-15T19:48:27","date_gmt":"2023-06-15T17:48:27","guid":{"rendered":"https:\/\/thefactoryconceptstore.com\/?post_type=product&#038;p=11242"},"modified":"2023-06-15T19:48:27","modified_gmt":"2023-06-15T17:48:27","slug":"bugaia-scented-candle-isadora","status":"publish","type":"product","link":"https:\/\/thefactoryconceptstore.com\/fr\/products\/bugaia-scented-candle-isadora\/","title":{"rendered":"BUGAIA BOUGIE PARFUM\u00c9E ISADORA"},"content":{"rendered":"<h6>BUGAIA BOUGIE PARFUM\u00c9E ISADORA<\/h6>\n<h6><\/h6>\n<h6>L'\u00c9L\u00c9GANCE D'UNE BOUGIE AU BOIS DE GA\u00cfAC<\/h6>\n<p>Dans la chaleur de sa flamme, la bougie Isadora dessine les contours d'un univers olfactif d'une grande finesse. Ses fragrances onctueuses r\u00e9v\u00e8lent le caract\u00e8re pr\u00e9cieux d'un bois\u00e9 qui c\u00f4toie sans retenue la douceur acidul\u00e9e de la bergamote. En fond, le bois de ga\u00efac enrobe les essences de santal et de patchouli pour r\u00e9pandre dans vos pi\u00e8ces un parfum d\u00e9licat, \u00e9l\u00e9gant. Cette bougie parfum\u00e9e Bugaia vous offre une ambiance assur\u00e9ment chic.<\/p>\n<h6>UN DESIGN \u00c9L\u00c9GANT POUR PARFAIRE VOTRE D\u00c9CORATION<\/h6>\n<p>Aussi pr\u00e9cieuse qu'un rubis, Isadora trouve sa place dans votre d\u00e9coration pour un int\u00e9rieur \u00e9tincelant. Avec son \u00e9tiquette en \u00e9tain finement grav\u00e9e, elle attire les regards et fait na\u00eetre un sentiment de bien-\u00eatre. De fabrication fran\u00e7aise, cette bougie artisanale Bugaia apporte une dimension luxueuse \u00e0 votre espace de vie.<\/p>\n<p>\u00c9l\u00e9gante et vaporeuse, la bougie parfum\u00e9e Isadora souffle un vent de libert\u00e9 dans votre int\u00e9rieur. C'est au nom de la beaut\u00e9 que les fragrances de la danseuse aux pieds nus r\u00e9pandent un sillage bois\u00e9 \u00e9vocateur de luxe.<\/p>\n<p>Notes de t\u00eate : bergamote, clous de girofle<br \/>\nNotes de c\u0153ur : Ambre gris, Cannelle, Vanille<br \/>\nNotes de fond : bois de ga\u00efac, bois de santal, patchouli, musc<\/p>\n<p>Disponible en : 290 g.<\/p>\n<p>Temps de br\u00fblage : 50 - 55 heures.<\/p>\n<p>&nbsp;<\/p>","protected":false},"excerpt":{"rendered":"<p>BUGAIA SCENTED CANDLE ISADORA L'\u00c9L\u00c9GANCE D'UNE BOUGIE AU BOIS DE GA\u00cfAC Dans la chaleur de sa flamme, la bougie Isadora dessine les contours d'un univers olfactif d'une grande finesse. Ses fragrances onctueuses r\u00e9v\u00e8lent le caract\u00e8re pr\u00e9cieux d'un bois\u00e9 qui c\u00f4toie sans retenue la douceur acidul\u00e9e de la bergamote. En fond, le bois de ga\u00efac enrobe ...<\/p>\n<p class=\"read-more\"> <a class=\"\" href=\"https:\/\/thefactoryconceptstore.com\/fr\/products\/bugaia-scented-candle-isadora\/\"> <span class=\"screen-reader-text\">BUGAIA BOUGIE PARFUM\u00c9E ISADORA<\/span> Lire la suite \"<\/a><\/p>","protected":false},"featured_media":11243,"template":"","meta":{"site-sidebar-layout":"default","site-content-layout":"default","ast-global-header-display":"","ast-banner-title-visibility":"","ast-main-header-display":"","ast-hfb-above-header-display":"","ast-hfb-below-header-display":"","ast-hfb-mobile-header-display":"","site-post-title":"","ast-breadcrumbs-content":"","ast-featured-img":"","footer-sml-layout":"","theme-transparent-header-meta":"default","adv-header-id-meta":"","stick-header-meta":"","header-above-stick-meta":"","header-main-stick-meta":"","header-below-stick-meta":""},"product_brand":[],"product_cat":[52,55],"product_tag":[],"class_list":{"0":"post-11242","1":"product","2":"type-product","3":"status-publish","4":"has-post-thumbnail","6":"product_cat-home-and-design","7":"product_cat-candles-fragance","8":"desktop-align-left","9":"tablet-align-left","10":"mobile-align-left","12":"first","13":"instock","14":"shipping-taxable","15":"purchasable","16":"product-type-simple"},"_links":{"self":[{"href":"https:\/\/thefactoryconceptstore.com\/fr\/wp-json\/wp\/v2\/product\/11242","targetHints":{"allow":["GET"]}}],"collection":[{"href":"https:\/\/thefactoryconceptstore.com\/fr\/wp-json\/wp\/v2\/product"}],"about":[{"href":"https:\/\/thefactoryconceptstore.com\/fr\/wp-json\/wp\/v2\/types\/product"}],"version-history":[{"count":3,"href":"https:\/\/thefactoryconceptstore.com\/fr\/wp-json\/wp\/v2\/product\/11242\/revisions"}],"predecessor-version":[{"id":11359,"href":"https:\/\/thefactoryconceptstore.com\/fr\/wp-json\/wp\/v2\/product\/11242\/revisions\/11359"}],"wp:featuredmedia":[{"embeddable":true,"href":"https:\/\/thefactoryconceptstore.com\/fr\/wp-json\/wp\/v2\/media\/11243"}],"wp:attachment":[{"href":"https:\/\/thefactoryconceptstore.com\/fr\/wp-json\/wp\/v2\/media?parent=11242"}],"wp:term":[{"taxonomy":"product_brand","embeddable":true,"href":"https:\/\/thefactoryconceptstore.com\/fr\/wp-json\/wp\/v2\/product_brand?post=11242"},{"taxonomy":"product_cat","embeddable":true,"href":"https:\/\/thefactoryconceptstore.com\/fr\/wp-json\/wp\/v2\/product_cat?post=11242"},{"taxonomy":"product_tag","embeddable":true,"href":"https:\/\/thefactoryconceptstore.com\/fr\/wp-json\/wp\/v2\/product_tag?post=11242"}],"curies":[{"name":"wp","href":"https:\/\/api.w.org\/{rel}","templated":true}]}}