{"id":11237,"date":"2023-06-15T19:49:32","date_gmt":"2023-06-15T17:49:32","guid":{"rendered":"https:\/\/thefactoryconceptstore.com\/?post_type=product&#038;p=11237"},"modified":"2023-06-15T19:49:32","modified_gmt":"2023-06-15T17:49:32","slug":"bugaia-scented-candle-zelda","status":"publish","type":"product","link":"https:\/\/thefactoryconceptstore.com\/fr\/products\/bugaia-scented-candle-zelda\/","title":{"rendered":"BUGAIA BOUGIE PARFUM\u00c9E ZELDA"},"content":{"rendered":"<h6>BUGAIA BOUGIE PARFUM\u00c9E ZELDA<\/h6>\n<h6><\/h6>\n<h6>LA TENDRESSE D'UN PARFUM \u00c0 LA ROSE ET \u00c0 LA BERGAMOTE<\/h6>\n<p>La bougie parfum\u00e9e Zelda exprime la d\u00e9licatesse de fleurs fra\u00eechement \u00e9closent. Ses premi\u00e8res notes d\u00e9voilent une alliance subtile de bergamote et de rose qui lui conf\u00e8re sa tendresse. L'ambre et le santal s'entrecroisent sur un fond de patchouli dans cette composition immens\u00e9ment f\u00e9minine dans laquelle vous vous plairez \u00e0 vous relaxer.<\/p>\n<h6>UNE BOUGIE D\u00c9CORATIVE POUR UNE AMBIANCE ROMANTIQUE<\/h6>\n<p>Pour d\u00e9corer une \u00e9tag\u00e8re ou parfaire un d\u00eener aux chandelles, Zelda apporte une touche romantique \u00e0 votre int\u00e9rieur. Sa teinte rouge se marie aux dorures de son \u00e9tiquette en \u00e9tain qui affiche subtilement les lettres de la Maison Bugaia. V\u00e9ritable bougie d\u00e9corative, elle vient compl\u00e9ter votre d\u00e9coration dans un rendu soigneusement sophistiqu\u00e9.<\/p>\n<p>Avec son parfum floral et poudr\u00e9, la bougie parfum\u00e9e Zeldaemplit votre int\u00e9rieur d'une douceur po\u00e9tique. Comme un jardin en fleur, ses ar\u00f4mes \u00e9veillent vos sens et vous plongent dans unr\u00eave olfactif plein de tendresse.<\/p>\n<p>Notes de t\u00eate : Bergamote, Rose<br \/>\nNotes de c\u0153ur : Ambre, Santal<br \/>\nNotes de fond : mousse de ch\u00eane, c\u00e8dre, patchouli<\/p>\n<p>Disponible en : 290g.<\/p>\n<p>Temps de br\u00fblage : 50-55 heures.<\/p>\n<p>&nbsp;<\/p>","protected":false},"excerpt":{"rendered":"<p>BUGAIA SCENTED CANDLE ZELDA LA TENDRESSE D'UN PARFUM \u00c0 LA ROSE ET \u00c0 LA BERGAMOTE La bougie parfum\u00e9e Zelda exprime la d\u00e9licatesse de fleurs fra\u00eechement \u00e9closent. Ses premi\u00e8res notes d\u00e9voilent une alliance subtile de bergamote et de rose qui lui conf\u00e8re sa tendresse. L'ambre et le santal s'entrecroisent sur un fond de patchouli dans cette ...<\/p>\n<p class=\"read-more\"> <a class=\"\" href=\"https:\/\/thefactoryconceptstore.com\/fr\/products\/bugaia-scented-candle-zelda\/\"> <span class=\"screen-reader-text\">BUGAIA BOUGIE PARFUM\u00c9E ZELDA<\/span> Lire la suite \"<\/a><\/p>","protected":false},"featured_media":11238,"template":"","meta":{"site-sidebar-layout":"default","site-content-layout":"default","ast-global-header-display":"","ast-banner-title-visibility":"","ast-main-header-display":"","ast-hfb-above-header-display":"","ast-hfb-below-header-display":"","ast-hfb-mobile-header-display":"","site-post-title":"","ast-breadcrumbs-content":"","ast-featured-img":"","footer-sml-layout":"","theme-transparent-header-meta":"default","adv-header-id-meta":"","stick-header-meta":"","header-above-stick-meta":"","header-main-stick-meta":"","header-below-stick-meta":""},"product_brand":[],"product_cat":[52,55],"product_tag":[],"class_list":{"0":"post-11237","1":"product","2":"type-product","3":"status-publish","4":"has-post-thumbnail","6":"product_cat-home-and-design","7":"product_cat-candles-fragance","8":"desktop-align-left","9":"tablet-align-left","10":"mobile-align-left","12":"first","13":"instock","14":"shipping-taxable","15":"purchasable","16":"product-type-simple"},"_links":{"self":[{"href":"https:\/\/thefactoryconceptstore.com\/fr\/wp-json\/wp\/v2\/product\/11237","targetHints":{"allow":["GET"]}}],"collection":[{"href":"https:\/\/thefactoryconceptstore.com\/fr\/wp-json\/wp\/v2\/product"}],"about":[{"href":"https:\/\/thefactoryconceptstore.com\/fr\/wp-json\/wp\/v2\/types\/product"}],"version-history":[{"count":3,"href":"https:\/\/thefactoryconceptstore.com\/fr\/wp-json\/wp\/v2\/product\/11237\/revisions"}],"predecessor-version":[{"id":11360,"href":"https:\/\/thefactoryconceptstore.com\/fr\/wp-json\/wp\/v2\/product\/11237\/revisions\/11360"}],"wp:featuredmedia":[{"embeddable":true,"href":"https:\/\/thefactoryconceptstore.com\/fr\/wp-json\/wp\/v2\/media\/11238"}],"wp:attachment":[{"href":"https:\/\/thefactoryconceptstore.com\/fr\/wp-json\/wp\/v2\/media?parent=11237"}],"wp:term":[{"taxonomy":"product_brand","embeddable":true,"href":"https:\/\/thefactoryconceptstore.com\/fr\/wp-json\/wp\/v2\/product_brand?post=11237"},{"taxonomy":"product_cat","embeddable":true,"href":"https:\/\/thefactoryconceptstore.com\/fr\/wp-json\/wp\/v2\/product_cat?post=11237"},{"taxonomy":"product_tag","embeddable":true,"href":"https:\/\/thefactoryconceptstore.com\/fr\/wp-json\/wp\/v2\/product_tag?post=11237"}],"curies":[{"name":"wp","href":"https:\/\/api.w.org\/{rel}","templated":true}]}}