{"id":11233,"date":"2023-06-15T19:45:43","date_gmt":"2023-06-15T17:45:43","guid":{"rendered":"https:\/\/thefactoryconceptstore.com\/?post_type=product&#038;p=11233"},"modified":"2023-06-15T19:45:43","modified_gmt":"2023-06-15T17:45:43","slug":"bugaia-interior-air-zelda","status":"publish","type":"product","link":"https:\/\/thefactoryconceptstore.com\/fr\/products\/bugaia-interior-air-zelda\/","title":{"rendered":"BUGAIA INTERIOR AIR ZELDA"},"content":{"rendered":"<div class=\"ProductMeta__Description\">\n<div class=\"Rte\">\n<div id=\"6621668147244\" class=\"easytabs-container tab-widget-6621668147244 easytabs-inited easytabs-flexible\" data-et-min-width=\"0\" data-et-auto-accordion=\"1\" data-et-cbw=\"3\" data-et-cbr=\"3\" data-et-sta=\"1\" data-et-amp=\"0\" data-et-adv=\"0\" data-et-flx=\"1\" data-et-wt=\"0\" data-et-ao=\"0\" data-et-tabs-width=\"456\">\n<div class=\"easytabs-holder\">\n<div class=\"easytabs-contents\" role=\"tablist\">\n<div class=\"easytabs-content-item easytabs-active\" data-et-marker=\"tabs-lair-dinterieur-zelda-3\" data-et-handle=\"tabs-composition\">\n<div class=\"easytabs-content-holder\" role=\"tabpanel\" aria-labelledby=\"easytabs-slide-label-6621668147244-1\" aria-expanded=\"true\" aria-hidden=\"false\">\n<h6>BUGAIA INTERIOR AIR ZELDA<\/h6>\n<h6><\/h6>\n<h6>\u00a0UN PARFUM D'AMBIANCE FLORAL PO\u00c9TIQUE<\/h6>\n<p>Comme la fra\u00eecheur d'une roseraie au petit matin, le parfum d'ambiance Zelda embaume votre int\u00e9rieur de senteurs florales. Ce d\u00e9licieux mariage de bergamote, de rose et d'ambre adoucit l'atmosph\u00e8re en lui apportant une note f\u00e9minine. Tout au long de la journ\u00e9e, l'air d'int\u00e9rieur Zelda vous plonge dans un r\u00eave olfactif baign\u00e9 de tendresse.<\/p>\n<h6>UN PARFUM D'INT\u00c9RIEUR NATUREL<\/h6>\n<p>\u00c0 pulv\u00e9riser \u00e0 votre convenance, ce parfum d'ambiance \u00e0 la bergamote et \u00e0 la rose respecte votre int\u00e9rieur. Imagin\u00e9es \u00e0 Grasse, ses fragrances affichent une composition aussi saine que possible et se voient agr\u00e9ment\u00e9es d'alcool biologique. Zelda r\u00e9pand ses ar\u00f4mes sans retenue tout en veillant \u00e0 votre bien-\u00eatre.<\/p>\n<p class=\"gmail-page\" title=\"Page 1\">Du haut de sa villa avec vue, la muse de celui qui fut, le plus grand romancier des ann\u00e9es folles, re\u00e7oit tout le gratin d'un d\u00e9but de si\u00e8cle flamboyant. \u00c0 l'ombre de son jardin en fleurs, po\u00e8tes et artistes se pressent pour venir contempler la magnifique Zelda... La lumi\u00e8re azur\u00e9enne des lendemains de f\u00eates, caresse sa robe au bouquet captivant.<\/p>\n<p><span class=\"page\" title=\"Page 1\">Notes de t\u00eate : Bergamote, Rose<\/span> <span class=\"page\" title=\"Page 1\">Notes de c\u0153ur : Ambre, Santal<\/span><span class=\"page\" title=\"Page 1\">Notes de fond : mousse de ch\u00eane, c\u00e8dre, patchouli<\/span><\/p>\n<p>pulv\u00e9riser -<strong> 100ml<\/strong><\/p>\n<\/div>\n<\/div>\n<\/div>\n<div class=\"easytabs-undertabs-holder\"><\/div>\n<\/div>\n<\/div>\n<\/div>\n<\/div>\n<div class=\"ProductForm__Variants\"><\/div>","protected":false},"excerpt":{"rendered":"<p>BUGAIA INTERIOR AIR ZELDA UN PARFUM D'AMBIANCE FLORAL PO\u00c9TIQUE Comme la fra\u00eecheur d'une roseraie au petit matin, le parfum d'ambiance Zelda embaume votre int\u00e9rieur de senteurs florales. Ce d\u00e9licieux mariage de bergamote, de rose et d'ambre adoucit l'atmosph\u00e8re en lui apportant une note f\u00e9minine. Tout au long de la journ\u00e9e, l'air d'int\u00e9rieur Zelda vous plonge ...<\/p>\n<p class=\"read-more\"> <a class=\"\" href=\"https:\/\/thefactoryconceptstore.com\/fr\/products\/bugaia-interior-air-zelda\/\"> <span class=\"screen-reader-text\">BUGAIA INTERIOR AIR ZELDA<\/span> Lire la suite \"<\/a><\/p>","protected":false},"featured_media":11234,"template":"","meta":{"site-sidebar-layout":"default","site-content-layout":"default","ast-global-header-display":"","ast-banner-title-visibility":"","ast-main-header-display":"","ast-hfb-above-header-display":"","ast-hfb-below-header-display":"","ast-hfb-mobile-header-display":"","site-post-title":"","ast-breadcrumbs-content":"","ast-featured-img":"","footer-sml-layout":"","theme-transparent-header-meta":"default","adv-header-id-meta":"","stick-header-meta":"","header-above-stick-meta":"","header-main-stick-meta":"","header-below-stick-meta":""},"product_brand":[],"product_cat":[52,55],"product_tag":[],"class_list":{"0":"post-11233","1":"product","2":"type-product","3":"status-publish","4":"has-post-thumbnail","6":"product_cat-home-and-design","7":"product_cat-candles-fragance","8":"desktop-align-left","9":"tablet-align-left","10":"mobile-align-left","12":"first","13":"instock","14":"shipping-taxable","15":"purchasable","16":"product-type-simple"},"_links":{"self":[{"href":"https:\/\/thefactoryconceptstore.com\/fr\/wp-json\/wp\/v2\/product\/11233","targetHints":{"allow":["GET"]}}],"collection":[{"href":"https:\/\/thefactoryconceptstore.com\/fr\/wp-json\/wp\/v2\/product"}],"about":[{"href":"https:\/\/thefactoryconceptstore.com\/fr\/wp-json\/wp\/v2\/types\/product"}],"version-history":[{"count":3,"href":"https:\/\/thefactoryconceptstore.com\/fr\/wp-json\/wp\/v2\/product\/11233\/revisions"}],"predecessor-version":[{"id":11356,"href":"https:\/\/thefactoryconceptstore.com\/fr\/wp-json\/wp\/v2\/product\/11233\/revisions\/11356"}],"wp:featuredmedia":[{"embeddable":true,"href":"https:\/\/thefactoryconceptstore.com\/fr\/wp-json\/wp\/v2\/media\/11234"}],"wp:attachment":[{"href":"https:\/\/thefactoryconceptstore.com\/fr\/wp-json\/wp\/v2\/media?parent=11233"}],"wp:term":[{"taxonomy":"product_brand","embeddable":true,"href":"https:\/\/thefactoryconceptstore.com\/fr\/wp-json\/wp\/v2\/product_brand?post=11233"},{"taxonomy":"product_cat","embeddable":true,"href":"https:\/\/thefactoryconceptstore.com\/fr\/wp-json\/wp\/v2\/product_cat?post=11233"},{"taxonomy":"product_tag","embeddable":true,"href":"https:\/\/thefactoryconceptstore.com\/fr\/wp-json\/wp\/v2\/product_tag?post=11233"}],"curies":[{"name":"wp","href":"https:\/\/api.w.org\/{rel}","templated":true}]}}