{"id":11228,"date":"2023-06-15T19:47:05","date_gmt":"2023-06-15T17:47:05","guid":{"rendered":"https:\/\/thefactoryconceptstore.com\/?post_type=product&#038;p=11228"},"modified":"2023-06-15T19:47:05","modified_gmt":"2023-06-15T17:47:05","slug":"bugaia-interior-air-tamara","status":"publish","type":"product","link":"https:\/\/thefactoryconceptstore.com\/fr\/products\/bugaia-interior-air-tamara\/","title":{"rendered":"BUGAIA INTERIOR AIR TAMARA"},"content":{"rendered":"<p>BUGAIA INTERIOR AIR TAMARA<\/p>\n<p>L'air d'int\u00e9rieur Tamara vous embarque dans une exp\u00e9rience olfactive \u00e0 la fois intrigante et fascinante. \u00c0 chaque instant, elle r\u00e9v\u00e8le un peu plus ses myst\u00e8res et d\u00e9voile sa sensualit\u00e9 dans une composition exaltante. Les notes \u00e9pic\u00e9es du safran se lient subtilement aux ar\u00f4mes passionn\u00e9s de la rose et s'ach\u00e8vent dans un fond de musc et de santal. Avec son sillage saisissant, ce parfum d'ambiance ambr\u00e9 d\u00e9finit l'identit\u00e9 de votre int\u00e9rieur.<\/p>\n<h6>UN PARFUM D'AMBIANCE NATUREL ET LUXUEUX<\/h6>\n<p>Le parfum d'int\u00e9rieur Tamara met en avant la beaut\u00e9 de la nature. \u00c9labor\u00e9 avec conscience, chaque mati\u00e8re premi\u00e8re est s\u00e9lectionn\u00e9e avec soin pour vous offrir un produit d'ambiance aussi luxueux que respectueux de votre sant\u00e9. Ainsi, ses fragrances affichent une composition propre et se voient dilu\u00e9es dans de l'alcool biologique. Laissez-vous porter par les fragrances captivantes de ce parfum d'int\u00e9rieur ambr\u00e9 de 100 ml.<\/p>\n<p>Si la plus voluptueuse des odalisques avait un parfum, il aurait, sans l'ombre d'un doute, des notes ambr\u00e9es. Chaude, suave et sensuelle, l'air d'int\u00e9rieur Tamara tisse un r\u00eave de peintre qui se pla\u00eet \u00e0 retranscrire subtilement une palette d'accords, un trait, des ombres, un style : Lempicka. Comme un tableau envo\u00fbtant, id\u00e9al pour celles et ceux qui ne se laissent pas facilement saisir...<\/p>\n<p><span class=\"column\">Notes de t\u00eate : safran, cardamome, orange.<br \/>\nNotes de c\u0153ur : rose, bois de ga\u00efac, c\u00e8dre, jasmin. <\/span><span class=\"column\">Notes de fond : patchouli, musc, bois de santal, oud, vanille<\/span><\/p>\n<p><span style=\"font-weight: 400;\">pulv\u00e9riser-<strong>100ml<\/strong><\/span><\/p>\n<p>&nbsp;<\/p>","protected":false},"excerpt":{"rendered":"<p>BUGAIA INTERIOR AIR TAMARA L'air d'int\u00e9rieur Tamara vous embarque dans une exp\u00e9rience olfactive \u00e0 la fois intrigante et fascinante. \u00c0 chaque instant, elle r\u00e9v\u00e8le un peu plus ses myst\u00e8res et d\u00e9voile sa sensualit\u00e9 dans une composition exaltante. Les notes \u00e9pic\u00e9es du safran se lient subtilement aux ar\u00f4mes passionn\u00e9s de la rose et s'ach\u00e8vent dans un ...<\/p>\n<p class=\"read-more\"> <a class=\"\" href=\"https:\/\/thefactoryconceptstore.com\/fr\/products\/bugaia-interior-air-tamara\/\"> <span class=\"screen-reader-text\">BUGAIA INTERIOR AIR TAMARA<\/span> Lire la suite \"<\/a><\/p>","protected":false},"featured_media":11229,"template":"","meta":{"site-sidebar-layout":"default","site-content-layout":"default","ast-global-header-display":"","ast-banner-title-visibility":"","ast-main-header-display":"","ast-hfb-above-header-display":"","ast-hfb-below-header-display":"","ast-hfb-mobile-header-display":"","site-post-title":"","ast-breadcrumbs-content":"","ast-featured-img":"","footer-sml-layout":"","theme-transparent-header-meta":"default","adv-header-id-meta":"","stick-header-meta":"","header-above-stick-meta":"","header-main-stick-meta":"","header-below-stick-meta":""},"product_brand":[],"product_cat":[52,55],"product_tag":[],"class_list":{"0":"post-11228","1":"product","2":"type-product","3":"status-publish","4":"has-post-thumbnail","6":"product_cat-home-and-design","7":"product_cat-candles-fragance","8":"desktop-align-left","9":"tablet-align-left","10":"mobile-align-left","12":"first","13":"instock","14":"shipping-taxable","15":"purchasable","16":"product-type-simple"},"_links":{"self":[{"href":"https:\/\/thefactoryconceptstore.com\/fr\/wp-json\/wp\/v2\/product\/11228","targetHints":{"allow":["GET"]}}],"collection":[{"href":"https:\/\/thefactoryconceptstore.com\/fr\/wp-json\/wp\/v2\/product"}],"about":[{"href":"https:\/\/thefactoryconceptstore.com\/fr\/wp-json\/wp\/v2\/types\/product"}],"version-history":[{"count":3,"href":"https:\/\/thefactoryconceptstore.com\/fr\/wp-json\/wp\/v2\/product\/11228\/revisions"}],"predecessor-version":[{"id":11357,"href":"https:\/\/thefactoryconceptstore.com\/fr\/wp-json\/wp\/v2\/product\/11228\/revisions\/11357"}],"wp:featuredmedia":[{"embeddable":true,"href":"https:\/\/thefactoryconceptstore.com\/fr\/wp-json\/wp\/v2\/media\/11229"}],"wp:attachment":[{"href":"https:\/\/thefactoryconceptstore.com\/fr\/wp-json\/wp\/v2\/media?parent=11228"}],"wp:term":[{"taxonomy":"product_brand","embeddable":true,"href":"https:\/\/thefactoryconceptstore.com\/fr\/wp-json\/wp\/v2\/product_brand?post=11228"},{"taxonomy":"product_cat","embeddable":true,"href":"https:\/\/thefactoryconceptstore.com\/fr\/wp-json\/wp\/v2\/product_cat?post=11228"},{"taxonomy":"product_tag","embeddable":true,"href":"https:\/\/thefactoryconceptstore.com\/fr\/wp-json\/wp\/v2\/product_tag?post=11228"}],"curies":[{"name":"wp","href":"https:\/\/api.w.org\/{rel}","templated":true}]}}