{"id":11193,"date":"2023-06-12T20:48:58","date_gmt":"2023-06-12T18:48:58","guid":{"rendered":"https:\/\/thefactoryconceptstore.com\/?post_type=product&#038;p=11193"},"modified":"2024-12-03T16:51:27","modified_gmt":"2024-12-03T15:51:27","slug":"mr-oreke-speechless-2020","status":"publish","type":"product","link":"https:\/\/thefactoryconceptstore.com\/fr\/products\/mr-oreke-speechless-2020\/","title":{"rendered":"M. OREKE SANS VOIX 2020"},"content":{"rendered":"<p>M. OREKE SANS VOIX 2020<\/p>\n<p>Oeuvre Originale<\/p>\n<p>119 x 119 cm<\/p>\n<p>Toile, pas de chassis.<\/p>\n<p>Expedier dans un Tube.<\/p>\n<p>A propos de l'artiste<\/p>\n<p>L'artiste lorrain Mr.Oreke a d\u00e9couvert les arts picturaux au travers de la pratique du graffiti, au d\u00e9but des ann\u00e9es 2000. \u00c0 l'aide de ses bombes de peinture, il a d\u00e9but\u00e9 en parant les murs de ses dessins color\u00e9s avant de prolonger son geste sur le support toil\u00e9. R\u00e9alisant ses \u0153uvres dans un style r\u00e9solument tourn\u00e9 vers l'abstraction, le peintre va, quelques ann\u00e9es plus tard, y ins\u00e9rer des portraits masculins et f\u00e9minins, con\u00e7us au moyen de pochoirs. Cette int\u00e9gration de la figure humaine, l'artiste la doit au peintre new-yorkais Roy Lichtenstein (1923-1997) dont il admire les portraits.\\n<\/p>\n<p>La signature de M.Oreke r\u00e9side dans ses fonds, qu'il travaille essentiellement \u00e0 l'a\u00e9rosol, \u00e0 la mani\u00e8re du graffiti. Une fois la toile recouverte de peinture projet\u00e9e, l'artiste vient y m\u00ealer de l'encre, de l'acrylique, et parfois des \u00e9l\u00e9ments divers tels que des billets de banque par exemple. Ses personnages viennent ensuite compl\u00e9ter l'ensemble et ainsi, parfaire l'histoire, souvent humoristique, que le peintre a voulu raconter.\\nQualifi\u00e9 par l'artiste de \"\"Street Pop Art\"\", son style est r\u00e9solument contemporain, empreint d'\u00e9nergie et de fantaisie. Toujours puissamment color\u00e9es, les compositions graphiques de Mr.Oreke s'inspirent \u00e0 la fois du style artistique d\u00e9velopp\u00e9 par les initiateurs du mouvement Pop Art et de l'esth\u00e9tique des comics am\u00e9ricains des ann\u00e9es 50 et 60.<\/p>\n<p>L'utilisation r\u00e9guli\u00e8re des coulures, la part importante donn\u00e9e aux caract\u00e8res typographiques et l'insertion ponctuelle de collages amplifient le dynamisme de ses \u0153uvres et affirment l'aspect bande dessin\u00e9e de ses mises en sc\u00e8ne.<\/p>","protected":false},"excerpt":{"rendered":"<p>MR OREKE SPEECHLESS 2020 Oeuvre Originale 119 x 119 Cm Toile, pas de chassis. Expedier dans un Tube. A propos de l'artiste L'artiste lorrain Mr.Oreke a d\u00e9couvert les arts picturaux au travers de la pratique du graffiti, au d\u00e9but des ann\u00e9es 2000. \u00c0 l'aide de ses bombes de peinture, il a d\u00e9but\u00e9 en parant les ...<\/p>\n<p class=\"read-more\"> <a class=\"\" href=\"https:\/\/thefactoryconceptstore.com\/fr\/products\/mr-oreke-speechless-2020\/\"> <span class=\"screen-reader-text\">M. OREKE SANS VOIX 2020<\/span> Lire la suite \"<\/a><\/p>","protected":false},"featured_media":11194,"template":"","meta":{"site-sidebar-layout":"default","site-content-layout":"default","ast-global-header-display":"","ast-banner-title-visibility":"","ast-main-header-display":"","ast-hfb-above-header-display":"","ast-hfb-below-header-display":"","ast-hfb-mobile-header-display":"","site-post-title":"","ast-breadcrumbs-content":"","ast-featured-img":"","footer-sml-layout":"","theme-transparent-header-meta":"default","adv-header-id-meta":"","stick-header-meta":"","header-above-stick-meta":"","header-main-stick-meta":"","header-below-stick-meta":""},"product_brand":[],"product_cat":[23],"product_tag":[],"class_list":{"0":"post-11193","1":"product","2":"type-product","3":"status-publish","4":"has-post-thumbnail","6":"product_cat-original-art","7":"desktop-align-left","8":"tablet-align-left","9":"mobile-align-left","11":"first","12":"instock","13":"shipping-taxable","14":"purchasable","15":"product-type-simple"},"_links":{"self":[{"href":"https:\/\/thefactoryconceptstore.com\/fr\/wp-json\/wp\/v2\/product\/11193","targetHints":{"allow":["GET"]}}],"collection":[{"href":"https:\/\/thefactoryconceptstore.com\/fr\/wp-json\/wp\/v2\/product"}],"about":[{"href":"https:\/\/thefactoryconceptstore.com\/fr\/wp-json\/wp\/v2\/types\/product"}],"version-history":[{"count":4,"href":"https:\/\/thefactoryconceptstore.com\/fr\/wp-json\/wp\/v2\/product\/11193\/revisions"}],"predecessor-version":[{"id":11223,"href":"https:\/\/thefactoryconceptstore.com\/fr\/wp-json\/wp\/v2\/product\/11193\/revisions\/11223"}],"wp:featuredmedia":[{"embeddable":true,"href":"https:\/\/thefactoryconceptstore.com\/fr\/wp-json\/wp\/v2\/media\/11194"}],"wp:attachment":[{"href":"https:\/\/thefactoryconceptstore.com\/fr\/wp-json\/wp\/v2\/media?parent=11193"}],"wp:term":[{"taxonomy":"product_brand","embeddable":true,"href":"https:\/\/thefactoryconceptstore.com\/fr\/wp-json\/wp\/v2\/product_brand?post=11193"},{"taxonomy":"product_cat","embeddable":true,"href":"https:\/\/thefactoryconceptstore.com\/fr\/wp-json\/wp\/v2\/product_cat?post=11193"},{"taxonomy":"product_tag","embeddable":true,"href":"https:\/\/thefactoryconceptstore.com\/fr\/wp-json\/wp\/v2\/product_tag?post=11193"}],"curies":[{"name":"wp","href":"https:\/\/api.w.org\/{rel}","templated":true}]}}