{"id":11178,"date":"2023-06-12T20:22:06","date_gmt":"2023-06-12T18:22:06","guid":{"rendered":"https:\/\/thefactoryconceptstore.com\/?post_type=product&#038;p=11178"},"modified":"2024-12-03T16:59:47","modified_gmt":"2024-12-03T15:59:47","slug":"kaws-time-off-blue-2023","status":"publish","type":"product","link":"https:\/\/thefactoryconceptstore.com\/fr\/products\/kaws-time-off-blue-2023\/","title":{"rendered":"KAWS TIME OFF BLUE 2023"},"content":{"rendered":"<p>KAWS TIME OFF BLUE 2023<\/p>\n<p>KAWS c\u00e9l\u00e8bre la Saint-Valentin en 2023 avec la sortie de sa nouvelle figurine en vinyle TIME OFF. C'est la premi\u00e8re fois que le populaire personnage BFF de KAWS fait une apparition en 2023.<\/p>\n<p>Le personnage BFF de KAWS est vu allong\u00e9 sur le c\u00f4t\u00e9 droit, le bras droit soutenant sa t\u00eate et la jambe gauche drap\u00e9e sur la droite. TIME OFF est disponible en noir, bleu et rose.<\/p>","protected":false},"excerpt":{"rendered":"<p>KAWS TIME OFF BLUE 2023 KAWS c\u00e9l\u00e8bre la Saint-Valentin en 2023 avec la sortie de sa nouvelle figurine en vinyle TIME OFF. C'est la premi\u00e8re fois que le populaire personnage BFF de KAWS appara\u00eet en 2023. Le personnage BFF de KAWS est allong\u00e9 sur le c\u00f4t\u00e9 droit, son bras droit soutenant sa t\u00eate, ...<\/p>\n<p class=\"read-more\"> <a class=\"\" href=\"https:\/\/thefactoryconceptstore.com\/fr\/products\/kaws-time-off-blue-2023\/\"> <span class=\"screen-reader-text\">KAWS TIME OFF BLUE 2023<\/span> Lire la suite \"<\/a><\/p>","protected":false},"featured_media":11179,"template":"","meta":{"site-sidebar-layout":"default","site-content-layout":"default","ast-global-header-display":"","ast-banner-title-visibility":"","ast-main-header-display":"","ast-hfb-above-header-display":"","ast-hfb-below-header-display":"","ast-hfb-mobile-header-display":"","site-post-title":"","ast-breadcrumbs-content":"","ast-featured-img":"","footer-sml-layout":"","theme-transparent-header-meta":"default","adv-header-id-meta":"","stick-header-meta":"","header-above-stick-meta":"","header-main-stick-meta":"","header-below-stick-meta":""},"product_brand":[],"product_cat":[22],"product_tag":[],"class_list":{"0":"post-11178","1":"product","2":"type-product","3":"status-publish","4":"has-post-thumbnail","6":"product_cat-art-toys","7":"desktop-align-left","8":"tablet-align-left","9":"mobile-align-left","11":"first","12":"instock","13":"shipping-taxable","14":"purchasable","15":"product-type-simple"},"_links":{"self":[{"href":"https:\/\/thefactoryconceptstore.com\/fr\/wp-json\/wp\/v2\/product\/11178","targetHints":{"allow":["GET"]}}],"collection":[{"href":"https:\/\/thefactoryconceptstore.com\/fr\/wp-json\/wp\/v2\/product"}],"about":[{"href":"https:\/\/thefactoryconceptstore.com\/fr\/wp-json\/wp\/v2\/types\/product"}],"version-history":[{"count":3,"href":"https:\/\/thefactoryconceptstore.com\/fr\/wp-json\/wp\/v2\/product\/11178\/revisions"}],"predecessor-version":[{"id":11207,"href":"https:\/\/thefactoryconceptstore.com\/fr\/wp-json\/wp\/v2\/product\/11178\/revisions\/11207"}],"wp:featuredmedia":[{"embeddable":true,"href":"https:\/\/thefactoryconceptstore.com\/fr\/wp-json\/wp\/v2\/media\/11179"}],"wp:attachment":[{"href":"https:\/\/thefactoryconceptstore.com\/fr\/wp-json\/wp\/v2\/media?parent=11178"}],"wp:term":[{"taxonomy":"product_brand","embeddable":true,"href":"https:\/\/thefactoryconceptstore.com\/fr\/wp-json\/wp\/v2\/product_brand?post=11178"},{"taxonomy":"product_cat","embeddable":true,"href":"https:\/\/thefactoryconceptstore.com\/fr\/wp-json\/wp\/v2\/product_cat?post=11178"},{"taxonomy":"product_tag","embeddable":true,"href":"https:\/\/thefactoryconceptstore.com\/fr\/wp-json\/wp\/v2\/product_tag?post=11178"}],"curies":[{"name":"wp","href":"https:\/\/api.w.org\/{rel}","templated":true}]}}