{"id":11166,"date":"2023-06-12T20:25:50","date_gmt":"2023-06-12T18:25:50","guid":{"rendered":"https:\/\/thefactoryconceptstore.com\/?post_type=product&#038;p=11166"},"modified":"2024-12-03T16:58:39","modified_gmt":"2024-12-03T15:58:39","slug":"kaws-the-promise-black-edition-2022","status":"publish","type":"product","link":"https:\/\/thefactoryconceptstore.com\/fr\/products\/kaws-the-promise-black-edition-2022\/","title":{"rendered":"KAWS THE PROMISE BLACK EDITION 2022"},"content":{"rendered":"<p>KAWS THE PROMISE BLACK EDITION 2022<\/p>\n<p>Apr\u00e8s avoir d\u00e9voil\u00e9 son installation d'art public \"THE PROMISE\" dans les jardins Dadu du mus\u00e9e du Qatar, KAWS lance une nouvelle s\u00e9rie de figurines en vinyle et de posters pour les collectionneurs.<\/p>\n<p>Les figures grandioses qui se tiennent dans les jardins de Dadu sont repr\u00e9sent\u00e9es comme deux KAWS COMPANION en gris et semblent pr\u00e9senter des similitudes avec la \"FAMILLE\" Les figures de COMPAGNON qui voient la version la plus grande semblent passer une sph\u00e8re en forme de globe \u00e0 la version enfantine.<\/p>\n<p>Le personnage est l'une des caract\u00e9ristiques de Dadu, ce qui est tout \u00e0 fait appropri\u00e9 puisqu'il s'agit du mus\u00e9e des enfants du Qatar.<\/p>\n<p>Les fans peuvent d\u00e9sormais poss\u00e9der une r\u00e9plique de l'installation. Les figurines en vinyle sont disponibles en trois couleurs diff\u00e9rentes, \u00e0 savoir gris, marron et noir.<br \/>\nDans toutes les figures, le globe est le m\u00eame et se pr\u00e9sente sous la forme traditionnelle bleue et verte.<\/p>\n<p>&nbsp;<\/p>","protected":false},"excerpt":{"rendered":"<p>KAWS THE PROMISE BLACK EDITION 2022 Suite au d\u00e9voilement de son installation d'art public \"THE PROMISE\" dans les jardins Dadu du Mus\u00e9e du Qatar, KAWS lance une nouvelle s\u00e9rie de figurines en vinyle et de posters pour les collectionneurs. Les figures grandioses qui se tiennent dans les jardins Dadu sont repr\u00e9sent\u00e9es par deux figurines KAWS COMPANION en gris et semblent pr\u00e9senter des similitudes ...<\/p>\n<p class=\"read-more\"> <a class=\"\" href=\"https:\/\/thefactoryconceptstore.com\/fr\/products\/kaws-the-promise-black-edition-2022\/\"> <span class=\"screen-reader-text\">KAWS THE PROMISE BLACK EDITION 2022<\/span> Lire la suite \"<\/a><\/p>","protected":false},"featured_media":11167,"template":"","meta":{"site-sidebar-layout":"default","site-content-layout":"default","ast-global-header-display":"","ast-banner-title-visibility":"","ast-main-header-display":"","ast-hfb-above-header-display":"","ast-hfb-below-header-display":"","ast-hfb-mobile-header-display":"","site-post-title":"","ast-breadcrumbs-content":"","ast-featured-img":"","footer-sml-layout":"","theme-transparent-header-meta":"default","adv-header-id-meta":"","stick-header-meta":"","header-above-stick-meta":"","header-main-stick-meta":"","header-below-stick-meta":""},"product_brand":[],"product_cat":[22],"product_tag":[],"class_list":{"0":"post-11166","1":"product","2":"type-product","3":"status-publish","4":"has-post-thumbnail","6":"product_cat-art-toys","7":"desktop-align-left","8":"tablet-align-left","9":"mobile-align-left","11":"first","12":"instock","13":"shipping-taxable","14":"purchasable","15":"product-type-simple"},"_links":{"self":[{"href":"https:\/\/thefactoryconceptstore.com\/fr\/wp-json\/wp\/v2\/product\/11166","targetHints":{"allow":["GET"]}}],"collection":[{"href":"https:\/\/thefactoryconceptstore.com\/fr\/wp-json\/wp\/v2\/product"}],"about":[{"href":"https:\/\/thefactoryconceptstore.com\/fr\/wp-json\/wp\/v2\/types\/product"}],"version-history":[{"count":3,"href":"https:\/\/thefactoryconceptstore.com\/fr\/wp-json\/wp\/v2\/product\/11166\/revisions"}],"predecessor-version":[{"id":11909,"href":"https:\/\/thefactoryconceptstore.com\/fr\/wp-json\/wp\/v2\/product\/11166\/revisions\/11909"}],"wp:featuredmedia":[{"embeddable":true,"href":"https:\/\/thefactoryconceptstore.com\/fr\/wp-json\/wp\/v2\/media\/11167"}],"wp:attachment":[{"href":"https:\/\/thefactoryconceptstore.com\/fr\/wp-json\/wp\/v2\/media?parent=11166"}],"wp:term":[{"taxonomy":"product_brand","embeddable":true,"href":"https:\/\/thefactoryconceptstore.com\/fr\/wp-json\/wp\/v2\/product_brand?post=11166"},{"taxonomy":"product_cat","embeddable":true,"href":"https:\/\/thefactoryconceptstore.com\/fr\/wp-json\/wp\/v2\/product_cat?post=11166"},{"taxonomy":"product_tag","embeddable":true,"href":"https:\/\/thefactoryconceptstore.com\/fr\/wp-json\/wp\/v2\/product_tag?post=11166"}],"curies":[{"name":"wp","href":"https:\/\/api.w.org\/{rel}","templated":true}]}}