{"id":11148,"date":"2023-06-12T20:29:05","date_gmt":"2023-06-12T18:29:05","guid":{"rendered":"https:\/\/thefactoryconceptstore.com\/?post_type=product&#038;p=11148"},"modified":"2024-12-03T16:58:00","modified_gmt":"2024-12-03T15:58:00","slug":"kaws-kachamukku-green-red","status":"publish","type":"product","link":"https:\/\/thefactoryconceptstore.com\/fr\/products\/kaws-kachamukku-green-red\/","title":{"rendered":"KAWS KACHAMUKKU VERT ET ROUGE"},"content":{"rendered":"<p>KAWS KACHAMUKKU VERT ET ROUGE<\/p>\n<p>Quelques jours apr\u00e8s avoir publi\u00e9 des photos sur les m\u00e9dias sociaux, KAWS annonce sa collaboration avec l'\u00e9mission de t\u00e9l\u00e9vision japonaise Hirake !<\/p>\n<p>Ponkikki pour la cr\u00e9ation de ses figurines en vinyle de l'hiver 2021. Le nom de la figurine KACHAMUKKU est une combinaison des noms des personnages Gachapin et Mukku de la s\u00e9rie Hirake !<br \/>\nPonkiki.<\/p>\n<p>La figure est divis\u00e9e en deux, avec Gachapin \u00e0 gauche et Mukku \u00e0 droite. On retrouve \u00e9galement des \u00e9l\u00e9ments distinctifs de KAWS : les oreilles en forme d'os et les yeux marqu\u00e9s d'un X.<\/p>\n<p>La figurine KAWS KACHAMUKKU Black est sortie le 9 octobre 2021 au Japon. Bo\u00eete d'origine.<\/p>","protected":false},"excerpt":{"rendered":"<p>KAWS KACHAMUKKU GREEN &amp; RED Quelques jours apr\u00e8s avoir post\u00e9 des photos sur les m\u00e9dias sociaux, KAWS annonce sa collaboration avec l'\u00e9mission de t\u00e9l\u00e9vision japonaise Hirake ! Ponkikki pour la cr\u00e9ation de ses figurines vinyles de l'hiver 2021. Le nom de la figurine KACHAMUKKU est une combinaison des noms des personnages Gachapin et Mukku de l'\u00e9mission Hirake ! Ponkiki. La figurine ...<\/p>\n<p class=\"read-more\"> <a class=\"\" href=\"https:\/\/thefactoryconceptstore.com\/fr\/products\/kaws-kachamukku-green-red\/\"> <span class=\"screen-reader-text\">KAWS KACHAMUKKU VERT ET ROUGE<\/span> Lire la suite \"<\/a><\/p>","protected":false},"featured_media":11149,"template":"","meta":{"site-sidebar-layout":"default","site-content-layout":"default","ast-global-header-display":"","ast-banner-title-visibility":"","ast-main-header-display":"","ast-hfb-above-header-display":"","ast-hfb-below-header-display":"","ast-hfb-mobile-header-display":"","site-post-title":"","ast-breadcrumbs-content":"","ast-featured-img":"","footer-sml-layout":"","theme-transparent-header-meta":"default","adv-header-id-meta":"","stick-header-meta":"","header-above-stick-meta":"","header-main-stick-meta":"","header-below-stick-meta":""},"product_brand":[],"product_cat":[22],"product_tag":[],"class_list":{"0":"post-11148","1":"product","2":"type-product","3":"status-publish","4":"has-post-thumbnail","6":"product_cat-art-toys","7":"desktop-align-left","8":"tablet-align-left","9":"mobile-align-left","11":"first","12":"instock","13":"shipping-taxable","14":"purchasable","15":"product-type-simple"},"_links":{"self":[{"href":"https:\/\/thefactoryconceptstore.com\/fr\/wp-json\/wp\/v2\/product\/11148","targetHints":{"allow":["GET"]}}],"collection":[{"href":"https:\/\/thefactoryconceptstore.com\/fr\/wp-json\/wp\/v2\/product"}],"about":[{"href":"https:\/\/thefactoryconceptstore.com\/fr\/wp-json\/wp\/v2\/types\/product"}],"version-history":[{"count":2,"href":"https:\/\/thefactoryconceptstore.com\/fr\/wp-json\/wp\/v2\/product\/11148\/revisions"}],"predecessor-version":[{"id":11211,"href":"https:\/\/thefactoryconceptstore.com\/fr\/wp-json\/wp\/v2\/product\/11148\/revisions\/11211"}],"wp:featuredmedia":[{"embeddable":true,"href":"https:\/\/thefactoryconceptstore.com\/fr\/wp-json\/wp\/v2\/media\/11149"}],"wp:attachment":[{"href":"https:\/\/thefactoryconceptstore.com\/fr\/wp-json\/wp\/v2\/media?parent=11148"}],"wp:term":[{"taxonomy":"product_brand","embeddable":true,"href":"https:\/\/thefactoryconceptstore.com\/fr\/wp-json\/wp\/v2\/product_brand?post=11148"},{"taxonomy":"product_cat","embeddable":true,"href":"https:\/\/thefactoryconceptstore.com\/fr\/wp-json\/wp\/v2\/product_cat?post=11148"},{"taxonomy":"product_tag","embeddable":true,"href":"https:\/\/thefactoryconceptstore.com\/fr\/wp-json\/wp\/v2\/product_tag?post=11148"}],"curies":[{"name":"wp","href":"https:\/\/api.w.org\/{rel}","templated":true}]}}