{"id":11134,"date":"2023-06-12T20:27:25","date_gmt":"2023-06-12T18:27:25","guid":{"rendered":"https:\/\/thefactoryconceptstore.com\/?post_type=product&#038;p=11134"},"modified":"2024-12-03T16:55:20","modified_gmt":"2024-12-03T15:55:20","slug":"kaws-along-the-way-book","status":"publish","type":"product","link":"https:\/\/thefactoryconceptstore.com\/fr\/products\/kaws-along-the-way-book\/","title":{"rendered":"LIVRE KAWS ALONG THE WAY"},"content":{"rendered":"<p>LIVRE KAWS ALONG THE WAY<\/p>\n<p>Kaws Along the Way Monographie n\u00b0 413\/1888 Etat neuf<\/p>\n<p>Portofoglio Composition :<br \/>\n- Essai (pamphlet)<br \/>\n-V\u00e9lin<br \/>\n-Lot de 34 cartes<br \/>\n-Photographie d'exposition<\/p>\n<p>Pour c\u00e9l\u00e9brer l'exposition KAWS : ALONG THE WAY en 2019, cette \u00e9dition sp\u00e9ciale de la monographie KAWS : ALONG THE WAY en \u00e9dition limit\u00e9e avec l'artiste de renom KAWS.<\/p>\n<p>Pr\u00e9sentant une vue d'ensemble de l'\u0153uvre de l'artiste, la publication comprend des photographies de son exposition d'\u00e9tude de carri\u00e8re \u00e0 Hong Kong, un essai du regrett\u00e9 conservateur Germano Celant, ainsi que 34 encarts cartonn\u00e9s consacr\u00e9s aux figures embl\u00e9matiques de l'artiste.<\/p>\n<p>Cette \u00e9dition limit\u00e9e de 1888 est pr\u00e9sent\u00e9e dans un coffret \u00e0 clapet et num\u00e9rot\u00e9e individuellement au dos.<\/p>","protected":false},"excerpt":{"rendered":"<p>LIVRE KAWS ALONG THE WAY Monographie Kaws Along the Way No. 413\/1888 Mint Condition Portofoglio Composition : - Essai (pamphlet) -V\u00e9lin -Set Of 34 Cards -Exhibition Photography Celebrating KAWS : ALONG THE WAY en 2019, cette \u00e9dition sp\u00e9ciale de l'exposition KAWS : ALONG THE WAY en \u00e9dition limit\u00e9e avec l'artiste de renom KAWS. Pr\u00e9sentant une vue d'ensemble de l'exposition ...<\/p>\n<p class=\"read-more\"> <a class=\"\" href=\"https:\/\/thefactoryconceptstore.com\/fr\/products\/kaws-along-the-way-book\/\"> <span class=\"screen-reader-text\">LIVRE KAWS ALONG THE WAY<\/span> Lire la suite \"<\/a><\/p>","protected":false},"featured_media":11135,"template":"","meta":{"site-sidebar-layout":"default","site-content-layout":"default","ast-global-header-display":"","ast-banner-title-visibility":"","ast-main-header-display":"","ast-hfb-above-header-display":"","ast-hfb-below-header-display":"","ast-hfb-mobile-header-display":"","site-post-title":"","ast-breadcrumbs-content":"","ast-featured-img":"","footer-sml-layout":"","theme-transparent-header-meta":"default","adv-header-id-meta":"","stick-header-meta":"","header-above-stick-meta":"","header-main-stick-meta":"","header-below-stick-meta":""},"product_brand":[],"product_cat":[26],"product_tag":[],"class_list":{"0":"post-11134","1":"product","2":"type-product","3":"status-publish","4":"has-post-thumbnail","6":"product_cat-books","7":"desktop-align-left","8":"tablet-align-left","9":"mobile-align-left","11":"first","12":"outofstock","13":"shipping-taxable","14":"purchasable","15":"product-type-simple"},"_links":{"self":[{"href":"https:\/\/thefactoryconceptstore.com\/fr\/wp-json\/wp\/v2\/product\/11134","targetHints":{"allow":["GET"]}}],"collection":[{"href":"https:\/\/thefactoryconceptstore.com\/fr\/wp-json\/wp\/v2\/product"}],"about":[{"href":"https:\/\/thefactoryconceptstore.com\/fr\/wp-json\/wp\/v2\/types\/product"}],"version-history":[{"count":3,"href":"https:\/\/thefactoryconceptstore.com\/fr\/wp-json\/wp\/v2\/product\/11134\/revisions"}],"predecessor-version":[{"id":11210,"href":"https:\/\/thefactoryconceptstore.com\/fr\/wp-json\/wp\/v2\/product\/11134\/revisions\/11210"}],"wp:featuredmedia":[{"embeddable":true,"href":"https:\/\/thefactoryconceptstore.com\/fr\/wp-json\/wp\/v2\/media\/11135"}],"wp:attachment":[{"href":"https:\/\/thefactoryconceptstore.com\/fr\/wp-json\/wp\/v2\/media?parent=11134"}],"wp:term":[{"taxonomy":"product_brand","embeddable":true,"href":"https:\/\/thefactoryconceptstore.com\/fr\/wp-json\/wp\/v2\/product_brand?post=11134"},{"taxonomy":"product_cat","embeddable":true,"href":"https:\/\/thefactoryconceptstore.com\/fr\/wp-json\/wp\/v2\/product_cat?post=11134"},{"taxonomy":"product_tag","embeddable":true,"href":"https:\/\/thefactoryconceptstore.com\/fr\/wp-json\/wp\/v2\/product_tag?post=11134"}],"curies":[{"name":"wp","href":"https:\/\/api.w.org\/{rel}","templated":true}]}}