{"id":11128,"date":"2023-06-19T10:40:18","date_gmt":"2023-06-19T08:40:18","guid":{"rendered":"https:\/\/thefactoryconceptstore.com\/?post_type=product&#038;p=11128"},"modified":"2023-11-12T10:10:46","modified_gmt":"2023-11-12T09:10:46","slug":"bearbrick-unknown-asia-400-100","status":"publish","type":"product","link":"https:\/\/thefactoryconceptstore.com\/fr\/products\/bearbrick-unknown-asia-400-100\/","title":{"rendered":"BE@RBRICK UNKNOWN ASIA 400% 100%"},"content":{"rendered":"<p>BE@RBRICK UNKNOWN ASIA 400% 100%<\/p>\n<p>Apr\u00e8s sa collaboration avec le restaurant OkDongsik de S\u00e9oul, le collectif sud-cor\u00e9en \ub2e4\ub2e4DADA\u591a\u591a s'associe pour la premi\u00e8re fois \u00e0 Medicom Toy. Les Be@rbricks 100% et 400% en \u00e9dition sp\u00e9ciale seront livr\u00e9s en collaboration avec les distributeurs Kinki Robot et NUBIAN.<\/p>\n<p>\u00c0 l'origine du projet :Be@rbrick \u00e9tait pour nous un objet de pr\u00e9dilection depuis que nous avons \u00e9t\u00e9 attir\u00e9s par la mode et la culture d\u00e8s notre plus jeune \u00e2ge. Nous aimons le fait de pouvoir pr\u00e9senter notre cr\u00e9ativit\u00e9 sur sa figure sans limitation\", a d\u00e9clar\u00e9 l'\u00e9quipe de \ub2e4\ub2e4DADA\u591a\u591a. \"Tout est parti d'une conversation entre Don sun-pil de la galerie Arario. Son projet propose que la culture dite otaku ne soit pas simplement un loisir ou un amusement l\u00e9ger, mais un ph\u00e9nom\u00e8ne social fascinant et un indice d'un sens esth\u00e9tique partag\u00e9.\"<\/p>\n<p>Tout au long de sa collection \"Kitsutaitne\", Don a mis en \u00e9vidence le ph\u00e9nom\u00e8ne de l'utilisation de filigranes pour emp\u00eacher la violation des droits d'auteur dans une soci\u00e9t\u00e9 qui fait circuler des millions d'images chaque jour. S'inspirant de cette id\u00e9e, les prochaines figurines Be@rbrick sont pr\u00e9sent\u00e9es dans une imitation de pierre de jade avec des impressions en filigrane signalant leur pr\u00e9tendue originalit\u00e9. De plus, l'emballage est en faux bois, reproduisant les photos d'une vraie bo\u00eete en bois.<\/p>\n<p>Medicom Toy utilise la technologie du transfert d'eau pour garantir un placement unique de l'impression sur chaque Be@rbrick. Cela signifie que chaque Be@rbrick sera sp\u00e9ciale et unique.<\/p>","protected":false},"excerpt":{"rendered":"<p>BE@RBRICK UNKNOWN ASIA 400% 100% Apr\u00e8s sa collaboration avec le restaurant OkDongsik de S\u00e9oul, le collectif sud-cor\u00e9en \ub2e4\ub2e4DADA\u591a\u591a s'associe pour la premi\u00e8re fois \u00e0 Medicom Toy. En collaboration avec les distributeurs Kinki Robot et NUBIAN, les Be@rbricks 100% et 400% sont livr\u00e9s en \u00e9dition sp\u00e9ciale. A propos du projet :La Be@rbrick est un objet que nous aimons depuis que nous avons \u00e9t\u00e9 attir\u00e9s par ...<\/p>\n<p class=\"read-more\"> <a class=\"\" href=\"https:\/\/thefactoryconceptstore.com\/fr\/products\/bearbrick-unknown-asia-400-100\/\"> <span class=\"screen-reader-text\">BE@RBRICK UNKNOWN ASIA 400% 100%<\/span> Lire la suite \"<\/a><\/p>","protected":false},"featured_media":11129,"template":"","meta":{"site-sidebar-layout":"default","site-content-layout":"default","ast-global-header-display":"","ast-banner-title-visibility":"","ast-main-header-display":"","ast-hfb-above-header-display":"","ast-hfb-below-header-display":"","ast-hfb-mobile-header-display":"","site-post-title":"","ast-breadcrumbs-content":"","ast-featured-img":"","footer-sml-layout":"","theme-transparent-header-meta":"default","adv-header-id-meta":"","stick-header-meta":"","header-above-stick-meta":"","header-main-stick-meta":"","header-below-stick-meta":""},"product_brand":[],"product_cat":[22,33],"product_tag":[],"class_list":{"0":"post-11128","1":"product","2":"type-product","3":"status-publish","4":"has-post-thumbnail","6":"product_cat-art-toys","7":"product_cat-bearbrick","8":"desktop-align-left","9":"tablet-align-left","10":"mobile-align-left","12":"first","13":"outofstock","14":"shipping-taxable","15":"purchasable","16":"product-type-simple"},"_links":{"self":[{"href":"https:\/\/thefactoryconceptstore.com\/fr\/wp-json\/wp\/v2\/product\/11128","targetHints":{"allow":["GET"]}}],"collection":[{"href":"https:\/\/thefactoryconceptstore.com\/fr\/wp-json\/wp\/v2\/product"}],"about":[{"href":"https:\/\/thefactoryconceptstore.com\/fr\/wp-json\/wp\/v2\/types\/product"}],"version-history":[{"count":3,"href":"https:\/\/thefactoryconceptstore.com\/fr\/wp-json\/wp\/v2\/product\/11128\/revisions"}],"predecessor-version":[{"id":11363,"href":"https:\/\/thefactoryconceptstore.com\/fr\/wp-json\/wp\/v2\/product\/11128\/revisions\/11363"}],"wp:featuredmedia":[{"embeddable":true,"href":"https:\/\/thefactoryconceptstore.com\/fr\/wp-json\/wp\/v2\/media\/11129"}],"wp:attachment":[{"href":"https:\/\/thefactoryconceptstore.com\/fr\/wp-json\/wp\/v2\/media?parent=11128"}],"wp:term":[{"taxonomy":"product_brand","embeddable":true,"href":"https:\/\/thefactoryconceptstore.com\/fr\/wp-json\/wp\/v2\/product_brand?post=11128"},{"taxonomy":"product_cat","embeddable":true,"href":"https:\/\/thefactoryconceptstore.com\/fr\/wp-json\/wp\/v2\/product_cat?post=11128"},{"taxonomy":"product_tag","embeddable":true,"href":"https:\/\/thefactoryconceptstore.com\/fr\/wp-json\/wp\/v2\/product_tag?post=11128"}],"curies":[{"name":"wp","href":"https:\/\/api.w.org\/{rel}","templated":true}]}}