{"id":11122,"date":"2024-12-03T17:04:58","date_gmt":"2024-12-03T16:04:58","guid":{"rendered":"https:\/\/thefactoryconceptstore.com\/?post_type=product&#038;p=11122"},"modified":"2024-12-03T17:04:58","modified_gmt":"2024-12-03T16:04:58","slug":"bearbrick-mickey-tailor-400-100-2023","status":"publish","type":"product","link":"https:\/\/thefactoryconceptstore.com\/fr\/products\/bearbrick-mickey-tailor-400-100-2023\/","title":{"rendered":"BE@RBRICK MICKEY TAILOR 400% 100% BEARBRICK 2023"},"content":{"rendered":"<p>Medicom Toy x Disney - Be@rbrick Mickey Mouse (Brave Little Tailor) x Disney Bearbrick 2023<\/p>\n<p>Le vaillant petit tailleur est un conte allemand popularis\u00e9 par les fr\u00e8res Grimm au d\u00e9but du XIXe si\u00e8cle. On y suit, comme son nom l'indique tr\u00e8s bien, les aventures d'un petit tailleur qui, par la ruse plus que par des exploits physiques, deviendra roi d'un royaume.<\/p>\n<p>Medicom Toy utilise la technologie du transfert d'eau pour garantir un placement unique de l'impression sur chaque Be@rbrick. Cela signifie que chaque Be@rbrick sera sp\u00e9ciale et unique.<\/p>","protected":false},"excerpt":{"rendered":"<p>Medicom Toy x Disney &#8211; Be@rbrick Mickey Mouse (Brave Little Tailor) x Disney Bearbrick 2023 The Valiant Little Tailor is a German tale popularized by the Brothers Grimm at the beginning of the 19th century. We follow, as the name very well indicates, the adventures of a little tailor who, through cunning rather than physical &hellip;<\/p>\n<p class=\"read-more\"> <a class=\"\" href=\"https:\/\/thefactoryconceptstore.com\/fr\/products\/bearbrick-mickey-tailor-400-100-2023\/\"> <span class=\"screen-reader-text\">BE@RBRICK MICKEY TAILOR 400% 100% BEARBRICK 2023<\/span> Lire la suite \"<\/a><\/p>","protected":false},"featured_media":11123,"template":"","meta":{"site-sidebar-layout":"default","site-content-layout":"default","ast-global-header-display":"","ast-banner-title-visibility":"","ast-main-header-display":"","ast-hfb-above-header-display":"","ast-hfb-below-header-display":"","ast-hfb-mobile-header-display":"","site-post-title":"","ast-breadcrumbs-content":"","ast-featured-img":"","footer-sml-layout":"","theme-transparent-header-meta":"default","adv-header-id-meta":"","stick-header-meta":"","header-above-stick-meta":"","header-main-stick-meta":"","header-below-stick-meta":""},"product_brand":[],"product_cat":[22,33],"product_tag":[],"class_list":{"0":"post-11122","1":"product","2":"type-product","3":"status-publish","4":"has-post-thumbnail","6":"product_cat-art-toys","7":"product_cat-bearbrick","8":"desktop-align-left","9":"tablet-align-left","10":"mobile-align-left","12":"first","13":"instock","14":"shipping-taxable","15":"purchasable","16":"product-type-simple"},"_links":{"self":[{"href":"https:\/\/thefactoryconceptstore.com\/fr\/wp-json\/wp\/v2\/product\/11122","targetHints":{"allow":["GET"]}}],"collection":[{"href":"https:\/\/thefactoryconceptstore.com\/fr\/wp-json\/wp\/v2\/product"}],"about":[{"href":"https:\/\/thefactoryconceptstore.com\/fr\/wp-json\/wp\/v2\/types\/product"}],"version-history":[{"count":3,"href":"https:\/\/thefactoryconceptstore.com\/fr\/wp-json\/wp\/v2\/product\/11122\/revisions"}],"predecessor-version":[{"id":11955,"href":"https:\/\/thefactoryconceptstore.com\/fr\/wp-json\/wp\/v2\/product\/11122\/revisions\/11955"}],"wp:featuredmedia":[{"embeddable":true,"href":"https:\/\/thefactoryconceptstore.com\/fr\/wp-json\/wp\/v2\/media\/11123"}],"wp:attachment":[{"href":"https:\/\/thefactoryconceptstore.com\/fr\/wp-json\/wp\/v2\/media?parent=11122"}],"wp:term":[{"taxonomy":"product_brand","embeddable":true,"href":"https:\/\/thefactoryconceptstore.com\/fr\/wp-json\/wp\/v2\/product_brand?post=11122"},{"taxonomy":"product_cat","embeddable":true,"href":"https:\/\/thefactoryconceptstore.com\/fr\/wp-json\/wp\/v2\/product_cat?post=11122"},{"taxonomy":"product_tag","embeddable":true,"href":"https:\/\/thefactoryconceptstore.com\/fr\/wp-json\/wp\/v2\/product_tag?post=11122"}],"curies":[{"name":"wp","href":"https:\/\/api.w.org\/{rel}","templated":true}]}}