{"id":11116,"date":"2023-06-12T20:54:01","date_gmt":"2023-06-12T18:54:01","guid":{"rendered":"https:\/\/thefactoryconceptstore.com\/?post_type=product&#038;p=11116"},"modified":"2023-06-13T22:21:56","modified_gmt":"2023-06-13T20:21:56","slug":"bearbrick-medicom-plus-gold-400-100-2021","status":"publish","type":"product","link":"https:\/\/thefactoryconceptstore.com\/fr\/products\/bearbrick-medicom-plus-gold-400-100-2021\/","title":{"rendered":"BE@RBRICK MEDICOM PLUS GOLD 400% 100% 2021"},"content":{"rendered":"<p>BE@RBRICK MEDICOM PLUS GOLD 400% 100% 2021<\/p>\n<p>Cette Be@rbrick fait partie d'une s\u00e9rie de 3 couleurs, or, argent et celle-ci l'\u00e9dition rose !<br \/>\nUne fois de plus, c'est un travail incroyable de Medicom Toys dans cette \u00e9dition chrom\u00e9e.<\/p>\n<p>Il s'agit d'une \u00e9dition tr\u00e8s limit\u00e9e !<\/p>","protected":false},"excerpt":{"rendered":"<p>BE@RBRICK MEDICOM PLUS GOLD 400% 100% 2021 Cette Be@rbrick fait partie d'une s\u00e9rie de 3 couleurs, Gold, silver et celle-ci l'\u00e9dition Pink ! Une fois de plus, c'est un travail incroyable de Medicom Toys dans cette \u00e9dition chrom\u00e9e. C'est une \u00e9dition tr\u00e8s limit\u00e9e !<\/p>","protected":false},"featured_media":11117,"template":"","meta":{"site-sidebar-layout":"default","site-content-layout":"default","ast-global-header-display":"","ast-banner-title-visibility":"","ast-main-header-display":"","ast-hfb-above-header-display":"","ast-hfb-below-header-display":"","ast-hfb-mobile-header-display":"","site-post-title":"","ast-breadcrumbs-content":"","ast-featured-img":"","footer-sml-layout":"","theme-transparent-header-meta":"default","adv-header-id-meta":"","stick-header-meta":"","header-above-stick-meta":"","header-main-stick-meta":"","header-below-stick-meta":""},"product_brand":[],"product_cat":[33],"product_tag":[],"class_list":{"0":"post-11116","1":"product","2":"type-product","3":"status-publish","4":"has-post-thumbnail","6":"product_cat-bearbrick","7":"desktop-align-left","8":"tablet-align-left","9":"mobile-align-left","11":"first","12":"instock","13":"shipping-taxable","14":"purchasable","15":"product-type-simple"},"_links":{"self":[{"href":"https:\/\/thefactoryconceptstore.com\/fr\/wp-json\/wp\/v2\/product\/11116","targetHints":{"allow":["GET"]}}],"collection":[{"href":"https:\/\/thefactoryconceptstore.com\/fr\/wp-json\/wp\/v2\/product"}],"about":[{"href":"https:\/\/thefactoryconceptstore.com\/fr\/wp-json\/wp\/v2\/types\/product"}],"version-history":[{"count":2,"href":"https:\/\/thefactoryconceptstore.com\/fr\/wp-json\/wp\/v2\/product\/11116\/revisions"}],"predecessor-version":[{"id":11226,"href":"https:\/\/thefactoryconceptstore.com\/fr\/wp-json\/wp\/v2\/product\/11116\/revisions\/11226"}],"wp:featuredmedia":[{"embeddable":true,"href":"https:\/\/thefactoryconceptstore.com\/fr\/wp-json\/wp\/v2\/media\/11117"}],"wp:attachment":[{"href":"https:\/\/thefactoryconceptstore.com\/fr\/wp-json\/wp\/v2\/media?parent=11116"}],"wp:term":[{"taxonomy":"product_brand","embeddable":true,"href":"https:\/\/thefactoryconceptstore.com\/fr\/wp-json\/wp\/v2\/product_brand?post=11116"},{"taxonomy":"product_cat","embeddable":true,"href":"https:\/\/thefactoryconceptstore.com\/fr\/wp-json\/wp\/v2\/product_cat?post=11116"},{"taxonomy":"product_tag","embeddable":true,"href":"https:\/\/thefactoryconceptstore.com\/fr\/wp-json\/wp\/v2\/product_tag?post=11116"}],"curies":[{"name":"wp","href":"https:\/\/api.w.org\/{rel}","templated":true}]}}