{"id":11092,"date":"2023-06-12T20:33:42","date_gmt":"2023-06-12T18:33:42","guid":{"rendered":"https:\/\/thefactoryconceptstore.com\/?post_type=product&#038;p=11092"},"modified":"2024-12-03T16:54:31","modified_gmt":"2024-12-03T15:54:31","slug":"bearbrick-keith-haring-v9-400-100-2023","status":"publish","type":"product","link":"https:\/\/thefactoryconceptstore.com\/fr\/products\/bearbrick-keith-haring-v9-400-100-2023\/","title":{"rendered":"BE@RBRICK KEITH HARING V9 400% 100% 2023"},"content":{"rendered":"<p>Be@rbrick Keith Harring v9 400% + 100% 2023<\/p>\n<p>Medicom Toy propose ce set 100% &amp; 400% Be@rbirck avec un motif de l'\u0153uvre d'art du c\u00e9l\u00e8bre artiste et activiste social am\u00e9ricain Keith Haring. Il s'agit du cinqui\u00e8me Be@rbricl Keith Haring \u00e0 sortir.<\/p>\n<p>Les couleurs sont parfaitement assorties et sa signature est imprim\u00e9e au dos. Ils mesurent 7 cm et 28 cm. Faites-en un ajout unique \u00e0 votre collection d'art ou de Be@rbrcik.<\/p>\n<p>Medicom Toy utilise la technologie du transfert d'eau pour garantir un placement unique de l'impression sur chaque Be@rbrick. Cela signifie que chaque Be@rbrick sera sp\u00e9ciale et unique.<\/p>","protected":false},"excerpt":{"rendered":"<p>Be@rbrick Keith Harring v9 400% + 100% 2023<\/p>\n<p>Medicom Toy propose ce set 100% &amp; 400% Be@rbirck, avec un motif de l'\u0153uvre d'art du c\u00e9l\u00e8bre artiste et activiste social am\u00e9ricain Keith Haring. Il s'agit du neuvi\u00e8me Keith Haring Be@rbricl \u00e0 sortir.<\/p>\n<p>Les couleurs sont parfaitement assorties et sa signature est imprim\u00e9e au dos. Ils mesurent 7 cm et 28 cm. Faites-en un ajout unique \u00e0 votre collection d'art ou de Be@rbrcik.<\/p>\n<p>Medicom Toy utilise la technologie du transfert d'eau pour garantir un placement unique de l'impression sur chaque Be@rbrick. Cela signifie que chaque Be@rbrick sera sp\u00e9ciale et unique.<\/p>","protected":false},"featured_media":11093,"template":"","meta":{"site-sidebar-layout":"default","site-content-layout":"default","ast-global-header-display":"","ast-banner-title-visibility":"","ast-main-header-display":"","ast-hfb-above-header-display":"","ast-hfb-below-header-display":"","ast-hfb-mobile-header-display":"","site-post-title":"","ast-breadcrumbs-content":"","ast-featured-img":"","footer-sml-layout":"","theme-transparent-header-meta":"default","adv-header-id-meta":"","stick-header-meta":"","header-above-stick-meta":"","header-main-stick-meta":"","header-below-stick-meta":""},"product_brand":[],"product_cat":[33],"product_tag":[],"class_list":{"0":"post-11092","1":"product","2":"type-product","3":"status-publish","4":"has-post-thumbnail","6":"product_cat-bearbrick","7":"desktop-align-left","8":"tablet-align-left","9":"mobile-align-left","11":"first","12":"outofstock","13":"shipping-taxable","14":"purchasable","15":"product-type-simple"},"_links":{"self":[{"href":"https:\/\/thefactoryconceptstore.com\/fr\/wp-json\/wp\/v2\/product\/11092","targetHints":{"allow":["GET"]}}],"collection":[{"href":"https:\/\/thefactoryconceptstore.com\/fr\/wp-json\/wp\/v2\/product"}],"about":[{"href":"https:\/\/thefactoryconceptstore.com\/fr\/wp-json\/wp\/v2\/types\/product"}],"version-history":[{"count":4,"href":"https:\/\/thefactoryconceptstore.com\/fr\/wp-json\/wp\/v2\/product\/11092\/revisions"}],"predecessor-version":[{"id":11765,"href":"https:\/\/thefactoryconceptstore.com\/fr\/wp-json\/wp\/v2\/product\/11092\/revisions\/11765"}],"wp:featuredmedia":[{"embeddable":true,"href":"https:\/\/thefactoryconceptstore.com\/fr\/wp-json\/wp\/v2\/media\/11093"}],"wp:attachment":[{"href":"https:\/\/thefactoryconceptstore.com\/fr\/wp-json\/wp\/v2\/media?parent=11092"}],"wp:term":[{"taxonomy":"product_brand","embeddable":true,"href":"https:\/\/thefactoryconceptstore.com\/fr\/wp-json\/wp\/v2\/product_brand?post=11092"},{"taxonomy":"product_cat","embeddable":true,"href":"https:\/\/thefactoryconceptstore.com\/fr\/wp-json\/wp\/v2\/product_cat?post=11092"},{"taxonomy":"product_tag","embeddable":true,"href":"https:\/\/thefactoryconceptstore.com\/fr\/wp-json\/wp\/v2\/product_tag?post=11092"}],"curies":[{"name":"wp","href":"https:\/\/api.w.org\/{rel}","templated":true}]}}