{"id":11086,"date":"2023-06-12T20:34:56","date_gmt":"2023-06-12T18:34:56","guid":{"rendered":"https:\/\/thefactoryconceptstore.com\/?post_type=product&#038;p=11086"},"modified":"2024-02-13T21:41:00","modified_gmt":"2024-02-13T20:41:00","slug":"bearbrick-basquiat-v9-angel-400-100-2023","status":"publish","type":"product","link":"https:\/\/thefactoryconceptstore.com\/fr\/products\/bearbrick-basquiat-v9-angel-400-100-2023\/","title":{"rendered":"BE@RBRICK BASQUIAT V9 ANGEL 400% 100% 2023"},"content":{"rendered":"<p>Be@rbrick Jean Michel Basquiat V9 Blue Angel 400% 100% 2023<\/p>\n<p>Voici le dernier set Bearbrick 400% &amp; 100% en collaboration avec la Fondation Basquiat. Sortie 9 !<\/p>\n<p>\u00c0 propos de Jean-Michel Basquiat :<br \/>\nChef de file du mouvement underground \u00e0 New York dans les ann\u00e9es 80, Jean-Michel Basquiat est un artiste qui influence plus que jamais la culture artistique contemporaine. Ses peintures et dessins, critiques sociales par excellence, r\u00e9sonnent toujours \u00e0 travers leurs sujets.<\/p>\n<p>Medicom Toy utilise la technologie du transfert d'eau pour garantir un placement unique de l'impression sur chaque Be@rbrick. Cela signifie que chaque Be@rbrick sera sp\u00e9ciale et unique.<\/p>","protected":false},"excerpt":{"rendered":"<p>Be@rbrick Jean Michel Basquiat V9 Blue Angel 400% 100% 2023 Voici le dernier set Bearbrick 400% &amp; 100% en collaboration avec la Fondation Basquiat. Version 9 ! \u00c0 propos de Jean-Michel Basquiat : Leader du mouvement underground \u00e0 New York dans les ann\u00e9es 80, Jean-Michel Basquiat est un artiste qui influence plus que jamais la culture artistique contemporaine. Ses peintures et dessins, ses ...<\/p>\n<p class=\"read-more\"> <a class=\"\" href=\"https:\/\/thefactoryconceptstore.com\/fr\/products\/bearbrick-basquiat-v9-angel-400-100-2023\/\"> <span class=\"screen-reader-text\">BE@RBRICK BASQUIAT V9 ANGEL 400% 100% 2023<\/span> Lire la suite \"<\/a><\/p>","protected":false},"featured_media":11087,"template":"","meta":{"site-sidebar-layout":"default","site-content-layout":"default","ast-global-header-display":"","ast-banner-title-visibility":"","ast-main-header-display":"","ast-hfb-above-header-display":"","ast-hfb-below-header-display":"","ast-hfb-mobile-header-display":"","site-post-title":"","ast-breadcrumbs-content":"","ast-featured-img":"","footer-sml-layout":"","theme-transparent-header-meta":"default","adv-header-id-meta":"","stick-header-meta":"","header-above-stick-meta":"","header-main-stick-meta":"","header-below-stick-meta":""},"product_brand":[],"product_cat":[33],"product_tag":[],"class_list":{"0":"post-11086","1":"product","2":"type-product","3":"status-publish","4":"has-post-thumbnail","6":"product_cat-bearbrick","7":"desktop-align-left","8":"tablet-align-left","9":"mobile-align-left","11":"first","12":"instock","13":"shipping-taxable","14":"purchasable","15":"product-type-simple"},"_links":{"self":[{"href":"https:\/\/thefactoryconceptstore.com\/fr\/wp-json\/wp\/v2\/product\/11086","targetHints":{"allow":["GET"]}}],"collection":[{"href":"https:\/\/thefactoryconceptstore.com\/fr\/wp-json\/wp\/v2\/product"}],"about":[{"href":"https:\/\/thefactoryconceptstore.com\/fr\/wp-json\/wp\/v2\/types\/product"}],"version-history":[{"count":2,"href":"https:\/\/thefactoryconceptstore.com\/fr\/wp-json\/wp\/v2\/product\/11086\/revisions"}],"predecessor-version":[{"id":11215,"href":"https:\/\/thefactoryconceptstore.com\/fr\/wp-json\/wp\/v2\/product\/11086\/revisions\/11215"}],"wp:featuredmedia":[{"embeddable":true,"href":"https:\/\/thefactoryconceptstore.com\/fr\/wp-json\/wp\/v2\/media\/11087"}],"wp:attachment":[{"href":"https:\/\/thefactoryconceptstore.com\/fr\/wp-json\/wp\/v2\/media?parent=11086"}],"wp:term":[{"taxonomy":"product_brand","embeddable":true,"href":"https:\/\/thefactoryconceptstore.com\/fr\/wp-json\/wp\/v2\/product_brand?post=11086"},{"taxonomy":"product_cat","embeddable":true,"href":"https:\/\/thefactoryconceptstore.com\/fr\/wp-json\/wp\/v2\/product_cat?post=11086"},{"taxonomy":"product_tag","embeddable":true,"href":"https:\/\/thefactoryconceptstore.com\/fr\/wp-json\/wp\/v2\/product_tag?post=11086"}],"curies":[{"name":"wp","href":"https:\/\/api.w.org\/{rel}","templated":true}]}}