{"id":11081,"date":"2023-06-12T20:52:27","date_gmt":"2023-06-12T18:52:27","guid":{"rendered":"https:\/\/thefactoryconceptstore.com\/?post_type=product&#038;p=11081"},"modified":"2024-12-03T16:50:45","modified_gmt":"2024-12-03T15:50:45","slug":"astro-boy-secret-base-2021","status":"publish","type":"product","link":"https:\/\/thefactoryconceptstore.com\/fr\/products\/astro-boy-secret-base-2021\/","title":{"rendered":"ASTRO BOY BASE SECR\u00c8TE 2021"},"content":{"rendered":"<p>ASTRO BOY BASE SECR\u00c8TE 2021<\/p>\n<p>Du fabricant de jouets \u00e0 la base secr\u00e8te<\/p>\n<p>Astro Boy \u00e0 grande \u00e9chelle (Tetsuwan Atom) Edition rose et violette<\/p>\n<p>Bas\u00e9 sur le nom original de Tetsuwan Atom, il a \u00e9t\u00e9 cr\u00e9\u00e9 en 1951 par le dessinateur et animateur japonais Osamu Tezuka, six ans seulement apr\u00e8s la fin de la Seconde Guerre mondiale. La s\u00e9rie originale de bandes dessin\u00e9es ASTRO BOY a \u00e9t\u00e9 extr\u00eamement populaire et compte pr\u00e8s de 5 000 pages. 20<\/p>","protected":false},"excerpt":{"rendered":"<p>ASTRO BOY SECRET BASE 2021 From Secret base Toy Maker Big scale Astro Boy (Tetsuwan Atom) Pink &amp; Purple Edition Based on originally named Tetsuwan Atom, a \u00e9t\u00e9 cr\u00e9\u00e9 en 1951 par le dessinateur et animateur japonais Osamu Tezuka, six ans seulement apr\u00e8s la fin de la Seconde Guerre mondiale. La s\u00e9rie originale de bandes dessin\u00e9es ASTRO BOY a \u00e9t\u00e9 ...<\/p>\n<p class=\"read-more\"> <a class=\"\" href=\"https:\/\/thefactoryconceptstore.com\/fr\/products\/astro-boy-secret-base-2021\/\"> <span class=\"screen-reader-text\">ASTRO BOY BASE SECR\u00c8TE 2021<\/span> Lire la suite \"<\/a><\/p>","protected":false},"featured_media":11082,"template":"","meta":{"site-sidebar-layout":"default","site-content-layout":"default","ast-global-header-display":"","ast-banner-title-visibility":"","ast-main-header-display":"","ast-hfb-above-header-display":"","ast-hfb-below-header-display":"","ast-hfb-mobile-header-display":"","site-post-title":"","ast-breadcrumbs-content":"","ast-featured-img":"","footer-sml-layout":"","theme-transparent-header-meta":"default","adv-header-id-meta":"","stick-header-meta":"","header-above-stick-meta":"","header-main-stick-meta":"","header-below-stick-meta":""},"product_brand":[],"product_cat":[22],"product_tag":[],"class_list":{"0":"post-11081","1":"product","2":"type-product","3":"status-publish","4":"has-post-thumbnail","6":"product_cat-art-toys","7":"desktop-align-left","8":"tablet-align-left","9":"mobile-align-left","11":"first","12":"outofstock","13":"shipping-taxable","14":"purchasable","15":"product-type-simple"},"_links":{"self":[{"href":"https:\/\/thefactoryconceptstore.com\/fr\/wp-json\/wp\/v2\/product\/11081","targetHints":{"allow":["GET"]}}],"collection":[{"href":"https:\/\/thefactoryconceptstore.com\/fr\/wp-json\/wp\/v2\/product"}],"about":[{"href":"https:\/\/thefactoryconceptstore.com\/fr\/wp-json\/wp\/v2\/types\/product"}],"version-history":[{"count":3,"href":"https:\/\/thefactoryconceptstore.com\/fr\/wp-json\/wp\/v2\/product\/11081\/revisions"}],"predecessor-version":[{"id":11225,"href":"https:\/\/thefactoryconceptstore.com\/fr\/wp-json\/wp\/v2\/product\/11081\/revisions\/11225"}],"wp:featuredmedia":[{"embeddable":true,"href":"https:\/\/thefactoryconceptstore.com\/fr\/wp-json\/wp\/v2\/media\/11082"}],"wp:attachment":[{"href":"https:\/\/thefactoryconceptstore.com\/fr\/wp-json\/wp\/v2\/media?parent=11081"}],"wp:term":[{"taxonomy":"product_brand","embeddable":true,"href":"https:\/\/thefactoryconceptstore.com\/fr\/wp-json\/wp\/v2\/product_brand?post=11081"},{"taxonomy":"product_cat","embeddable":true,"href":"https:\/\/thefactoryconceptstore.com\/fr\/wp-json\/wp\/v2\/product_cat?post=11081"},{"taxonomy":"product_tag","embeddable":true,"href":"https:\/\/thefactoryconceptstore.com\/fr\/wp-json\/wp\/v2\/product_tag?post=11081"}],"curies":[{"name":"wp","href":"https:\/\/api.w.org\/{rel}","templated":true}]}}