{"id":11075,"date":"2023-06-12T20:37:28","date_gmt":"2023-06-12T18:37:28","guid":{"rendered":"https:\/\/thefactoryconceptstore.com\/?post_type=product&#038;p=11075"},"modified":"2024-02-13T21:35:42","modified_gmt":"2024-02-13T20:35:42","slug":"abell-octovan-no-more-amore-2022","status":"publish","type":"product","link":"https:\/\/thefactoryconceptstore.com\/fr\/products\/abell-octovan-no-more-amore-2022\/","title":{"rendered":"ABELL OCTOVAN NO MORE AMORE 2022"},"content":{"rendered":"<p>ABELL OCTOVAN NO MORE AMORE 202<\/p>\n<p>Abell Octovan x Mighty Jaxx - No More Amore Bittersweet Edition<\/p>\n<p>Apr\u00e8s avoir vu d'innombrables c\u0153urs bris\u00e9s et une mer de larmes, Cupidon a fini de jouer les entremetteurs. L'amour n'existe pas dans ce monde, il n'apporte que de la souffrance.<\/p>\n<p>No More Amore d'Abell Octovan revient dans un deuxi\u00e8me coloris - l'\u00e9dition BITTERSWEET !<\/p>\n<p>No More Amore d'Abell Octovan revient dans une deuxi\u00e8me couleur. Fini le blanc sto\u00efque inspir\u00e9 des bustes en marbre, cette figurine pr\u00e9sente un double ton rose-noir plus intense qui capture la passion - et la douleur - de l'amour !<\/p>\n<p>Cette sculpture complexe est remplie de d\u00e9tails qui racontent l'histoire d'un Cupidon d\u00e9chu qui ne croit plus au concept du \"grand amour\"<\/p>\n<p>Source du pouvoir de Cupidon, la personne touch\u00e9e par cette fl\u00e8che est remplie d'un amour incontr\u00f4lable - et dans certains r\u00e9cits, d'un d\u00e9sir. La rupture de l'arc indique le d\u00e9senchantement de Cupidon, qui croit que tout amour se termine dans la douleur.<\/p>\n<p>Le contraste \u00e9lev\u00e9 entre le noir et le rose fait ressortir l'intensit\u00e9 \u00e9motionnelle et les conflits auxquels est confront\u00e9 ce Cupidon blas\u00e9, agent de l'amour par nature. Assis sur un pilier de c\u0153urs bris\u00e9s avec la phrase en relief \"Jusqu'\u00e0 ce que l'amour nous s\u00e9pare\", cette pi\u00e8ce en \u00e9dition limit\u00e9e remet en question le concept de l'amour v\u00e9ritable.<\/p>\n<p>&nbsp;<\/p>","protected":false},"excerpt":{"rendered":"<p>ABELL OCTOVAN NO MORE AMORE 202 Abell Octovan x Mighty Jaxx - No More Amore Bittersweet Edition Apr\u00e8s avoir vu d'innombrables c\u0153urs bris\u00e9s et une mer de larmes, Cupidon en a fini de jouer les entremetteurs. L'amour n'existe pas dans ce monde, il n'apporte que de la douleur. No More Amore d'Abell Octovan revient dans un deuxi\u00e8me coloris : l'\u00e9dition BITTERSWEET ! ...<\/p>\n<p class=\"read-more\"> <a class=\"\" href=\"https:\/\/thefactoryconceptstore.com\/fr\/products\/abell-octovan-no-more-amore-2022\/\"> <span class=\"screen-reader-text\">ABELL OCTOVAN NO MORE AMORE 2022<\/span> Lire la suite \"<\/a><\/p>","protected":false},"featured_media":11076,"template":"","meta":{"site-sidebar-layout":"default","site-content-layout":"default","ast-global-header-display":"","ast-banner-title-visibility":"","ast-main-header-display":"","ast-hfb-above-header-display":"","ast-hfb-below-header-display":"","ast-hfb-mobile-header-display":"","site-post-title":"","ast-breadcrumbs-content":"","ast-featured-img":"","footer-sml-layout":"","theme-transparent-header-meta":"default","adv-header-id-meta":"","stick-header-meta":"","header-above-stick-meta":"","header-main-stick-meta":"","header-below-stick-meta":""},"product_brand":[],"product_cat":[22],"product_tag":[],"class_list":{"0":"post-11075","1":"product","2":"type-product","3":"status-publish","4":"has-post-thumbnail","6":"product_cat-art-toys","7":"desktop-align-left","8":"tablet-align-left","9":"mobile-align-left","11":"first","12":"instock","13":"shipping-taxable","14":"purchasable","15":"product-type-simple"},"_links":{"self":[{"href":"https:\/\/thefactoryconceptstore.com\/fr\/wp-json\/wp\/v2\/product\/11075","targetHints":{"allow":["GET"]}}],"collection":[{"href":"https:\/\/thefactoryconceptstore.com\/fr\/wp-json\/wp\/v2\/product"}],"about":[{"href":"https:\/\/thefactoryconceptstore.com\/fr\/wp-json\/wp\/v2\/types\/product"}],"version-history":[{"count":3,"href":"https:\/\/thefactoryconceptstore.com\/fr\/wp-json\/wp\/v2\/product\/11075\/revisions"}],"predecessor-version":[{"id":11217,"href":"https:\/\/thefactoryconceptstore.com\/fr\/wp-json\/wp\/v2\/product\/11075\/revisions\/11217"}],"wp:featuredmedia":[{"embeddable":true,"href":"https:\/\/thefactoryconceptstore.com\/fr\/wp-json\/wp\/v2\/media\/11076"}],"wp:attachment":[{"href":"https:\/\/thefactoryconceptstore.com\/fr\/wp-json\/wp\/v2\/media?parent=11075"}],"wp:term":[{"taxonomy":"product_brand","embeddable":true,"href":"https:\/\/thefactoryconceptstore.com\/fr\/wp-json\/wp\/v2\/product_brand?post=11075"},{"taxonomy":"product_cat","embeddable":true,"href":"https:\/\/thefactoryconceptstore.com\/fr\/wp-json\/wp\/v2\/product_cat?post=11075"},{"taxonomy":"product_tag","embeddable":true,"href":"https:\/\/thefactoryconceptstore.com\/fr\/wp-json\/wp\/v2\/product_tag?post=11075"}],"curies":[{"name":"wp","href":"https:\/\/api.w.org\/{rel}","templated":true}]}}