{"id":10824,"date":"2023-05-29T12:45:58","date_gmt":"2023-05-29T10:45:58","guid":{"rendered":"https:\/\/thefactoryconceptstore.com\/?post_type=product&#038;p=10824"},"modified":"2024-12-03T17:06:35","modified_gmt":"2024-12-03T16:06:35","slug":"bearbrick-uncle-x-studio-400-100","status":"publish","type":"product","link":"https:\/\/thefactoryconceptstore.com\/fr\/products\/bearbrick-uncle-x-studio-400-100\/","title":{"rendered":"BE@RBRICK Unkle x Studio AR Mour 400% 100% 2022"},"content":{"rendered":"<p>BE@RBRICK Unkle x Studio AR Mour 400 % 100% (avec piles) 2022<\/p>\n<p>Medicom Toy propose une figurine BEARBRICK en collaboration avec le groupe britannique UNKLE et la marque de v\u00eatements Studio Ar.Mour ! Ces figurines Bearbrick 100% et 400% mesurent respectivement 2,8\" et 11\" et sont dot\u00e9es d'une impression int\u00e9grale et d'un ventre lumineux qui brille \u00e0 l'aide de DEL.<\/p>","protected":false},"excerpt":{"rendered":"<p>BE@RBRICK Unkle x Studio AR Mour 400 % 100% (avec piles) 2022 Medicom Toy propose une figurine BEARBRICK en collaboration avec le groupe britannique UNKLE et la marque de v\u00eatements Studio Ar.Mour ! Ces figurines Bearbrick 100% et 400% mesurent respectivement 2,8\" et 11\" et sont dot\u00e9es d'une impression int\u00e9grale et d'un ventre lumineux qui brille ...<\/p>\n<p class=\"read-more\"> <a class=\"\" href=\"https:\/\/thefactoryconceptstore.com\/fr\/products\/bearbrick-uncle-x-studio-400-100\/\"> <span class=\"screen-reader-text\">BE@RBRICK Unkle x Studio AR Mour 400% 100% 2022<\/span> Lire la suite \"<\/a><\/p>","protected":false},"featured_media":10825,"template":"","meta":{"site-sidebar-layout":"default","site-content-layout":"default","ast-global-header-display":"","ast-banner-title-visibility":"","ast-main-header-display":"","ast-hfb-above-header-display":"","ast-hfb-below-header-display":"","ast-hfb-mobile-header-display":"","site-post-title":"","ast-breadcrumbs-content":"","ast-featured-img":"","footer-sml-layout":"","theme-transparent-header-meta":"default","adv-header-id-meta":"","stick-header-meta":"","header-above-stick-meta":"","header-main-stick-meta":"","header-below-stick-meta":""},"product_brand":[],"product_cat":[33],"product_tag":[],"class_list":{"0":"post-10824","1":"product","2":"type-product","3":"status-publish","4":"has-post-thumbnail","6":"product_cat-bearbrick","7":"desktop-align-left","8":"tablet-align-left","9":"mobile-align-left","11":"first","12":"outofstock","13":"shipping-taxable","14":"purchasable","15":"product-type-simple"},"_links":{"self":[{"href":"https:\/\/thefactoryconceptstore.com\/fr\/wp-json\/wp\/v2\/product\/10824","targetHints":{"allow":["GET"]}}],"collection":[{"href":"https:\/\/thefactoryconceptstore.com\/fr\/wp-json\/wp\/v2\/product"}],"about":[{"href":"https:\/\/thefactoryconceptstore.com\/fr\/wp-json\/wp\/v2\/types\/product"}],"version-history":[{"count":4,"href":"https:\/\/thefactoryconceptstore.com\/fr\/wp-json\/wp\/v2\/product\/10824\/revisions"}],"predecessor-version":[{"id":10958,"href":"https:\/\/thefactoryconceptstore.com\/fr\/wp-json\/wp\/v2\/product\/10824\/revisions\/10958"}],"wp:featuredmedia":[{"embeddable":true,"href":"https:\/\/thefactoryconceptstore.com\/fr\/wp-json\/wp\/v2\/media\/10825"}],"wp:attachment":[{"href":"https:\/\/thefactoryconceptstore.com\/fr\/wp-json\/wp\/v2\/media?parent=10824"}],"wp:term":[{"taxonomy":"product_brand","embeddable":true,"href":"https:\/\/thefactoryconceptstore.com\/fr\/wp-json\/wp\/v2\/product_brand?post=10824"},{"taxonomy":"product_cat","embeddable":true,"href":"https:\/\/thefactoryconceptstore.com\/fr\/wp-json\/wp\/v2\/product_cat?post=10824"},{"taxonomy":"product_tag","embeddable":true,"href":"https:\/\/thefactoryconceptstore.com\/fr\/wp-json\/wp\/v2\/product_tag?post=10824"}],"curies":[{"name":"wp","href":"https:\/\/api.w.org\/{rel}","templated":true}]}}