{"id":10818,"date":"2023-05-29T12:40:06","date_gmt":"2023-05-29T10:40:06","guid":{"rendered":"https:\/\/thefactoryconceptstore.com\/?post_type=product&#038;p=10818"},"modified":"2024-12-03T17:05:48","modified_gmt":"2024-12-03T16:05:48","slug":"bearbrick-thirty-six-views-of-mont-fuji-400-100","status":"publish","type":"product","link":"https:\/\/thefactoryconceptstore.com\/fr\/products\/bearbrick-thirty-six-views-of-mont-fuji-400-100\/","title":{"rendered":"BE@RBRICK TRENTE-SIX VUES DU MONT FUJI 400% 100% 2022"},"content":{"rendered":"<p>Be@rbrick Trente-six vues du Mont Fuji : Belle journ\u00e9e de brise.400% 100% 2022<\/p>\n<p>\"Trente-six vues du mont Fuji \"Gaifu Kaisei\" est repr\u00e9sentatif de la s\u00e9rie des Trente-six vues du mont Fuji. Les donn\u00e9es imprim\u00e9es \u00e0 l'eau 100% &amp; 400% Be@brick de la collection du mus\u00e9e Sumida Hokusai sont maintenant disponibles !<\/p>\n<p>Dans le cadre de l'exposition medicom toy 2022, il \u00e9tait disponible par tirage au sort !<\/p>\n<p>Medicom Toy utilise la technologie du transfert d'eau pour garantir un placement unique de l'impression sur chaque Be@rbrick. Cela signifie que chaque Be@rbrick sera sp\u00e9ciale et unique.<\/p>","protected":false},"excerpt":{"rendered":"<p>Be@rbrick Trente-six vues du Mont Fuji : Fine Breezy Day.400% 100% 2022 \"Thirty-six Views of Mt. \"Gaifu Kaisei\" est repr\u00e9sentatif de la s\u00e9rie Thirty-six Views of Mt.Fuji. Les donn\u00e9es imprim\u00e9es \u00e0 l'eau 100% &amp; 400% Be@brick de la collection du mus\u00e9e Sumida Hokusai sont d\u00e9sormais disponibles ! Dans le cadre de l'exposition medicom toy 2022, elle \u00e9tait disponible par tirage au sort ! Medicom ...<\/p>\n<p class=\"read-more\"> <a class=\"\" href=\"https:\/\/thefactoryconceptstore.com\/fr\/products\/bearbrick-thirty-six-views-of-mont-fuji-400-100\/\"> <span class=\"screen-reader-text\">BE@RBRICK TRENTE-SIX VUES DU MONT FUJI 400% 100% 2022<\/span> Lire la suite \"<\/a><\/p>","protected":false},"featured_media":10819,"template":"","meta":{"site-sidebar-layout":"default","site-content-layout":"default","ast-global-header-display":"","ast-banner-title-visibility":"","ast-main-header-display":"","ast-hfb-above-header-display":"","ast-hfb-below-header-display":"","ast-hfb-mobile-header-display":"","site-post-title":"","ast-breadcrumbs-content":"","ast-featured-img":"","footer-sml-layout":"","theme-transparent-header-meta":"default","adv-header-id-meta":"","stick-header-meta":"","header-above-stick-meta":"","header-main-stick-meta":"","header-below-stick-meta":""},"product_brand":[],"product_cat":[33],"product_tag":[],"class_list":{"0":"post-10818","1":"product","2":"type-product","3":"status-publish","4":"has-post-thumbnail","6":"product_cat-bearbrick","7":"desktop-align-left","8":"tablet-align-left","9":"mobile-align-left","11":"first","12":"instock","13":"shipping-taxable","14":"purchasable","15":"product-type-simple"},"_links":{"self":[{"href":"https:\/\/thefactoryconceptstore.com\/fr\/wp-json\/wp\/v2\/product\/10818","targetHints":{"allow":["GET"]}}],"collection":[{"href":"https:\/\/thefactoryconceptstore.com\/fr\/wp-json\/wp\/v2\/product"}],"about":[{"href":"https:\/\/thefactoryconceptstore.com\/fr\/wp-json\/wp\/v2\/types\/product"}],"version-history":[{"count":5,"href":"https:\/\/thefactoryconceptstore.com\/fr\/wp-json\/wp\/v2\/product\/10818\/revisions"}],"predecessor-version":[{"id":10959,"href":"https:\/\/thefactoryconceptstore.com\/fr\/wp-json\/wp\/v2\/product\/10818\/revisions\/10959"}],"wp:featuredmedia":[{"embeddable":true,"href":"https:\/\/thefactoryconceptstore.com\/fr\/wp-json\/wp\/v2\/media\/10819"}],"wp:attachment":[{"href":"https:\/\/thefactoryconceptstore.com\/fr\/wp-json\/wp\/v2\/media?parent=10818"}],"wp:term":[{"taxonomy":"product_brand","embeddable":true,"href":"https:\/\/thefactoryconceptstore.com\/fr\/wp-json\/wp\/v2\/product_brand?post=10818"},{"taxonomy":"product_cat","embeddable":true,"href":"https:\/\/thefactoryconceptstore.com\/fr\/wp-json\/wp\/v2\/product_cat?post=10818"},{"taxonomy":"product_tag","embeddable":true,"href":"https:\/\/thefactoryconceptstore.com\/fr\/wp-json\/wp\/v2\/product_tag?post=10818"}],"curies":[{"name":"wp","href":"https:\/\/api.w.org\/{rel}","templated":true}]}}