{"id":10812,"date":"2023-05-29T12:34:25","date_gmt":"2023-05-29T10:34:25","guid":{"rendered":"https:\/\/thefactoryconceptstore.com\/?post_type=product&#038;p=10812"},"modified":"2024-12-03T17:06:44","modified_gmt":"2024-12-03T16:06:44","slug":"bearbrick-the-rolling-stones-400-100","status":"publish","type":"product","link":"https:\/\/thefactoryconceptstore.com\/fr\/products\/bearbrick-the-rolling-stones-400-100\/","title":{"rendered":"BE@RBRICK THE ROLLING STONES 400% 100% 2022"},"content":{"rendered":"<p>BE@RBRICK THE ROLLING STONES 400% 100% 2022<\/p>\n<p>Le groupe de rock l\u00e9gendaire The Rolling Stones collabore avec Medicom Toy sur une nouvelle Be@rbrick.<\/p>\n<p>\u00c9galement connu sous le nom de logo Hot Lips, il a \u00e9t\u00e9 con\u00e7u par le dessinateur anglais John Pasche pour le groupe de rock The Rolling Stones en 1970. Il a \u00e9t\u00e9 qualifi\u00e9 de logo le plus c\u00e9l\u00e8bre de l'histoire de la musique populaire.<\/p>\n<p>Le logo est rest\u00e9 sur tous les albums et singles des Rolling Stones post\u00e9rieurs \u00e0 1970, ainsi que sur les produits d\u00e9riv\u00e9s et les d\u00e9cors de sc\u00e8ne du groupe.<\/p>\n<p>Medicom Toy utilise la technologie du transfert d'eau pour garantir un placement unique de l'impression sur chaque Be@rbrick. Cela signifie que chaque Be@rbrick sera sp\u00e9ciale et unique.<\/p>","protected":false},"excerpt":{"rendered":"<p>BE@RBRICK THE ROLLING STONES 400% 100% 2022 Le l\u00e9gendaire groupe de rock The Rolling Stones collabore avec Medicom Toy sur une nouvelle Be@rbrick. \u00c9galement connu sous le nom de logo Hot Lips, il a \u00e9t\u00e9 con\u00e7u par le designer anglais John Pasche pour le groupe de rock The Rolling Stones en 1970. Il a \u00e9t\u00e9 qualifi\u00e9 de logo le plus c\u00e9l\u00e8bre de ...<\/p>\n<p class=\"read-more\"> <a class=\"\" href=\"https:\/\/thefactoryconceptstore.com\/fr\/products\/bearbrick-the-rolling-stones-400-100\/\"> <span class=\"screen-reader-text\">BE@RBRICK THE ROLLING STONES 400% 100% 2022<\/span> Lire la suite \"<\/a><\/p>","protected":false},"featured_media":10813,"template":"","meta":{"site-sidebar-layout":"default","site-content-layout":"default","ast-global-header-display":"","ast-banner-title-visibility":"","ast-main-header-display":"","ast-hfb-above-header-display":"","ast-hfb-below-header-display":"","ast-hfb-mobile-header-display":"","site-post-title":"","ast-breadcrumbs-content":"","ast-featured-img":"","footer-sml-layout":"","theme-transparent-header-meta":"default","adv-header-id-meta":"","stick-header-meta":"","header-above-stick-meta":"","header-main-stick-meta":"","header-below-stick-meta":""},"product_brand":[],"product_cat":[33],"product_tag":[],"class_list":{"0":"post-10812","1":"product","2":"type-product","3":"status-publish","4":"has-post-thumbnail","6":"product_cat-bearbrick","7":"desktop-align-left","8":"tablet-align-left","9":"mobile-align-left","11":"first","12":"outofstock","13":"shipping-taxable","14":"purchasable","15":"product-type-simple"},"_links":{"self":[{"href":"https:\/\/thefactoryconceptstore.com\/fr\/wp-json\/wp\/v2\/product\/10812","targetHints":{"allow":["GET"]}}],"collection":[{"href":"https:\/\/thefactoryconceptstore.com\/fr\/wp-json\/wp\/v2\/product"}],"about":[{"href":"https:\/\/thefactoryconceptstore.com\/fr\/wp-json\/wp\/v2\/types\/product"}],"version-history":[{"count":3,"href":"https:\/\/thefactoryconceptstore.com\/fr\/wp-json\/wp\/v2\/product\/10812\/revisions"}],"predecessor-version":[{"id":10960,"href":"https:\/\/thefactoryconceptstore.com\/fr\/wp-json\/wp\/v2\/product\/10812\/revisions\/10960"}],"wp:featuredmedia":[{"embeddable":true,"href":"https:\/\/thefactoryconceptstore.com\/fr\/wp-json\/wp\/v2\/media\/10813"}],"wp:attachment":[{"href":"https:\/\/thefactoryconceptstore.com\/fr\/wp-json\/wp\/v2\/media?parent=10812"}],"wp:term":[{"taxonomy":"product_brand","embeddable":true,"href":"https:\/\/thefactoryconceptstore.com\/fr\/wp-json\/wp\/v2\/product_brand?post=10812"},{"taxonomy":"product_cat","embeddable":true,"href":"https:\/\/thefactoryconceptstore.com\/fr\/wp-json\/wp\/v2\/product_cat?post=10812"},{"taxonomy":"product_tag","embeddable":true,"href":"https:\/\/thefactoryconceptstore.com\/fr\/wp-json\/wp\/v2\/product_tag?post=10812"}],"curies":[{"name":"wp","href":"https:\/\/api.w.org\/{rel}","templated":true}]}}