{"id":10800,"date":"2023-05-29T12:20:55","date_gmt":"2023-05-29T10:20:55","guid":{"rendered":"https:\/\/thefactoryconceptstore.com\/?post_type=product&#038;p=10800"},"modified":"2023-06-09T22:24:29","modified_gmt":"2023-06-09T20:24:29","slug":"bearbrick-the-batman-400-100","status":"publish","type":"product","link":"https:\/\/thefactoryconceptstore.com\/fr\/products\/bearbrick-the-batman-400-100\/","title":{"rendered":"BE@RBRICK THE BATMAN 400% 100% 2022"},"content":{"rendered":"<p>BE@RBRICK THE BATMAN 400% 100% 2022<\/p>\n<p>Medicom Toy et DC Comics collaborent une fois de plus sur une superbe Batman Be@rbrick.<\/p>\n<p>Cette \u00e9dition Hush est une nouvelle version du super-h\u00e9ros de Gotham qui lutte contre le crime et qui fait son apparition sur Medicom Toy Be@rbrick.<\/p>\n<p>Il est temps de collectionner Batman du film d'animation Batman : Hush.<br \/>\nLa derni\u00e8re version du meilleur de Gotham re\u00e7oit le traitement Be@rbrick. Batman (2022) rejoint la gamme de Batman Be@rbrick de Medicom Toy \u00e0 collectionner.<\/p>","protected":false},"excerpt":{"rendered":"<p>BE@RBRICK THE BATMAN 400% 100% 2022 Medicom Toy et DC Comics collaborent une fois de plus pour cr\u00e9er une superbe Batman Be@rbrick. Cette \u00e9dition Hush est une nouvelle version du super-h\u00e9ros de Gotham qui lutte contre le crime et qui se retrouve sur la Be@rbrick de Medicom Toy. Il est temps de collectionner Batman du film d'animation Batman : Hush. La derni\u00e8re version du super-h\u00e9ros de Gotham ...<\/p>\n<p class=\"read-more\"> <a class=\"\" href=\"https:\/\/thefactoryconceptstore.com\/fr\/products\/bearbrick-the-batman-400-100\/\"> <span class=\"screen-reader-text\">BE@RBRICK THE BATMAN 400% 100% 2022<\/span> Lire la suite \"<\/a><\/p>","protected":false},"featured_media":10801,"template":"","meta":{"site-sidebar-layout":"default","site-content-layout":"default","ast-global-header-display":"","ast-banner-title-visibility":"","ast-main-header-display":"","ast-hfb-above-header-display":"","ast-hfb-below-header-display":"","ast-hfb-mobile-header-display":"","site-post-title":"","ast-breadcrumbs-content":"","ast-featured-img":"","footer-sml-layout":"","theme-transparent-header-meta":"default","adv-header-id-meta":"","stick-header-meta":"","header-above-stick-meta":"","header-main-stick-meta":"","header-below-stick-meta":""},"product_brand":[],"product_cat":[33],"product_tag":[],"class_list":{"0":"post-10800","1":"product","2":"type-product","3":"status-publish","4":"has-post-thumbnail","6":"product_cat-bearbrick","7":"desktop-align-left","8":"tablet-align-left","9":"mobile-align-left","11":"first","12":"instock","13":"shipping-taxable","14":"purchasable","15":"product-type-simple"},"_links":{"self":[{"href":"https:\/\/thefactoryconceptstore.com\/fr\/wp-json\/wp\/v2\/product\/10800","targetHints":{"allow":["GET"]}}],"collection":[{"href":"https:\/\/thefactoryconceptstore.com\/fr\/wp-json\/wp\/v2\/product"}],"about":[{"href":"https:\/\/thefactoryconceptstore.com\/fr\/wp-json\/wp\/v2\/types\/product"}],"version-history":[{"count":5,"href":"https:\/\/thefactoryconceptstore.com\/fr\/wp-json\/wp\/v2\/product\/10800\/revisions"}],"predecessor-version":[{"id":10962,"href":"https:\/\/thefactoryconceptstore.com\/fr\/wp-json\/wp\/v2\/product\/10800\/revisions\/10962"}],"wp:featuredmedia":[{"embeddable":true,"href":"https:\/\/thefactoryconceptstore.com\/fr\/wp-json\/wp\/v2\/media\/10801"}],"wp:attachment":[{"href":"https:\/\/thefactoryconceptstore.com\/fr\/wp-json\/wp\/v2\/media?parent=10800"}],"wp:term":[{"taxonomy":"product_brand","embeddable":true,"href":"https:\/\/thefactoryconceptstore.com\/fr\/wp-json\/wp\/v2\/product_brand?post=10800"},{"taxonomy":"product_cat","embeddable":true,"href":"https:\/\/thefactoryconceptstore.com\/fr\/wp-json\/wp\/v2\/product_cat?post=10800"},{"taxonomy":"product_tag","embeddable":true,"href":"https:\/\/thefactoryconceptstore.com\/fr\/wp-json\/wp\/v2\/product_tag?post=10800"}],"curies":[{"name":"wp","href":"https:\/\/api.w.org\/{rel}","templated":true}]}}