{"id":10794,"date":"2023-05-29T12:12:27","date_gmt":"2023-05-29T10:12:27","guid":{"rendered":"https:\/\/thefactoryconceptstore.com\/?post_type=product&#038;p=10794"},"modified":"2024-12-03T17:07:22","modified_gmt":"2024-12-03T16:07:22","slug":"bearbrick-soph-20-400-100","status":"publish","type":"product","link":"https:\/\/thefactoryconceptstore.com\/fr\/products\/bearbrick-soph-20-400-100\/","title":{"rendered":"BE@RBRICK SOPH 20E ANNIVERSAIRE 400% 100% 2019"},"content":{"rendered":"<p>BE@RBRICK SOPH 20E ANNIVERSAIRE 400% 100% 2019<\/p>\n<p>Pour c\u00e9l\u00e9brer les 20 ans de SOPHNET, la marque a cr\u00e9\u00e9 une collection capsule, SOPH.20, et s'est associ\u00e9e \u00e0 Medicom pour cr\u00e9er une Be@rbrick. Disponible dans les tailles 100% et 400%, l'embl\u00e9matique peluche est recouverte d'une finition noire mate et marqu\u00e9e du logo SOPH.20 \u00e0 l'avant et \u00e0 l'arri\u00e8re.<\/p>\n<p>Medicom Toy utilise la technologie du transfert d'eau pour garantir un placement unique de l'impression sur chaque Be@rbrick. Cela signifie que chaque Be@rbrick sera sp\u00e9ciale et unique.<\/p>\n<p>&nbsp;<\/p>","protected":false},"excerpt":{"rendered":"<p>BE@RBRICK SOPH 20TH ANNIVERSARY 400% 100% 2019 Pour c\u00e9l\u00e9brer les 20 ans de SOPHNET, la marque a cr\u00e9\u00e9 une collection capsule, SOPH.20, et s'est associ\u00e9e \u00e0 Medicom pour cr\u00e9er un Be@rbrick. Disponible dans les tailles 100% et 400%, l'iconique chunky teddy est rev\u00eatu d'une finition noire mate et marqu\u00e9 du logo SOPH.20 \u00e0 l'avant et \u00e0 l'arri\u00e8re. ...<\/p>\n<p class=\"read-more\"> <a class=\"\" href=\"https:\/\/thefactoryconceptstore.com\/fr\/products\/bearbrick-soph-20-400-100\/\"> <span class=\"screen-reader-text\">BE@RBRICK SOPH 20E ANNIVERSAIRE 400% 100% 2019<\/span> Lire la suite \"<\/a><\/p>","protected":false},"featured_media":10795,"template":"","meta":{"site-sidebar-layout":"default","site-content-layout":"default","ast-global-header-display":"","ast-banner-title-visibility":"","ast-main-header-display":"","ast-hfb-above-header-display":"","ast-hfb-below-header-display":"","ast-hfb-mobile-header-display":"","site-post-title":"","ast-breadcrumbs-content":"","ast-featured-img":"","footer-sml-layout":"","theme-transparent-header-meta":"default","adv-header-id-meta":"","stick-header-meta":"","header-above-stick-meta":"","header-main-stick-meta":"","header-below-stick-meta":""},"product_brand":[],"product_cat":[33],"product_tag":[],"class_list":{"0":"post-10794","1":"product","2":"type-product","3":"status-publish","4":"has-post-thumbnail","6":"product_cat-bearbrick","7":"desktop-align-left","8":"tablet-align-left","9":"mobile-align-left","11":"first","12":"instock","13":"shipping-taxable","14":"purchasable","15":"product-type-simple"},"_links":{"self":[{"href":"https:\/\/thefactoryconceptstore.com\/fr\/wp-json\/wp\/v2\/product\/10794","targetHints":{"allow":["GET"]}}],"collection":[{"href":"https:\/\/thefactoryconceptstore.com\/fr\/wp-json\/wp\/v2\/product"}],"about":[{"href":"https:\/\/thefactoryconceptstore.com\/fr\/wp-json\/wp\/v2\/types\/product"}],"version-history":[{"count":4,"href":"https:\/\/thefactoryconceptstore.com\/fr\/wp-json\/wp\/v2\/product\/10794\/revisions"}],"predecessor-version":[{"id":10964,"href":"https:\/\/thefactoryconceptstore.com\/fr\/wp-json\/wp\/v2\/product\/10794\/revisions\/10964"}],"wp:featuredmedia":[{"embeddable":true,"href":"https:\/\/thefactoryconceptstore.com\/fr\/wp-json\/wp\/v2\/media\/10795"}],"wp:attachment":[{"href":"https:\/\/thefactoryconceptstore.com\/fr\/wp-json\/wp\/v2\/media?parent=10794"}],"wp:term":[{"taxonomy":"product_brand","embeddable":true,"href":"https:\/\/thefactoryconceptstore.com\/fr\/wp-json\/wp\/v2\/product_brand?post=10794"},{"taxonomy":"product_cat","embeddable":true,"href":"https:\/\/thefactoryconceptstore.com\/fr\/wp-json\/wp\/v2\/product_cat?post=10794"},{"taxonomy":"product_tag","embeddable":true,"href":"https:\/\/thefactoryconceptstore.com\/fr\/wp-json\/wp\/v2\/product_tag?post=10794"}],"curies":[{"name":"wp","href":"https:\/\/api.w.org\/{rel}","templated":true}]}}