{"id":10788,"date":"2023-05-29T11:52:38","date_gmt":"2023-05-29T09:52:38","guid":{"rendered":"https:\/\/thefactoryconceptstore.com\/?post_type=product&#038;p=10788"},"modified":"2024-09-24T14:48:36","modified_gmt":"2024-09-24T12:48:36","slug":"bearbrick-pac-man-game-over-400-100","status":"publish","type":"product","link":"https:\/\/thefactoryconceptstore.com\/fr\/products\/bearbrick-pac-man-game-over-400-100\/","title":{"rendered":"BE@RBRICK PAC MAN GAME OVER 400% 100% 2022"},"content":{"rendered":"<p>Pac Man Game Over Medicom Toy Be@rbrick 400% 100% 2022<\/p>\n<p>La culture des jeux classiques rencontre BE\uff20RBRICK avec cette version de Pac-Man de Medicom Toy qui collabore avec les artistes Grafflex, 9090 et S.H.I.P&amp;crew ! Les deux mod\u00e8les sont respectivement remplis de vibrations arcade r\u00e9tro, y compris Pac-Man en train de manger, \"Game Over\" \u00e9crit en police pixelis\u00e9e, un symbole de bouton de pi\u00e8ce de 25 cents sur la jambe, et bien plus encore.<\/p>\n<p>Medicom Toy utilise la technologie du transfert d'eau pour garantir un placement unique de l'impression sur chaque Be@rbrick. Cela signifie que chaque Be@rbrick sera sp\u00e9ciale et unique.<\/p>","protected":false},"excerpt":{"rendered":"<p>Pac Man Game Over Medicom Toy Be@rbrick 400% 100% 2022 La culture des jeux classiques rencontre BE\uff20RBRICK avec cette version de Pac-Man de Medicom Toy qui collabore avec les artistes Grafflex, 9090 et S.H.I.P&amp;crew ! Le jeu se compose d'une s\u00e9rie de pi\u00e8ces de monnaie de 25 cents, d'un symbole de bouton de pi\u00e8ce de 25 cents et d'une s\u00e9rie de pi\u00e8ces de monnaie de 25 cents, le tout dans un style r\u00e9tro et arcade.<\/p>\n<p class=\"read-more\"> <a class=\"\" href=\"https:\/\/thefactoryconceptstore.com\/fr\/products\/bearbrick-pac-man-game-over-400-100\/\"> <span class=\"screen-reader-text\">BE@RBRICK PAC MAN GAME OVER 400% 100% 2022<\/span> Lire la suite \"<\/a><\/p>","protected":false},"featured_media":10789,"template":"","meta":{"site-sidebar-layout":"default","site-content-layout":"default","ast-global-header-display":"","ast-banner-title-visibility":"","ast-main-header-display":"","ast-hfb-above-header-display":"","ast-hfb-below-header-display":"","ast-hfb-mobile-header-display":"","site-post-title":"","ast-breadcrumbs-content":"","ast-featured-img":"","footer-sml-layout":"","theme-transparent-header-meta":"default","adv-header-id-meta":"","stick-header-meta":"","header-above-stick-meta":"","header-main-stick-meta":"","header-below-stick-meta":""},"product_brand":[],"product_cat":[33],"product_tag":[],"class_list":{"0":"post-10788","1":"product","2":"type-product","3":"status-publish","4":"has-post-thumbnail","6":"product_cat-bearbrick","7":"desktop-align-left","8":"tablet-align-left","9":"mobile-align-left","11":"first","12":"outofstock","13":"shipping-taxable","14":"purchasable","15":"product-type-simple"},"_links":{"self":[{"href":"https:\/\/thefactoryconceptstore.com\/fr\/wp-json\/wp\/v2\/product\/10788","targetHints":{"allow":["GET"]}}],"collection":[{"href":"https:\/\/thefactoryconceptstore.com\/fr\/wp-json\/wp\/v2\/product"}],"about":[{"href":"https:\/\/thefactoryconceptstore.com\/fr\/wp-json\/wp\/v2\/types\/product"}],"version-history":[{"count":4,"href":"https:\/\/thefactoryconceptstore.com\/fr\/wp-json\/wp\/v2\/product\/10788\/revisions"}],"predecessor-version":[{"id":10966,"href":"https:\/\/thefactoryconceptstore.com\/fr\/wp-json\/wp\/v2\/product\/10788\/revisions\/10966"}],"wp:featuredmedia":[{"embeddable":true,"href":"https:\/\/thefactoryconceptstore.com\/fr\/wp-json\/wp\/v2\/media\/10789"}],"wp:attachment":[{"href":"https:\/\/thefactoryconceptstore.com\/fr\/wp-json\/wp\/v2\/media?parent=10788"}],"wp:term":[{"taxonomy":"product_brand","embeddable":true,"href":"https:\/\/thefactoryconceptstore.com\/fr\/wp-json\/wp\/v2\/product_brand?post=10788"},{"taxonomy":"product_cat","embeddable":true,"href":"https:\/\/thefactoryconceptstore.com\/fr\/wp-json\/wp\/v2\/product_cat?post=10788"},{"taxonomy":"product_tag","embeddable":true,"href":"https:\/\/thefactoryconceptstore.com\/fr\/wp-json\/wp\/v2\/product_tag?post=10788"}],"curies":[{"name":"wp","href":"https:\/\/api.w.org\/{rel}","templated":true}]}}