{"id":10782,"date":"2023-05-29T11:45:59","date_gmt":"2023-05-29T09:45:59","guid":{"rendered":"https:\/\/thefactoryconceptstore.com\/?post_type=product&#038;p=10782"},"modified":"2024-12-03T17:07:45","modified_gmt":"2024-12-03T16:07:45","slug":"bearbrick-beetle-bates-mansion-psycho-400-100","status":"publish","type":"product","link":"https:\/\/thefactoryconceptstore.com\/fr\/products\/bearbrick-beetle-bates-mansion-psycho-400-100\/","title":{"rendered":"BE@RBRICK BEETLE BATES MANSION (PSYCHO) 400% 100% 2022"},"content":{"rendered":"<p>BE@RBRICK BEETLE BATES MANSION (PSYCHO) 400% 100% 2022<\/p>\n<p>Cette Be@rbrick est inspir\u00e9e de Psycho, film am\u00e9ricain \u00e0 suspense et thriller psychologique, sorti en 1960, r\u00e9alis\u00e9 par Alfred Hitchcock et librement inspir\u00e9 des meurtres r\u00e9els d'Ed Gein, meurtrier en s\u00e9rie du Wisconsin.<\/p>\n<p>La House by the Railroad a \u00e9t\u00e9 acquise par le MoMA en 1930, o\u00f9 elle se trouve encore aujourd'hui. La maison de Psychose se trouve toujours sur le terrain des studios Universal et constitue une attraction tr\u00e8s populaire lors des visites guid\u00e9es. Mais, bien s\u00fbr, vous pouvez voir le manoir des Bates \u00e0 tout moment en allumant l'un des plus grands films d'horreur de tous les temps.<\/p>\n<p>Medicom toy utilise la technologie de transfert d'eau pour garantir un placement unique de l'impression sur chaque Be@rbrick. Cela signifie que chaque Be@rbrick sera sp\u00e9ciale et unique.<\/p>","protected":false},"excerpt":{"rendered":"<p>BE@RBRICK BEETLE BATES MANSION (PSYCHO) 400% 100% 2022 Ce Be@rbrick est inspir\u00e9 de Psycho, film am\u00e9ricain \u00e0 suspense et thriller psychologique, sorti en 1960, r\u00e9alis\u00e9 par Alfred Hitchcock et librement inspir\u00e9 des meurtres r\u00e9els du meurtrier en s\u00e9rie du Wisconsin Ed Gein. La Maison pr\u00e8s du chemin de fer a \u00e9t\u00e9 acquise par le MoMA en 1930, ...<\/p>\n<p class=\"read-more\"> <a class=\"\" href=\"https:\/\/thefactoryconceptstore.com\/fr\/products\/bearbrick-beetle-bates-mansion-psycho-400-100\/\"> <span class=\"screen-reader-text\">BE@RBRICK BEETLE BATES MANSION (PSYCHO) 400% 100% 2022<\/span> Lire la suite \"<\/a><\/p>","protected":false},"featured_media":10783,"template":"","meta":{"site-sidebar-layout":"default","site-content-layout":"default","ast-global-header-display":"","ast-banner-title-visibility":"","ast-main-header-display":"","ast-hfb-above-header-display":"","ast-hfb-below-header-display":"","ast-hfb-mobile-header-display":"","site-post-title":"","ast-breadcrumbs-content":"","ast-featured-img":"","footer-sml-layout":"","theme-transparent-header-meta":"default","adv-header-id-meta":"","stick-header-meta":"","header-above-stick-meta":"","header-main-stick-meta":"","header-below-stick-meta":""},"product_brand":[],"product_cat":[33],"product_tag":[],"class_list":{"0":"post-10782","1":"product","2":"type-product","3":"status-publish","4":"has-post-thumbnail","6":"product_cat-bearbrick","7":"desktop-align-left","8":"tablet-align-left","9":"mobile-align-left","11":"first","12":"instock","13":"shipping-taxable","14":"purchasable","15":"product-type-simple"},"_links":{"self":[{"href":"https:\/\/thefactoryconceptstore.com\/fr\/wp-json\/wp\/v2\/product\/10782","targetHints":{"allow":["GET"]}}],"collection":[{"href":"https:\/\/thefactoryconceptstore.com\/fr\/wp-json\/wp\/v2\/product"}],"about":[{"href":"https:\/\/thefactoryconceptstore.com\/fr\/wp-json\/wp\/v2\/types\/product"}],"version-history":[{"count":6,"href":"https:\/\/thefactoryconceptstore.com\/fr\/wp-json\/wp\/v2\/product\/10782\/revisions"}],"predecessor-version":[{"id":10967,"href":"https:\/\/thefactoryconceptstore.com\/fr\/wp-json\/wp\/v2\/product\/10782\/revisions\/10967"}],"wp:featuredmedia":[{"embeddable":true,"href":"https:\/\/thefactoryconceptstore.com\/fr\/wp-json\/wp\/v2\/media\/10783"}],"wp:attachment":[{"href":"https:\/\/thefactoryconceptstore.com\/fr\/wp-json\/wp\/v2\/media?parent=10782"}],"wp:term":[{"taxonomy":"product_brand","embeddable":true,"href":"https:\/\/thefactoryconceptstore.com\/fr\/wp-json\/wp\/v2\/product_brand?post=10782"},{"taxonomy":"product_cat","embeddable":true,"href":"https:\/\/thefactoryconceptstore.com\/fr\/wp-json\/wp\/v2\/product_cat?post=10782"},{"taxonomy":"product_tag","embeddable":true,"href":"https:\/\/thefactoryconceptstore.com\/fr\/wp-json\/wp\/v2\/product_tag?post=10782"}],"curies":[{"name":"wp","href":"https:\/\/api.w.org\/{rel}","templated":true}]}}