{"id":10775,"date":"2023-05-29T11:42:28","date_gmt":"2023-05-29T09:42:28","guid":{"rendered":"https:\/\/thefactoryconceptstore.com\/?post_type=product&#038;p=10775"},"modified":"2024-12-03T17:08:14","modified_gmt":"2024-12-03T16:08:14","slug":"bearbrick-wonder-women-400","status":"publish","type":"product","link":"https:\/\/thefactoryconceptstore.com\/fr\/products\/bearbrick-wonder-women-400\/","title":{"rendered":"BE@RBRICK WONDER WOMEN 400% 2021"},"content":{"rendered":"<p>BE@RBRICK Wonder Woman 400% 2021<\/p>\n<p>Wonder Woman, v\u00eatue de son armure d'or dans \"Wonder Woman 1984\", re\u00e7oit le traitement Be@rbrick dans une taille de 400% (280mm) ! Apparue dans la mini-s\u00e9rie \"Kingdom Come\" et rendue vivante par la costumi\u00e8re Lindy Hemming dans le film de 2020, l'armure d'or reste en r\u00e9serve pour les batailles les plus intenses, \u00e0 la fois sur papier et \u00e0 l'\u00e9cran.<\/p>\n<p>Cheveux d'\u00e9b\u00e8ne au vent, elle s'impose en 400% Bearbrick, figurine reprenant son r\u00f4le dans le film Wonderwoman 1984 incarn\u00e9 par Gal Gadot.<\/p>\n<p>Medicom toy utilise la technologie de transfert d'eau pour garantir un placement unique de l'impression sur chaque Be@rbrick. Cela signifie que chaque Be@rbrick sera sp\u00e9ciale et unique.<\/p>","protected":false},"excerpt":{"rendered":"<p>BE@RBRICK Wonder Woman 400% 2021 Wonder Woman, v\u00eatue de l'armure d'or de \"Wonder Woman 1984\", re\u00e7oit le traitement Be@rbrick dans une taille de 400% (280 mm) ! Apparue dans la mini-s\u00e9rie \"Kingdom Come\", et anim\u00e9e par la costumi\u00e8re Lindy Hemming dans le film de 2020, l'Armure d'Or reste en r\u00e9serve pour les batailles les plus intenses, \u00e0 la fois ...<\/p>\n<p class=\"read-more\"> <a class=\"\" href=\"https:\/\/thefactoryconceptstore.com\/fr\/products\/bearbrick-wonder-women-400\/\"> <span class=\"screen-reader-text\">BE@RBRICK WONDER WOMEN 400% 2021<\/span> Lire la suite \"<\/a><\/p>","protected":false},"featured_media":10776,"template":"","meta":{"site-sidebar-layout":"default","site-content-layout":"default","ast-global-header-display":"","ast-banner-title-visibility":"","ast-main-header-display":"","ast-hfb-above-header-display":"","ast-hfb-below-header-display":"","ast-hfb-mobile-header-display":"","site-post-title":"","ast-breadcrumbs-content":"","ast-featured-img":"","footer-sml-layout":"","theme-transparent-header-meta":"default","adv-header-id-meta":"","stick-header-meta":"","header-above-stick-meta":"","header-main-stick-meta":"","header-below-stick-meta":""},"product_brand":[],"product_cat":[33],"product_tag":[],"class_list":{"0":"post-10775","1":"product","2":"type-product","3":"status-publish","4":"has-post-thumbnail","6":"product_cat-bearbrick","7":"desktop-align-left","8":"tablet-align-left","9":"mobile-align-left","11":"first","12":"outofstock","13":"shipping-taxable","14":"purchasable","15":"product-type-simple"},"_links":{"self":[{"href":"https:\/\/thefactoryconceptstore.com\/fr\/wp-json\/wp\/v2\/product\/10775","targetHints":{"allow":["GET"]}}],"collection":[{"href":"https:\/\/thefactoryconceptstore.com\/fr\/wp-json\/wp\/v2\/product"}],"about":[{"href":"https:\/\/thefactoryconceptstore.com\/fr\/wp-json\/wp\/v2\/types\/product"}],"version-history":[{"count":4,"href":"https:\/\/thefactoryconceptstore.com\/fr\/wp-json\/wp\/v2\/product\/10775\/revisions"}],"predecessor-version":[{"id":10968,"href":"https:\/\/thefactoryconceptstore.com\/fr\/wp-json\/wp\/v2\/product\/10775\/revisions\/10968"}],"wp:featuredmedia":[{"embeddable":true,"href":"https:\/\/thefactoryconceptstore.com\/fr\/wp-json\/wp\/v2\/media\/10776"}],"wp:attachment":[{"href":"https:\/\/thefactoryconceptstore.com\/fr\/wp-json\/wp\/v2\/media?parent=10775"}],"wp:term":[{"taxonomy":"product_brand","embeddable":true,"href":"https:\/\/thefactoryconceptstore.com\/fr\/wp-json\/wp\/v2\/product_brand?post=10775"},{"taxonomy":"product_cat","embeddable":true,"href":"https:\/\/thefactoryconceptstore.com\/fr\/wp-json\/wp\/v2\/product_cat?post=10775"},{"taxonomy":"product_tag","embeddable":true,"href":"https:\/\/thefactoryconceptstore.com\/fr\/wp-json\/wp\/v2\/product_tag?post=10775"}],"curies":[{"name":"wp","href":"https:\/\/api.w.org\/{rel}","templated":true}]}}